{"id":26,"date":"2014-09-18T12:24:32","date_gmt":"2014-09-18T11:24:32","guid":{"rendered":"http:\/\/agora.xtec.cat\/ceipolvan\/?page_id=26"},"modified":"2023-06-06T16:49:54","modified_gmt":"2023-06-06T14:49:54","slug":"historia","status":"publish","type":"page","link":"https:\/\/agora.xtec.cat\/ceipolvan\/escola\/historia\/","title":{"rendered":"Hist\u00f2ria"},"content":{"rendered":"<p>Quan es varen celebrar els 40 anys de l&#8217;Escola es va editar un llibre,&#8221;la nostra hist\u00f2ria&#8221;, podeu veure&#8217;l a l&#8217;enlla\u00e7:<\/p>\n<p><strong><span style=\"color: #ff6600;\"><a style=\"color: #ff6600;\" href=\"http:\/\/agora.xtec.cat\/ceipolvan\/wp-content\/uploads\/usu865\/2014\/09\/hist\u00f2ria-escola.pdf\" rel=\"\">TEXT 40\u00e8 ANIVERSARI<\/a><\/span><\/strong><\/p>\n<p>Per si voleu consultar altres anys de l&#8217;escola us deixem l&#8217;enlla\u00e7 de l&#8217;antiga p\u00e0gina web i dels blocs dels cursos anteriors a 2020.<\/p>\n<table style=\"height: 56px; border-style: solid; width: 521px; border-color: #fa9a00; background-color: #a9eb8a;\" width=\"521\">\n<tbody>\n<tr>\n<td style=\"width: 256.5px; text-align: center;\"><strong><span style=\"color: #ff6600;\"><a style=\"color: #ff6600;\" href=\"http:\/\/www.xtec.cat\/ceipolvan\/\">Antiga WEB escola<\/a><\/span><\/strong><\/td>\n<td style=\"width: 256.5px; text-align: center;\"><a href=\"https:\/\/docs.google.com\/document\/d\/1_0vgQPwasrJ-TPKEA-SiJyMZbPFwLV0ZdOK-Nwb9Oyk\/edit\" target=\"_blank\" rel=\"noopener noreferrer\"><span style=\"color: #ff6600;\"><strong>Blocs cursos anteriors<\/strong><\/span><\/a><\/td>\n<\/tr>\n<\/tbody>\n<\/table>\n<p>&nbsp;<\/p>\n<p><img loading=\"lazy\" decoding=\"async\" class=\"aligncenter\" src=\"https:\/\/s-media-cache-ak0.pinimg.com\/736x\/ce\/af\/99\/ceaf994dd9f1f6684152bf99d399c45b.jpg\" alt=\"\" width=\"345\" height=\"244\" \/><\/p>\n","protected":false},"excerpt":{"rendered":"<p>Quan es varen celebrar els 40 anys de l&#8217;Escola es va editar un llibre,&#8221;la nostra hist\u00f2ria&#8221;, podeu veure&#8217;l a l&#8217;enlla\u00e7: TEXT 40\u00e8 ANIVERSARI Per si voleu consultar altres anys de l&#8217;escola us deixem l&#8217;enlla\u00e7 de l&#8217;antiga p\u00e0gina web i dels blocs dels cursos anteriors a 2020. Antiga WEB escola Blocs cursos anteriors &nbsp;<\/p>\n","protected":false},"author":1,"featured_media":0,"parent":255,"menu_order":20,"comment_status":"closed","ping_status":"closed","template":"","meta":{"_bbp_topic_count":0,"_bbp_reply_count":0,"_bbp_total_topic_count":0,"_bbp_total_reply_count":0,"_bbp_voice_count":0,"_bbp_anonymous_reply_count":0,"_bbp_topic_count_hidden":0,"_bbp_reply_count_hidden":0,"_bbp_forum_subforum_count":0,"site-sidebar-layout":"default","site-content-layout":"","ast-site-content-layout":"","site-content-style":"default","site-sidebar-style":"default","ast-global-header-display":"","ast-banner-title-visibility":"","ast-main-header-display":"","ast-hfb-above-header-display":"","ast-hfb-below-header-display":"","ast-hfb-mobile-header-display":"","site-post-title":"","ast-breadcrumbs-content":"","ast-featured-img":"","footer-sml-layout":"","theme-transparent-header-meta":"","adv-header-id-meta":"","stick-header-meta":"","header-above-stick-meta":"","header-main-stick-meta":"","header-below-stick-meta":"","astra-migrate-meta-layouts":"default","ast-page-background-enabled":"default","ast-page-background-meta":{"desktop":{"background-color":"var(--ast-global-color-4)","background-image":"","background-repeat":"repeat","background-position":"center center","background-size":"auto","background-attachment":"scroll","background-type":"","background-media":"","overlay-type":"","overlay-color":"","overlay-opacity":"","overlay-gradient":""},"tablet":{"background-color":"","background-image":"","background-repeat":"repeat","background-position":"center center","background-size":"auto","background-attachment":"scroll","background-type":"","background-media":"","overlay-type":"","overlay-color":"","overlay-opacity":"","overlay-gradient":""},"mobile":{"background-color":"","background-image":"","background-repeat":"repeat","background-position":"center center","background-size":"auto","background-attachment":"scroll","background-type":"","background-media":"","overlay-type":"","overlay-color":"","overlay-opacity":"","overlay-gradient":""}},"ast-content-background-meta":{"desktop":{"background-color":"var(--ast-global-color-5)","background-image":"","background-repeat":"repeat","background-position":"center center","background-size":"auto","background-attachment":"scroll","background-type":"","background-media":"","overlay-type":"","overlay-color":"","overlay-opacity":"","overlay-gradient":""},"tablet":{"background-color":"var(--ast-global-color-5)","background-image":"","background-repeat":"repeat","background-position":"center center","background-size":"auto","background-attachment":"scroll","background-type":"","background-media":"","overlay-type":"","overlay-color":"","overlay-opacity":"","overlay-gradient":""},"mobile":{"background-color":"var(--ast-global-color-5)","background-image":"","background-repeat":"repeat","background-position":"center center","background-size":"auto","background-attachment":"scroll","background-type":"","background-media":"","overlay-type":"","overlay-color":"","overlay-opacity":"","overlay-gradient":""}},"footnotes":""},"class_list":["post-26","page","type-page","status-publish","hentry"],"post_mailing_queue_ids":[],"_links":{"self":[{"href":"https:\/\/agora.xtec.cat\/ceipolvan\/wp-json\/wp\/v2\/pages\/26","targetHints":{"allow":["GET"]}}],"collection":[{"href":"https:\/\/agora.xtec.cat\/ceipolvan\/wp-json\/wp\/v2\/pages"}],"about":[{"href":"https:\/\/agora.xtec.cat\/ceipolvan\/wp-json\/wp\/v2\/types\/page"}],"author":[{"embeddable":true,"href":"https:\/\/agora.xtec.cat\/ceipolvan\/wp-json\/wp\/v2\/users\/1"}],"replies":[{"embeddable":true,"href":"https:\/\/agora.xtec.cat\/ceipolvan\/wp-json\/wp\/v2\/comments?post=26"}],"version-history":[{"count":3,"href":"https:\/\/agora.xtec.cat\/ceipolvan\/wp-json\/wp\/v2\/pages\/26\/revisions"}],"predecessor-version":[{"id":3675,"href":"https:\/\/agora.xtec.cat\/ceipolvan\/wp-json\/wp\/v2\/pages\/26\/revisions\/3675"}],"up":[{"embeddable":true,"href":"https:\/\/agora.xtec.cat\/ceipolvan\/wp-json\/wp\/v2\/pages\/255"}],"wp:attachment":[{"href":"https:\/\/agora.xtec.cat\/ceipolvan\/wp-json\/wp\/v2\/media?parent=26"}],"curies":[{"name":"wp","href":"https:\/\/api.w.org\/{rel}","templated":true}]}}