{"id":628,"date":"2017-09-01T12:53:06","date_gmt":"2017-09-01T10:53:06","guid":{"rendered":"http:\/\/agora.xtec.cat\/ceipolivarvell\/?page_id=628"},"modified":"2026-02-11T13:26:59","modified_gmt":"2026-02-11T12:26:59","slug":"equip-docent","status":"publish","type":"page","link":"https:\/\/agora.xtec.cat\/ceipolivarvell\/equip-docent\/","title":{"rendered":"EQUIP DE L&#8217;OLIVAR VELL"},"content":{"rendered":"\n<p class=\"has-text-align-center\">&nbsp; &nbsp; &nbsp; &nbsp; &nbsp; &nbsp;<strong> &nbsp; &nbsp; &nbsp; &nbsp; CURS 2025-2026<\/strong><\/p>\n\n\n\n<figure class=\"wp-block-table alignwide\"><table><tbody><tr><td colspan=\"2\"><strong>EQUIP DIRECTIU<\/strong><\/td><\/tr><tr><td>XAVIER VIL\u00c0<\/td><td>DIRECTOR<\/td><\/tr><tr><td>RAQUEL MAYORGA<\/td><td>CAP D&#8217;ESTUDIS<\/td><\/tr><tr><td>CRISTINA MOLINA<\/td><td>SECRET\u00c0RIA<\/td><\/tr><\/tbody><\/table><\/figure>\n\n\n\n<figure class=\"wp-block-table alignwide\"><table><tbody><tr><td colspan=\"2\"><strong>EQUIP DE MESTRES<\/strong><br><br>&#8211; JUDIT BATLLE<br>&#8211; GEMMA PLANAS<br>&#8211; IMMA REGINC\u00d3S<br>&#8211; DUNIA SAMPONS<br>&#8211; DAVID RODR\u00cdGUEZ<br>&#8211; JORDI MUR<br>&#8211; POL SERRAT<br>&#8211; MARC BOIX<br>&#8211; ANA CASTRO (Anna Prunella)<br>&#8211; IMMA GISPERT <br>&#8211; BET MESTRE<br>&#8211; LUPE GARCIA<br>&#8211; CRISTINA MOLINA<br>&#8211; RAQUEL MAYORGA<br>&#8211; XAVIER VIL\u00c0<br><\/td><\/tr><\/tbody><\/table><\/figure>\n\n\n\n<figure class=\"wp-block-table alignwide\"><table><tbody><tr><td colspan=\"2\"><p style=\"text-align: center;\"><strong>ESPECIALISTES<\/strong><\/p><\/td><\/tr><tr><td>LUPE GARCIA<br>ANA CASTRO<\/td><td>ANGL\u00c8S<\/td><\/tr><tr><td>DAVID RODR\u00cdGUEZ<\/td><td>EDUCACI\u00d3 F\u00cdSICA<\/td><\/tr><tr><td>BET MESTRE<\/td><td>M\u00daSICA<\/td><\/tr><tr><td>&nbsp;JORDI MUR<\/td><td>&nbsp;EDUCACI\u00d3 ESPECIAL<\/td><\/tr><\/tbody><\/table><\/figure>\n\n\n\n<figure class=\"wp-block-table alignwide\"><table><tbody><tr><td colspan=\"2\"><br><p style=\"text-align: center;\">ALTRE PERSONAL CENTRE<\/p><\/td><\/tr><tr><td>LAURA GARCIA<\/td><td class=\"has-text-align-left\" data-align=\"left\">EAP<\/td><\/tr><tr><td>MONTSE CONTRERAS<\/td><td class=\"has-text-align-left\" data-align=\"left\">VETLLADORA<\/td><\/tr><tr><td colspan=\"2\">&nbsp;<\/td><\/tr><tr><td>AMOR P\u00c9REZ<\/td><td class=\"has-text-align-left\" data-align=\"left\">RESPONSABLE MENJADOR<\/td><\/tr><tr><td>GR\u00c0CIA TORREJ\u00d3N<\/td><td class=\"has-text-align-left\" data-align=\"left\">MONITORA MENJADOR<\/td><\/tr><tr><td colspan=\"2\">&nbsp;<\/td><\/tr><tr><td>CLARA RANGEL<\/td><td class=\"has-text-align-left\" data-align=\"left\">CONSERGE<\/td><\/tr><\/tbody><\/table><\/figure>\n","protected":false},"excerpt":{"rendered":"<p>&nbsp; &nbsp; &nbsp; &nbsp; &nbsp; &nbsp; &nbsp; &nbsp; &nbsp; &nbsp; CURS 2025-2026 EQUIP DIRECTIU XAVIER VIL\u00c0 DIRECTOR RAQUEL MAYORGA CAP D&#8217;ESTUDIS CRISTINA MOLINA SECRET\u00c0RIA EQUIP DE MESTRES &#8211; JUDIT BATLLE&#8211; GEMMA PLANAS&#8211; IMMA REGINC\u00d3S&#8211; DUNIA SAMPONS&#8211; DAVID RODR\u00cdGUEZ&#8211; JORDI MUR&#8211; POL SERRAT&#8211; MARC BOIX&#8211; ANA CASTRO (Anna Prunella)&#8211; IMMA GISPERT &#8211; BET MESTRE&#8211; LUPE GARCIA&#8211; [&hellip;]<\/p>\n","protected":false},"author":1,"featured_media":0,"parent":0,"menu_order":0,"comment_status":"closed","ping_status":"closed","template":"","meta":{"site-sidebar-layout":"default","site-content-layout":"","ast-site-content-layout":"default","site-content-style":"default","site-sidebar-style":"default","ast-global-header-display":"","ast-banner-title-visibility":"","ast-main-header-display":"","ast-hfb-above-header-display":"","ast-hfb-below-header-display":"","ast-hfb-mobile-header-display":"","site-post-title":"","ast-breadcrumbs-content":"","ast-featured-img":"","footer-sml-layout":"","theme-transparent-header-meta":"","adv-header-id-meta":"","stick-header-meta":"","header-above-stick-meta":"","header-main-stick-meta":"","header-below-stick-meta":"","astra-migrate-meta-layouts":"set","ast-page-background-enabled":"default","ast-page-background-meta":{"desktop":{"background-color":"var(--ast-global-color-4)","background-image":"","background-repeat":"repeat","background-position":"center center","background-size":"auto","background-attachment":"scroll","background-type":"","background-media":"","overlay-type":"","overlay-color":"","overlay-opacity":"","overlay-gradient":""},"tablet":{"background-color":"","background-image":"","background-repeat":"repeat","background-position":"center center","background-size":"auto","background-attachment":"scroll","background-type":"","background-media":"","overlay-type":"","overlay-color":"","overlay-opacity":"","overlay-gradient":""},"mobile":{"background-color":"","background-image":"","background-repeat":"repeat","background-position":"center center","background-size":"auto","background-attachment":"scroll","background-type":"","background-media":"","overlay-type":"","overlay-color":"","overlay-opacity":"","overlay-gradient":""}},"ast-content-background-meta":{"desktop":{"background-color":"var(--ast-global-color-5)","background-image":"","background-repeat":"repeat","background-position":"center center","background-size":"auto","background-attachment":"scroll","background-type":"","background-media":"","overlay-type":"","overlay-color":"","overlay-opacity":"","overlay-gradient":""},"tablet":{"background-color":"var(--ast-global-color-5)","background-image":"","background-repeat":"repeat","background-position":"center center","background-size":"auto","background-attachment":"scroll","background-type":"","background-media":"","overlay-type":"","overlay-color":"","overlay-opacity":"","overlay-gradient":""},"mobile":{"background-color":"var(--ast-global-color-5)","background-image":"","background-repeat":"repeat","background-position":"center center","background-size":"auto","background-attachment":"scroll","background-type":"","background-media":"","overlay-type":"","overlay-color":"","overlay-opacity":"","overlay-gradient":""}},"footnotes":""},"class_list":["post-628","page","type-page","status-publish","hentry"],"post_mailing_queue_ids":[],"_links":{"self":[{"href":"https:\/\/agora.xtec.cat\/ceipolivarvell\/wp-json\/wp\/v2\/pages\/628","targetHints":{"allow":["GET"]}}],"collection":[{"href":"https:\/\/agora.xtec.cat\/ceipolivarvell\/wp-json\/wp\/v2\/pages"}],"about":[{"href":"https:\/\/agora.xtec.cat\/ceipolivarvell\/wp-json\/wp\/v2\/types\/page"}],"author":[{"embeddable":true,"href":"https:\/\/agora.xtec.cat\/ceipolivarvell\/wp-json\/wp\/v2\/users\/1"}],"replies":[{"embeddable":true,"href":"https:\/\/agora.xtec.cat\/ceipolivarvell\/wp-json\/wp\/v2\/comments?post=628"}],"version-history":[{"count":6,"href":"https:\/\/agora.xtec.cat\/ceipolivarvell\/wp-json\/wp\/v2\/pages\/628\/revisions"}],"predecessor-version":[{"id":3379,"href":"https:\/\/agora.xtec.cat\/ceipolivarvell\/wp-json\/wp\/v2\/pages\/628\/revisions\/3379"}],"wp:attachment":[{"href":"https:\/\/agora.xtec.cat\/ceipolivarvell\/wp-json\/wp\/v2\/media?parent=628"}],"curies":[{"name":"wp","href":"https:\/\/api.w.org\/{rel}","templated":true}]}}