{"id":3429,"date":"2026-02-17T19:37:19","date_gmt":"2026-02-17T18:37:19","guid":{"rendered":"https:\/\/agora.xtec.cat\/ceipolivarvell\/?page_id=3429"},"modified":"2026-02-17T19:50:11","modified_gmt":"2026-02-17T18:50:11","slug":"sortides-2025-2026","status":"publish","type":"page","link":"https:\/\/agora.xtec.cat\/ceipolivarvell\/sortides-2025-2026\/","title":{"rendered":"Sortides 2025-2026"},"content":{"rendered":"\n<p>Algunes de les sortides previstes.<\/p>\n\n\n\n<p>S\u2019ampliaran a mesura que avanci el curs i s\u2019aniran aprovant per claustre i Consell Escolar presencialment o online.<\/p>\n\n\n\n<div class=\"wp-block-getwid-tabs\" data-active-tab=\"1\"><ul class=\"wp-block-getwid-tabs__nav-links\"><\/ul>\n<div class=\"wp-block-getwid-tabs__nav-link\"><span class=\"wp-block-getwid-tabs__title-wrapper\"><a href=\"#\"><span class=\"wp-block-getwid-tabs__title\">1r Trimestre<\/span><\/a><\/span><\/div><div class=\"wp-block-getwid-tabs__tab-content-wrapper\"><div class=\"wp-block-getwid-tabs__tab-content\">\n<p><strong>7 octubre 2025 <\/strong>\u2013 Participaci\u00f3 Festival de Cinema de Begur. Sala cinema.\u2013 1r, 2, 3r prim\u00e0ria<\/p>\n\n\n\n<p><strong>7 octubre 2025 <\/strong>\u2013 Participaci\u00f3 Festival de Cinema de Begur. Sala cinema.\u20134t, 5\u00e8, 6\u00e8 prim\u00e0ria<\/p>\n\n\n\n<p><strong>28 octubre 2025<\/strong> \u2013 Sortida Fageda d\u2019en Jord\u00e0 \u2013 1r, 2, 3r prim\u00e0ria<\/p>\n\n\n\n<p><strong>27 octubre 2025<\/strong> \u2013 Sortida Volcans d\u2019Olot i Fageda d\u2019en Jord\u00e0 \u2013 4t 5\u00e8, 6\u00e8 prim\u00e0ria<\/p>\n\n\n\n<p><strong>Setmana 15 desembre 2025<\/strong> \u2013 Cantada de nadales a Begur<\/p>\n\n\n\n<p><strong>19 desembre 2025<\/strong> \u2013 Festa de fi de trimestre \u2013 Nadal<\/p>\n<\/div><\/div>\n\n\n\n<div class=\"wp-block-getwid-tabs__nav-link\"><span class=\"wp-block-getwid-tabs__title-wrapper\"><a href=\"#\"><span class=\"wp-block-getwid-tabs__title\">2n Trimestre<\/span><\/a><\/span><\/div><div class=\"wp-block-getwid-tabs__tab-content-wrapper\"><div class=\"wp-block-getwid-tabs__tab-content\">\n<p><strong>25 febrer 2026 <\/strong>\u2013 Sortida Museu Dal\u00ed de Figueres \u2013 4t, 5\u00e8, 6\u00e8 prim\u00e0ria<\/p>\n\n\n\n<p><strong>10 mar\u00e7 2026<\/strong> \u2013 Sortida Aiguamolls de l\u2019Empord\u00e0 \u2013 1r, 2, 3r prim\u00e0ria<\/p>\n\n\n\n<p><strong>13 mar\u00e7 2026<\/strong> \u2013 Sortida Museu de la Pesca Palam\u00f3s \u2013 Educaci\u00f3 Infantil<\/p>\n<\/div><\/div>\n\n\n\n<div class=\"wp-block-getwid-tabs__nav-link\"><span class=\"wp-block-getwid-tabs__title-wrapper\"><a href=\"#\"><span class=\"wp-block-getwid-tabs__title\">3r Trimestre<\/span><\/a><\/span><\/div><div class=\"wp-block-getwid-tabs__tab-content-wrapper\"><div class=\"wp-block-getwid-tabs__tab-content\">\n<p>\u00a0<strong>27 i 28 abril 2026<\/strong> \u2013 Col\u00f2nies a casa Can Caball\u00e9 de l\u2019Estanyol \u2013 4t, 5\u00e8, 6\u00e8 prim\u00e0ria<\/p>\n\n\n\n<p><strong>27 i 28 maig 2026 <\/strong>\u2013 Col\u00f2nies a casa Ca n\u2019Oliver de Pont\u00f3s \u2013 Ed.Infantil, 1r, 2, 3r prim\u00e0ria<\/p>\n<\/div><\/div>\n<\/div>\n\n\n\n<p><\/p>\n","protected":false},"excerpt":{"rendered":"<p>Algunes de les sortides previstes. S\u2019ampliaran a mesura que avanci el curs i s\u2019aniran aprovant per claustre i Consell Escolar presencialment o online.<\/p>\n","protected":false},"author":1,"featured_media":0,"parent":0,"menu_order":0,"comment_status":"closed","ping_status":"close","template":"","meta":{"site-sidebar-layout":"no-sidebar","site-content-layout":"","ast-site-content-layout":"default","site-content-style":"default","site-sidebar-style":"default","ast-global-header-display":"","ast-banner-title-visibility":"","ast-main-header-display":"","ast-hfb-above-header-display":"","ast-hfb-below-header-display":"","ast-hfb-mobile-header-display":"","site-post-title":"","ast-breadcrumbs-content":"","ast-featured-img":"","footer-sml-layout":"","theme-transparent-header-meta":"","adv-header-id-meta":"","stick-header-meta":"","header-above-stick-meta":"","header-main-stick-meta":"","header-below-stick-meta":"","astra-migrate-meta-layouts":"set","ast-page-background-enabled":"default","ast-page-background-meta":{"desktop":{"background-color":"var(--ast-global-color-4)","background-image":"","background-repeat":"repeat","background-position":"center center","background-size":"auto","background-attachment":"scroll","background-type":"","background-media":"","overlay-type":"","overlay-color":"","overlay-opacity":"","overlay-gradient":""},"tablet":{"background-color":"","background-image":"","background-repeat":"repeat","background-position":"center center","background-size":"auto","background-attachment":"scroll","background-type":"","background-media":"","overlay-type":"","overlay-color":"","overlay-opacity":"","overlay-gradient":""},"mobile":{"background-color":"","background-image":"","background-repeat":"repeat","background-position":"center center","background-size":"auto","background-attachment":"scroll","background-type":"","background-media":"","overlay-type":"","overlay-color":"","overlay-opacity":"","overlay-gradient":""}},"ast-content-background-meta":{"desktop":{"background-color":"var(--ast-global-color-5)","background-image":"","background-repeat":"repeat","background-position":"center center","background-size":"auto","background-attachment":"scroll","background-type":"","background-media":"","overlay-type":"","overlay-color":"","overlay-opacity":"","overlay-gradient":""},"tablet":{"background-color":"var(--ast-global-color-5)","background-image":"","background-repeat":"repeat","background-position":"center center","background-size":"auto","background-attachment":"scroll","background-type":"","background-media":"","overlay-type":"","overlay-color":"","overlay-opacity":"","overlay-gradient":""},"mobile":{"background-color":"var(--ast-global-color-5)","background-image":"","background-repeat":"repeat","background-position":"center center","background-size":"auto","background-attachment":"scroll","background-type":"","background-media":"","overlay-type":"","overlay-color":"","overlay-opacity":"","overlay-gradient":""}},"footnotes":""},"class_list":["post-3429","page","type-page","status-publish","hentry"],"post_mailing_queue_ids":[],"_links":{"self":[{"href":"https:\/\/agora.xtec.cat\/ceipolivarvell\/wp-json\/wp\/v2\/pages\/3429","targetHints":{"allow":["GET"]}}],"collection":[{"href":"https:\/\/agora.xtec.cat\/ceipolivarvell\/wp-json\/wp\/v2\/pages"}],"about":[{"href":"https:\/\/agora.xtec.cat\/ceipolivarvell\/wp-json\/wp\/v2\/types\/page"}],"author":[{"embeddable":true,"href":"https:\/\/agora.xtec.cat\/ceipolivarvell\/wp-json\/wp\/v2\/users\/1"}],"replies":[{"embeddable":true,"href":"https:\/\/agora.xtec.cat\/ceipolivarvell\/wp-json\/wp\/v2\/comments?post=3429"}],"version-history":[{"count":6,"href":"https:\/\/agora.xtec.cat\/ceipolivarvell\/wp-json\/wp\/v2\/pages\/3429\/revisions"}],"predecessor-version":[{"id":3439,"href":"https:\/\/agora.xtec.cat\/ceipolivarvell\/wp-json\/wp\/v2\/pages\/3429\/revisions\/3439"}],"wp:attachment":[{"href":"https:\/\/agora.xtec.cat\/ceipolivarvell\/wp-json\/wp\/v2\/media?parent=3429"}],"curies":[{"name":"wp","href":"https:\/\/api.w.org\/{rel}","templated":true}]}}