{"id":3386,"date":"2026-02-13T16:19:24","date_gmt":"2026-02-13T15:19:24","guid":{"rendered":"https:\/\/agora.xtec.cat\/ceipolivarvell\/?page_id=3386"},"modified":"2026-02-14T11:42:09","modified_gmt":"2026-02-14T10:42:09","slug":"multimedia","status":"publish","type":"page","link":"https:\/\/agora.xtec.cat\/ceipolivarvell\/multimedia\/","title":{"rendered":"Multim\u00e8dia"},"content":{"rendered":"\n<h3 class=\"wp-block-heading\">Fotografies de l\u2019alumnat <\/h3>\n\n\n\n<p>Per visualitzar les fotografies, cliqueu a la promoci\u00f3 corresponent del vostre fill o filla.<br>Recordeu que cal accedir amb el vostre correu electr\u00f2nic vinculat a Dinantia.<\/p>\n\n\n\n<h5 class=\"wp-block-heading\">Educaci\u00f3 Prim\u00e0ria<\/h5>\n\n\n\n<div class=\"wp-block-buttons is-layout-flex wp-block-buttons-is-layout-flex\">\n<div class=\"wp-block-button\"><a class=\"wp-block-button__link wp-element-button\" href=\"https:\/\/drive.google.com\/drive\/folders\/1G6uz_gS3fVeIF60Saxqz0ObJdklluS7g?usp=drive_link\" target=\"_blank\" rel=\"noreferrer noopener\"><strong>6\u00e8<\/strong> \u2013 Promoci\u00f3 2017-2026<\/a><\/div>\n\n\n\n<div class=\"wp-block-button\"><a class=\"wp-block-button__link wp-element-button\" href=\"https:\/\/drive.google.com\/drive\/folders\/1BnlLQIe30MGFDwXIvmwZUlBXvOaDGkxH?usp=sharing\" target=\"_blank\" rel=\"noreferrer noopener\"><strong>5\u00e8<\/strong> \u2013 Promoci\u00f3 2018-2027<\/a><\/div>\n\n\n\n<div class=\"wp-block-button\"><a class=\"wp-block-button__link wp-element-button\" href=\"https:\/\/drive.google.com\/drive\/folders\/1_T3aVRkCCIMWwNMCHxKuhkZXzG9y7BNX?usp=drive_link\" target=\"_blank\" rel=\"noreferrer noopener\"> <strong>4t<\/strong> \u2013 Promoci\u00f3 2019-2028<\/a><\/div>\n\n\n\n<div class=\"wp-block-button\"><a class=\"wp-block-button__link wp-element-button\" href=\"https:\/\/drive.google.com\/drive\/folders\/1VfCDGvoKjyc4iq7uolIPa7WraS2DfSoH?usp=drive_link\" target=\"_blank\" rel=\"noreferrer noopener\"><strong>3r<\/strong> \u2013 Promoci\u00f3 2020-2029<\/a><\/div>\n\n\n\n<div class=\"wp-block-button\"><a class=\"wp-block-button__link wp-element-button\" href=\"https:\/\/drive.google.com\/drive\/folders\/1rwR0O39DZDCxWaj8ihGPQqYjVMqdS_zP?usp=drive_link\" target=\"_blank\" rel=\"noreferrer noopener\"><strong>2n<\/strong> \u2013 Promoci\u00f3 2021-2030<\/a><\/div>\n\n\n\n<div class=\"wp-block-button\"><a class=\"wp-block-button__link wp-element-button\" href=\"https:\/\/drive.google.com\/drive\/folders\/1bLrrsHq5rKhFCoOAMk64IcUUOUwz3XaN?usp=drive_link\" target=\"_blank\" rel=\"noreferrer noopener\"><strong>1r<\/strong> \u2013 Promoci\u00f3 2022-2031<\/a><\/div>\n<\/div>\n\n\n\n<h5 class=\"wp-block-heading\">Educaci\u00f3 infantil<\/h5>\n\n\n\n<div class=\"wp-block-buttons is-layout-flex wp-block-buttons-is-layout-flex\">\n<div class=\"wp-block-button\"><a class=\"wp-block-button__link wp-element-button\" href=\"https:\/\/drive.google.com\/drive\/folders\/17vJEeLcz9Jf7qwrugXHXEWvPovmIEb-j?usp=drive_link\" target=\"_blank\" rel=\"noreferrer noopener\">I5 \u2013 Promoci\u00f3 2023-2032<\/a><\/div>\n\n\n\n<div class=\"wp-block-button\"><a class=\"wp-block-button__link wp-element-button\" href=\"https:\/\/drive.google.com\/drive\/folders\/1lCYn78MTcgFD2uJbsd_stJ4oJp-RfzK2?usp=drive_link\" target=\"_blank\" rel=\"noreferrer noopener\">I4 \u2013 Promoci\u00f3 2024-2033<\/a><\/div>\n\n\n\n<div class=\"wp-block-button\"><a class=\"wp-block-button__link wp-element-button\" href=\"https:\/\/drive.google.com\/drive\/folders\/17HbcdhiAJQ9L2Tp-mCB5vpgV1WeWNzkQ?usp=drive_link\" target=\"_blank\" rel=\"noreferrer noopener\">I3 \u2013 Promoci\u00f3 2025-2034<\/a><\/div>\n<\/div>\n\n\n\n<p>\ud83d\udd12 Aquestes fotografies s\u00f3n d\u2019\u00fas exclusiu per a les fam\u00edlies del centre.<\/p>\n\n\n\n<p><\/p>\n","protected":false},"excerpt":{"rendered":"<p>Fotografies de l\u2019alumnat Per visualitzar les fotografies, cliqueu a la promoci\u00f3 corresponent del vostre fill o filla.Recordeu que cal accedir amb el vostre correu electr\u00f2nic vinculat a Dinantia. Educaci\u00f3 Prim\u00e0ria Educaci\u00f3 infantil \ud83d\udd12 Aquestes fotografies s\u00f3n d\u2019\u00fas exclusiu per a les fam\u00edlies del centre.<\/p>\n","protected":false},"author":1,"featured_media":0,"parent":0,"menu_order":0,"comment_status":"closed","ping_status":"close","template":"","meta":{"site-sidebar-layout":"left-sidebar","site-content-layout":"","ast-site-content-layout":"default","site-content-style":"default","site-sidebar-style":"default","ast-global-header-display":"","ast-banner-title-visibility":"","ast-main-header-display":"","ast-hfb-above-header-display":"","ast-hfb-below-header-display":"","ast-hfb-mobile-header-display":"","site-post-title":"","ast-breadcrumbs-content":"","ast-featured-img":"","footer-sml-layout":"","theme-transparent-header-meta":"","adv-header-id-meta":"","stick-header-meta":"","header-above-stick-meta":"","header-main-stick-meta":"","header-below-stick-meta":"","astra-migrate-meta-layouts":"set","ast-page-background-enabled":"default","ast-page-background-meta":{"desktop":{"background-color":"var(--ast-global-color-4)","background-image":"","background-repeat":"repeat","background-position":"center center","background-size":"auto","background-attachment":"scroll","background-type":"","background-media":"","overlay-type":"","overlay-color":"","overlay-opacity":"","overlay-gradient":""},"tablet":{"background-color":"","background-image":"","background-repeat":"repeat","background-position":"center center","background-size":"auto","background-attachment":"scroll","background-type":"","background-media":"","overlay-type":"","overlay-color":"","overlay-opacity":"","overlay-gradient":""},"mobile":{"background-color":"","background-image":"","background-repeat":"repeat","background-position":"center center","background-size":"auto","background-attachment":"scroll","background-type":"","background-media":"","overlay-type":"","overlay-color":"","overlay-opacity":"","overlay-gradient":""}},"ast-content-background-meta":{"desktop":{"background-color":"var(--ast-global-color-5)","background-image":"","background-repeat":"repeat","background-position":"center center","background-size":"auto","background-attachment":"scroll","background-type":"","background-media":"","overlay-type":"","overlay-color":"","overlay-opacity":"","overlay-gradient":""},"tablet":{"background-color":"var(--ast-global-color-5)","background-image":"","background-repeat":"repeat","background-position":"center center","background-size":"auto","background-attachment":"scroll","background-type":"","background-media":"","overlay-type":"","overlay-color":"","overlay-opacity":"","overlay-gradient":""},"mobile":{"background-color":"var(--ast-global-color-5)","background-image":"","background-repeat":"repeat","background-position":"center center","background-size":"auto","background-attachment":"scroll","background-type":"","background-media":"","overlay-type":"","overlay-color":"","overlay-opacity":"","overlay-gradient":""}},"footnotes":""},"class_list":["post-3386","page","type-page","status-publish","hentry"],"post_mailing_queue_ids":[],"_links":{"self":[{"href":"https:\/\/agora.xtec.cat\/ceipolivarvell\/wp-json\/wp\/v2\/pages\/3386","targetHints":{"allow":["GET"]}}],"collection":[{"href":"https:\/\/agora.xtec.cat\/ceipolivarvell\/wp-json\/wp\/v2\/pages"}],"about":[{"href":"https:\/\/agora.xtec.cat\/ceipolivarvell\/wp-json\/wp\/v2\/types\/page"}],"author":[{"embeddable":true,"href":"https:\/\/agora.xtec.cat\/ceipolivarvell\/wp-json\/wp\/v2\/users\/1"}],"replies":[{"embeddable":true,"href":"https:\/\/agora.xtec.cat\/ceipolivarvell\/wp-json\/wp\/v2\/comments?post=3386"}],"version-history":[{"count":5,"href":"https:\/\/agora.xtec.cat\/ceipolivarvell\/wp-json\/wp\/v2\/pages\/3386\/revisions"}],"predecessor-version":[{"id":3419,"href":"https:\/\/agora.xtec.cat\/ceipolivarvell\/wp-json\/wp\/v2\/pages\/3386\/revisions\/3419"}],"wp:attachment":[{"href":"https:\/\/agora.xtec.cat\/ceipolivarvell\/wp-json\/wp\/v2\/media?parent=3386"}],"curies":[{"name":"wp","href":"https:\/\/api.w.org\/{rel}","templated":true}]}}