{"id":28,"date":"2017-09-18T12:29:35","date_gmt":"2017-09-18T10:29:35","guid":{"rendered":"http:\/\/agora.xtec.cat\/ceipolivarvell\/?page_id=28"},"modified":"2025-07-28T21:57:44","modified_gmt":"2025-07-28T19:57:44","slug":"consell-escolar","status":"publish","type":"page","link":"https:\/\/agora.xtec.cat\/ceipolivarvell\/lescola\/consell-escolar\/","title":{"rendered":"Consell escolar"},"content":{"rendered":"<h2 style=\"text-align: center;\" align=\"center\"><span class=\"titol\"><span style=\"color: black;\"><span id=\"neonlight0\">C<\/span><span id=\"neonlight1\">o<\/span><span id=\"neonlight2\">n<\/span><span id=\"neonlight3\">s<\/span><span id=\"neonlight4\">e<\/span><span id=\"neonlight5\">l<\/span><span id=\"neonlight6\">l<\/span><span id=\"neonlight7\">\u00a0<\/span><span id=\"neonlight8\">E<\/span><span id=\"neonlight9\">s<\/span><span id=\"neonlight10\">c<\/span><span id=\"neonlight11\">o<\/span><span id=\"neonlight12\">l<\/span><span id=\"neonlight13\">a<\/span>r<\/span><\/span><\/h2>\n<table style=\"height: 701px; width: 86.3584%; border-collapse: collapse; border-style: solid; border-color: #3b964a;\" border=\"1\">\n<tbody>\n<tr style=\"height: 30px;\">\n<td style=\"width: 38.0772%; height: 30px;\">\n<h5>Manel Vall\u00e8s<\/h5>\n<\/td>\n<td style=\"width: 61.9228%; height: 30px;\">\n<h5>Representant Ajuntament de Begur<\/h5>\n<\/td>\n<\/tr>\n<tr style=\"height: 30px;\">\n<td style=\"width: 38.0772%; height: 30px;\">\n<h5>Imma Reginc\u00f3s<\/h5>\n<\/td>\n<td style=\"width: 61.9228%; height: 30px;\">\n<h5>Representant sector docent<\/h5>\n<\/td>\n<\/tr>\n<tr style=\"height: 30px;\">\n<td style=\"width: 38.0772%; height: 30px;\">\n<h5>Lupe Garcia<\/h5>\n<\/td>\n<td style=\"width: 61.9228%; height: 30px;\">\n<h5>Representant sector docent<\/h5>\n<\/td>\n<\/tr>\n<tr>\n<td style=\"width: 38.0772%;\">\n<h5>Bet Mestre<\/h5>\n<\/td>\n<td style=\"width: 61.9228%;\">\n<h5>Representant sector docent<\/h5>\n<\/td>\n<\/tr>\n<tr style=\"height: 30px;\">\n<td style=\"width: 38.0772%; height: 30px;\">\n<h5>Gemma Planas<\/h5>\n<\/td>\n<td style=\"width: 61.9228%; height: 30px;\">\n<h5>Representant sector docent<\/h5>\n<\/td>\n<\/tr>\n<tr style=\"height: 30px;\">\n<td style=\"width: 38.0772%; height: 30px;\">\n<h5>Leila Mart\u00ednez<\/h5>\n<\/td>\n<td style=\"width: 61.9228%; height: 30px;\">\n<h5>Representant AMPA<\/h5>\n<\/td>\n<\/tr>\n<tr style=\"height: 30px;\">\n<td style=\"width: 38.0772%; height: 30px;\">\n<h5>S\u00edlvia MENA<\/h5>\n<\/td>\n<td style=\"width: 61.9228%; height: 30px;\">\n<h5>Representant sector fam\u00edlies<\/h5>\n<\/td>\n<\/tr>\n<tr style=\"height: 30px;\">\n<td style=\"width: 38.0772%; height: 30px;\">\n<h5>Jordi Ferrer<\/h5>\n<\/td>\n<td style=\"width: 61.9228%; height: 30px;\">\n<h5>Representant sector fam\u00edlies<\/h5>\n<\/td>\n<\/tr>\n<tr>\n<td style=\"width: 38.0772%;\">\n<h5>Patr\u00edcia Bervel<\/h5>\n<\/td>\n<td style=\"width: 61.9228%;\">\n<h5>Representant sector fam\u00edlies<\/h5>\n<\/td>\n<\/tr>\n<tr style=\"height: 30px;\">\n<td style=\"width: 38.0772%; height: 30px;\">\n<h5>Cristina Molina<\/h5>\n<\/td>\n<td style=\"width: 61.9228%; height: 30px;\">\n<h5>Secret\u00e0ria<\/h5>\n<\/td>\n<\/tr>\n<tr style=\"height: 10px;\">\n<td style=\"width: 38.0772%; height: 10px;\">\n<h5><strong>Raquel Mayorga<\/strong><\/h5>\n<\/td>\n<td style=\"width: 61.9228%; height: 10px;\">\n<h5>Cap d&#8217;estudis<\/h5>\n<\/td>\n<\/tr>\n<tr style=\"height: 10px;\">\n<td style=\"width: 38.0772%; height: 10px;\">\n<h5>Xavier Vil\u00e0<\/h5>\n<\/td>\n<td style=\"width: 61.9228%; height: 10px;\">\n<h5>President del Consell Escolar<\/h5>\n<\/td>\n<\/tr>\n<\/tbody>\n<\/table>\n<p><strong style=\"font-size: revert; background-color: rgba(0, 0, 0, 0); text-align: center;\">\u00a0 \u00a0 \u00a0 \u00a0 \u00a0 \u00a0 \u00a0 \u00a0 \u00a0 \u00a0 \u00a0 \u00a0 \u00a0 \u00a0 \u00a0 \u00a0 \u00a0 \u00a0 \u00a0 \u00a0 \u00a0 \u00a0 \u00a0 \u00a0 \u00a0 \u00a0 \u00a0 \u00a0 \u00a0 \u00a0 \u00a0 \u00a0 \u00a0 \u00a0 \u00a0 \u00a0 \u00a0 \u00a0 \u00a0 \u00a0 \u00a0 \u00a0 \u00a0 \u00a0 \u00a0 \u00a0 \u00a0 \u00a0 Acords Consell escolar curs 2024-2025<\/strong><\/p>\n<p>\u00a0 \u00a0 \u00a0 \u00a0 \u00a0 \u00a0 \u00a0 \u00a0 \u00a0 \u00a0 \u00a0 \u00a0 \u00a0 \u00a0 \u00a0 \u00a0 \u00a0 \u00a0 \u00a0 \u00a0 \u00a0 \u00a0 \u00a0 \u00a0 \u00a0 \u00a0 \u00a0 \u00a0 \u00a0 \u00a0 \u00a0 \u00a0 \u00a0 \u00a0 \u00a0 \u00a0 \u00a0 \u00a0 \u00a0 \u00a0 \u00a0 \u00a0 \u00a0 \u00a0 \u00a0 \u00a0 \u00a0 \u00a0 \u00a0 \u00a0 \u00a0 \u00a0 \u00a0 \u00a0 \u00a0 \u00a0 <a href=\"https:\/\/drive.google.com\/file\/d\/1xCqMQzATKYlK95u03ynYI2NbDysHJ4d4\/view?usp=drive_link\" target=\"_blank\" rel=\"noopener\">17 d&#8217;octubre de 2024\u00a0<\/a> \u00a0 \u00a0 \u00a0 \u00a0 \u00a0 \u00a0 \u00a0 \u00a0 \u00a0 \u00a0 \u00a0 \u00a0 \u00a0 \u00a0 \u00a0 \u00a0 \u00a0 \u00a0 \u00a0 \u00a0 \u00a0 \u00a0 \u00a0 \u00a0 \u00a0 \u00a0 \u00a0 \u00a0 \u00a0 \u00a0 \u00a0 \u00a0 \u00a0 \u00a0 \u00a0 \u00a0 \u00a0 \u00a0 \u00a0 \u00a0 \u00a0 \u00a0 \u00a0 \u00a0 \u00a0 \u00a0 \u00a0 \u00a0 \u00a0 \u00a0 \u00a0 \u00a0 \u00a0 \u00a0 \u00a0 \u00a0 \u00a0 \u00a0 \u00a0 \u00a0 \u00a0 \u00a0 \u00a0 \u00a0 \u00a0 \u00a0 \u00a0\u00a0<\/p>\n<p>\u00a0 \u00a0 \u00a0 \u00a0 \u00a0 \u00a0 \u00a0 \u00a0 \u00a0 \u00a0 \u00a0 \u00a0 \u00a0 \u00a0 \u00a0 \u00a0 \u00a0 \u00a0 \u00a0 \u00a0 \u00a0 \u00a0 \u00a0 \u00a0 \u00a0 \u00a0 \u00a0 \u00a0 \u00a0 \u00a0 \u00a0 \u00a0 \u00a0 \u00a0 \u00a0 \u00a0 \u00a0 \u00a0 \u00a0 \u00a0 \u00a0 \u00a0 \u00a0 \u00a0 \u00a0 \u00a0 \u00a0 \u00a0 \u00a0 \u00a0 \u00a0 \u00a0 \u00a0 \u00a0 \u00a0<a href=\"https:\/\/drive.google.com\/file\/d\/1wz6GkN3y4i8H8TQSK4M9Q-YGUJZUZWJM\/view?usp=sharing\" target=\"_blank\" rel=\"noopener\"> \u00a030 de gener de 2025<\/a><\/p>\n<p><a href=\"https:\/\/drive.google.com\/file\/d\/1wz6GkN3y4i8H8TQSK4M9Q-YGUJZUZWJM\/view?usp=sharing\">LIQUIDACI\u00d3 ECON\u00d2MICA I PRESSUPOST 2024-2025<\/a><\/p>\n\n","protected":false},"excerpt":{"rendered":"<p>Consell\u00a0Escolar Manel Vall\u00e8s Representant Ajuntament de Begur Imma Reginc\u00f3s Representant sector docent Lupe Garcia Representant sector docent Bet Mestre Representant sector docent Gemma Planas Representant sector docent Leila Mart\u00ednez Representant AMPA S\u00edlvia MENA Representant sector fam\u00edlies Jordi Ferrer Representant sector fam\u00edlies Patr\u00edcia Bervel Representant sector fam\u00edlies Cristina Molina Secret\u00e0ria Raquel Mayorga Cap d&#8217;estudis Xavier Vil\u00e0 [&hellip;]<\/p>\n","protected":false},"author":1,"featured_media":0,"parent":22,"menu_order":30,"comment_status":"closed","ping_status":"closed","template":"","meta":{"site-sidebar-layout":"default","site-content-layout":"","ast-site-content-layout":"default","site-content-style":"default","site-sidebar-style":"default","ast-global-header-display":"","ast-banner-title-visibility":"","ast-main-header-display":"","ast-hfb-above-header-display":"","ast-hfb-below-header-display":"","ast-hfb-mobile-header-display":"","site-post-title":"","ast-breadcrumbs-content":"","ast-featured-img":"","footer-sml-layout":"","theme-transparent-header-meta":"","adv-header-id-meta":"","stick-header-meta":"","header-above-stick-meta":"","header-main-stick-meta":"","header-below-stick-meta":"","astra-migrate-meta-layouts":"set","ast-page-background-enabled":"default","ast-page-background-meta":{"desktop":{"background-color":"var(--ast-global-color-4)","background-image":"","background-repeat":"repeat","background-position":"center center","background-size":"auto","background-attachment":"scroll","background-type":"","background-media":"","overlay-type":"","overlay-color":"","overlay-opacity":"","overlay-gradient":""},"tablet":{"background-color":"","background-image":"","background-repeat":"repeat","background-position":"center center","background-size":"auto","background-attachment":"scroll","background-type":"","background-media":"","overlay-type":"","overlay-color":"","overlay-opacity":"","overlay-gradient":""},"mobile":{"background-color":"","background-image":"","background-repeat":"repeat","background-position":"center center","background-size":"auto","background-attachment":"scroll","background-type":"","background-media":"","overlay-type":"","overlay-color":"","overlay-opacity":"","overlay-gradient":""}},"ast-content-background-meta":{"desktop":{"background-color":"var(--ast-global-color-5)","background-image":"","background-repeat":"repeat","background-position":"center center","background-size":"auto","background-attachment":"scroll","background-type":"","background-media":"","overlay-type":"","overlay-color":"","overlay-opacity":"","overlay-gradient":""},"tablet":{"background-color":"var(--ast-global-color-5)","background-image":"","background-repeat":"repeat","background-position":"center center","background-size":"auto","background-attachment":"scroll","background-type":"","background-media":"","overlay-type":"","overlay-color":"","overlay-opacity":"","overlay-gradient":""},"mobile":{"background-color":"var(--ast-global-color-5)","background-image":"","background-repeat":"repeat","background-position":"center center","background-size":"auto","background-attachment":"scroll","background-type":"","background-media":"","overlay-type":"","overlay-color":"","overlay-opacity":"","overlay-gradient":""}},"footnotes":""},"class_list":["post-28","page","type-page","status-publish","hentry"],"post_mailing_queue_ids":[],"_links":{"self":[{"href":"https:\/\/agora.xtec.cat\/ceipolivarvell\/wp-json\/wp\/v2\/pages\/28","targetHints":{"allow":["GET"]}}],"collection":[{"href":"https:\/\/agora.xtec.cat\/ceipolivarvell\/wp-json\/wp\/v2\/pages"}],"about":[{"href":"https:\/\/agora.xtec.cat\/ceipolivarvell\/wp-json\/wp\/v2\/types\/page"}],"author":[{"embeddable":true,"href":"https:\/\/agora.xtec.cat\/ceipolivarvell\/wp-json\/wp\/v2\/users\/1"}],"replies":[{"embeddable":true,"href":"https:\/\/agora.xtec.cat\/ceipolivarvell\/wp-json\/wp\/v2\/comments?post=28"}],"version-history":[{"count":6,"href":"https:\/\/agora.xtec.cat\/ceipolivarvell\/wp-json\/wp\/v2\/pages\/28\/revisions"}],"predecessor-version":[{"id":3209,"href":"https:\/\/agora.xtec.cat\/ceipolivarvell\/wp-json\/wp\/v2\/pages\/28\/revisions\/3209"}],"up":[{"embeddable":true,"href":"https:\/\/agora.xtec.cat\/ceipolivarvell\/wp-json\/wp\/v2\/pages\/22"}],"wp:attachment":[{"href":"https:\/\/agora.xtec.cat\/ceipolivarvell\/wp-json\/wp\/v2\/media?parent=28"}],"curies":[{"name":"wp","href":"https:\/\/api.w.org\/{rel}","templated":true}]}}