{"id":2666,"date":"2023-02-22T15:00:43","date_gmt":"2023-02-22T14:00:43","guid":{"rendered":"https:\/\/agora.xtec.cat\/ceipolivarvell\/?page_id=2666"},"modified":"2024-04-29T11:21:22","modified_gmt":"2024-04-29T09:21:22","slug":"gep-2022-23","status":"publish","type":"page","link":"https:\/\/agora.xtec.cat\/ceipolivarvell\/gep\/gep-2022-23\/","title":{"rendered":"GEP 2023-2024"},"content":{"rendered":"<p>Aquest \u00e9s el darrer curs del projecte GEP.\u00a0 Han sigut tres cursos molt intensos amb molt d&#8217;aprenentatge per les mestres, alumnes i una gran oportunitat per tota la comunitat educativa de l&#8217;escola. Hem tingut la gran oportunitat de tenir l\u2019ajuda de l\u2019auxiliar de conversa la qual ha pogut col\u00b7laborar i ampliar el coneixement dels infants.<br \/>\nSom una escola compromesa amb el medi ambient i la sostenibilitat i hem volgut continuar treballant amb aquesta din\u00e0mica transversal.<br \/>\nAquest curs ens hem centrat amb l\u2019\u00fas conscient i respectu\u00f3s de la roba. Els infants han treballat i han apr\u00e8s el proc\u00e9s de la fabricaci\u00f3 des de l\u2019inici fins al producte final.<br \/>\nLa idea \u00e9s fer que els infants siguin conscients de la import\u00e0ncia del reciclatge per evitar el malbaratament de la roba.<br \/>\nLes conseq\u00fc\u00e8ncies dels residus t\u00e8xtils en el planeta s\u00f3n moltes vegades incalculables a causa de la mescla de teixits de diferent naturalesa i qualitat en una sola pe\u00e7a. Si aquesta roba acaba a l\u2019abocador es degrada emetent altes quantitats de GEH (gasos d&#8217;efecte hivernacle). Les conseq\u00fc\u00e8ncies mediambientals derivades de la ind\u00fastria de la moda no acaben amb l\u2019arribada a la botiga. Un cop a casa, el rentat, planxat impliquen una despesa d\u2019aigua, generen micropl\u00e0stics i emissions de CO2.<br \/>\nEn els \u00faltims anys s\u2019ha generat una necessitat molt gran de reciclar. Hi ha una necessitat de reciclar. Aix\u00f2 comporta beneficis que es centren en la disminuci\u00f3 del consum de recursos en el proc\u00e9s de producci\u00f3 de peces noves. Aix\u00ed mateix, tamb\u00e9 s\u2019aconsegueixen reduir despeses log\u00edstiques i de manteniment de peces de nova creaci\u00f3.<\/p>\n<p>Tamb\u00e9 gr\u00e0cies al GEP hem pogut fer moltes activitats en angl\u00e8s, Ioga en Angl\u00e8s per tota l&#8217;escola des dels m\u00e9s petits als m\u00e9s grans, Teatre en angl\u00e8s pels mitjans i els grans. Tallers de cuina, m\u00e0gia. Un Escape Room, tamb\u00e9 tot en angl\u00e8s. Totes aquestes activitats han servit perqu\u00e8 la llengua anglesa an\u00e9s m\u00e9s enll\u00e0 de les classes d&#8217;angl\u00e8s i es convertissin en moments engrescadors, on la llengua anglesa era la protagonista.<\/p>\n<p>&nbsp;<\/p>\n<p>Esperem poder potenciar la llengua anglesa m\u00e9s enll\u00e0 del GEP i participar en altres projectes des de l&#8217;escola.<\/p>\n<p>&nbsp;<\/p>\n<p><a href=\"https:\/\/drive.google.com\/file\/d\/1O0fvKv8mBF_YB0YDJBcYxBC9ea3lpDAV\/view?usp=sharing\" target=\"_blank\" rel=\"noopener\">V\u00cdDEO<\/a><\/p>\n<p>&nbsp;<\/p>\n<p>&nbsp;<\/p>\n","protected":false},"excerpt":{"rendered":"<p>Aquest \u00e9s el darrer curs del projecte GEP.\u00a0 Han sigut tres cursos molt intensos amb molt d&#8217;aprenentatge per les mestres, alumnes i una gran oportunitat per tota la comunitat educativa de l&#8217;escola. Hem tingut la gran oportunitat de tenir l\u2019ajuda de l\u2019auxiliar de conversa la qual ha pogut col\u00b7laborar i ampliar el coneixement dels infants. [&hellip;]<\/p>\n","protected":false},"author":1,"featured_media":0,"parent":2657,"menu_order":31,"comment_status":"closed","ping_status":"closed","template":"page-templates\/side-menu.php","meta":{"site-sidebar-layout":"default","site-content-layout":"","ast-site-content-layout":"","site-content-style":"default","site-sidebar-style":"default","ast-global-header-display":"","ast-banner-title-visibility":"","ast-main-header-display":"","ast-hfb-above-header-display":"","ast-hfb-below-header-display":"","ast-hfb-mobile-header-display":"","site-post-title":"","ast-breadcrumbs-content":"","ast-featured-img":"","footer-sml-layout":"","theme-transparent-header-meta":"","adv-header-id-meta":"","stick-header-meta":"","header-above-stick-meta":"","header-main-stick-meta":"","header-below-stick-meta":"","astra-migrate-meta-layouts":"default","ast-page-background-enabled":"default","ast-page-background-meta":{"desktop":{"background-color":"var(--ast-global-color-4)","background-image":"","background-repeat":"repeat","background-position":"center center","background-size":"auto","background-attachment":"scroll","background-type":"","background-media":"","overlay-type":"","overlay-color":"","overlay-opacity":"","overlay-gradient":""},"tablet":{"background-color":"","background-image":"","background-repeat":"repeat","background-position":"center center","background-size":"auto","background-attachment":"scroll","background-type":"","background-media":"","overlay-type":"","overlay-color":"","overlay-opacity":"","overlay-gradient":""},"mobile":{"background-color":"","background-image":"","background-repeat":"repeat","background-position":"center center","background-size":"auto","background-attachment":"scroll","background-type":"","background-media":"","overlay-type":"","overlay-color":"","overlay-opacity":"","overlay-gradient":""}},"ast-content-background-meta":{"desktop":{"background-color":"var(--ast-global-color-5)","background-image":"","background-repeat":"repeat","background-position":"center center","background-size":"auto","background-attachment":"scroll","background-type":"","background-media":"","overlay-type":"","overlay-color":"","overlay-opacity":"","overlay-gradient":""},"tablet":{"background-color":"var(--ast-global-color-5)","background-image":"","background-repeat":"repeat","background-position":"center center","background-size":"auto","background-attachment":"scroll","background-type":"","background-media":"","overlay-type":"","overlay-color":"","overlay-opacity":"","overlay-gradient":""},"mobile":{"background-color":"var(--ast-global-color-5)","background-image":"","background-repeat":"repeat","background-position":"center center","background-size":"auto","background-attachment":"scroll","background-type":"","background-media":"","overlay-type":"","overlay-color":"","overlay-opacity":"","overlay-gradient":""}},"footnotes":""},"class_list":["post-2666","page","type-page","status-publish","hentry"],"post_mailing_queue_ids":[],"_links":{"self":[{"href":"https:\/\/agora.xtec.cat\/ceipolivarvell\/wp-json\/wp\/v2\/pages\/2666","targetHints":{"allow":["GET"]}}],"collection":[{"href":"https:\/\/agora.xtec.cat\/ceipolivarvell\/wp-json\/wp\/v2\/pages"}],"about":[{"href":"https:\/\/agora.xtec.cat\/ceipolivarvell\/wp-json\/wp\/v2\/types\/page"}],"author":[{"embeddable":true,"href":"https:\/\/agora.xtec.cat\/ceipolivarvell\/wp-json\/wp\/v2\/users\/1"}],"replies":[{"embeddable":true,"href":"https:\/\/agora.xtec.cat\/ceipolivarvell\/wp-json\/wp\/v2\/comments?post=2666"}],"version-history":[{"count":4,"href":"https:\/\/agora.xtec.cat\/ceipolivarvell\/wp-json\/wp\/v2\/pages\/2666\/revisions"}],"predecessor-version":[{"id":2931,"href":"https:\/\/agora.xtec.cat\/ceipolivarvell\/wp-json\/wp\/v2\/pages\/2666\/revisions\/2931"}],"up":[{"embeddable":true,"href":"https:\/\/agora.xtec.cat\/ceipolivarvell\/wp-json\/wp\/v2\/pages\/2657"}],"wp:attachment":[{"href":"https:\/\/agora.xtec.cat\/ceipolivarvell\/wp-json\/wp\/v2\/media?parent=2666"}],"curies":[{"name":"wp","href":"https:\/\/api.w.org\/{rel}","templated":true}]}}