{"id":73,"date":"2014-09-18T14:01:51","date_gmt":"2014-09-18T13:01:51","guid":{"rendered":"http:\/\/agora.xtec.cat\/ceipnarcismonturiol\/?page_id=73"},"modified":"2026-04-14T11:55:41","modified_gmt":"2026-04-14T09:55:41","slug":"menjador-escolar","status":"publish","type":"page","link":"https:\/\/agora.xtec.cat\/ceipnarcismonturiol\/menjador-escolar\/","title":{"rendered":"Menjador escolar"},"content":{"rendered":"<ul>\n<li>Aquest curs tampoc es vendran tiquets de menjador a l\u2019escola; hi haur\u00e0 dues formes de pagament: domiciliaci\u00f3 banc\u00e0ria o pagament per caixer.<\/li>\n<li>Per a la vostra comoditat us aconsellem que domicilieu el pagament dels rebuts del menjador encara que nom\u00e9s utilitzeu aquest servei de manera espor\u00e0dica.<\/li>\n<\/ul>\n<p><em><strong>DOCUMENTS:<\/strong><\/em><\/p>\n<ul>\n<li><a href=\"https:\/\/agora.xtec.cat\/ceipnarcismonturiol\/wp-content\/uploads\/usu821\/2025\/09\/Menu.pdf.pdf\">Men\u00fa del menjador curs 2025-2026<\/a><\/li>\n<li><a href=\"https:\/\/agora.xtec.cat\/ceipnarcismonturiol\/wp-content\/uploads\/usu821\/2026\/04\/correspondencia-setmanes-menjador-3r-trimestre.pdf\">Correspondencia setmanes del men\u00fa del menjador 3r trimestre<\/a><\/li>\n<li><a href=\"https:\/\/agora.xtec.cat\/ceipnarcismonturiol\/wp-content\/uploads\/usu821\/2022\/01\/codi-menjador.pdf\">Pagament per caixer<\/a><\/li>\n<li><a href=\"https:\/\/agora.xtec.cat\/ceipnarcismonturiol\/wp-content\/uploads\/usu821\/2024\/09\/Ordre-de-domiciliacio-bancaria-alumnes.pdf\">Ordre de domiciliaci\u00f3 banc\u00e0ria\u00a0<\/a><\/li>\n<\/ul>\n","protected":false},"excerpt":{"rendered":"<ul>\n<li>Aquest curs tampoc es vendran tiquets de menjador a l\u2019escola; hi haur\u00e0 dues formes de pagament: domiciliaci\u00f3 banc\u00e0ria o pagament per caixer.<\/li>\n<li>Per a la vostra comoditat us aconsellem que domicilieu el pagament dels rebuts del menjador encara que nom\u00e9s utilitzeu aquest servei de manera espor\u00e0dica.<\/li>\n<\/ul>\n<p>DOCUMENTS:<\/p>\n<ul>\n<li><a&hellip;  <a href=\"https:\/\/agora.xtec.cat\/ceipnarcismonturiol\/menjador-escolar\/\" title=\"Read Menjador escolar\">Llegeix m\u00e9s\u00bb<\/a><br \/>\n","protected":false},"author":1,"featured_media":0,"parent":0,"menu_order":30,"comment_status":"closed","ping_status":"closed","template":"page-templates\/side-menu.php","meta":{"_bbp_topic_count":0,"_bbp_reply_count":0,"_bbp_total_topic_count":0,"_bbp_total_reply_count":0,"_bbp_voice_count":0,"_bbp_anonymous_reply_count":0,"_bbp_topic_count_hidden":0,"_bbp_reply_count_hidden":0,"_bbp_forum_subforum_count":0,"footnotes":""},"class_list":["post-73","page","type-page","status-publish","hentry"],"post_mailing_queue_ids":[],"_links":{"self":[{"href":"https:\/\/agora.xtec.cat\/ceipnarcismonturiol\/wp-json\/wp\/v2\/pages\/73","targetHints":{"allow":["GET"]}}],"collection":[{"href":"https:\/\/agora.xtec.cat\/ceipnarcismonturiol\/wp-json\/wp\/v2\/pages"}],"about":[{"href":"https:\/\/agora.xtec.cat\/ceipnarcismonturiol\/wp-json\/wp\/v2\/types\/page"}],"author":[{"embeddable":true,"href":"https:\/\/agora.xtec.cat\/ceipnarcismonturiol\/wp-json\/wp\/v2\/users\/1"}],"replies":[{"embeddable":true,"href":"https:\/\/agora.xtec.cat\/ceipnarcismonturiol\/wp-json\/wp\/v2\/comments?post=73"}],"version-history":[{"count":6,"href":"https:\/\/agora.xtec.cat\/ceipnarcismonturiol\/wp-json\/wp\/v2\/pages\/73\/revisions"}],"predecessor-version":[{"id":3089,"href":"https:\/\/agora.xtec.cat\/ceipnarcismonturiol\/wp-json\/wp\/v2\/pages\/73\/revisions\/3089"}],"wp:attachment":[{"href":"https:\/\/agora.xtec.cat\/ceipnarcismonturiol\/wp-json\/wp\/v2\/media?parent=73"}],"curies":[{"name":"wp","href":"https:\/\/api.w.org\/{rel}","templated":true}]}}