{"id":64,"date":"2014-09-18T12:39:08","date_gmt":"2014-09-18T11:39:08","guid":{"rendered":"http:\/\/agora.xtec.cat\/ceipnarcismonturiol\/?page_id=64"},"modified":"2024-12-10T17:48:50","modified_gmt":"2024-12-10T16:48:50","slug":"projecte-educatiu","status":"publish","type":"page","link":"https:\/\/agora.xtec.cat\/ceipnarcismonturiol\/projecte-educatiu\/","title":{"rendered":"NOFC"},"content":{"rendered":"<p>La <strong>Normativa d&#8217;Organitzaci\u00f3 i Funcionament del Centre<\/strong> (NOFC) \u00e9s un document que regula la vida interna del centre aix\u00ed com per establir i concretar les relacions entre els diferents sectors que formen part de la comunitat educativa.<\/p>\n<p>Per veure el document cliqueu <a href=\"https:\/\/agora.xtec.cat\/ceipnarcismonturiol\/wp-content\/uploads\/usu821\/2024\/12\/NOFC-Escola-Narcis-Monturiol-DEFINITIU-1.pdf\">AQU\u00cd<\/a><\/p>\n","protected":false},"excerpt":{"rendered":"<p>La Normativa d&#8217;Organitzaci\u00f3 i Funcionament del Centre (NOFC) \u00e9s un document que regula la vida interna del centre aix\u00ed com per establir i concretar les relacions entre els diferents sectors que formen part de la comunitat educativa.<br \/>\nPer veure el document cliqueu <a href=\"https:\/\/agora.xtec.cat\/ceipnarcismonturiol\/wp-content\/uploads\/usu821\/2024\/12\/NOFC-Escola-Narcis-Monturiol-DEFINITIU-1.pdf\">AQU\u00cd<\/a><\/p>\n","protected":false},"author":1,"featured_media":0,"parent":0,"menu_order":0,"comment_status":"closed","ping_status":"closed","template":"page-templates\/side-menu.php","meta":{"_bbp_topic_count":0,"_bbp_reply_count":0,"_bbp_total_topic_count":0,"_bbp_total_reply_count":0,"_bbp_voice_count":0,"_bbp_anonymous_reply_count":0,"_bbp_topic_count_hidden":0,"_bbp_reply_count_hidden":0,"_bbp_forum_subforum_count":0,"footnotes":""},"class_list":["post-64","page","type-page","status-publish","hentry"],"post_mailing_queue_ids":[],"_links":{"self":[{"href":"https:\/\/agora.xtec.cat\/ceipnarcismonturiol\/wp-json\/wp\/v2\/pages\/64","targetHints":{"allow":["GET"]}}],"collection":[{"href":"https:\/\/agora.xtec.cat\/ceipnarcismonturiol\/wp-json\/wp\/v2\/pages"}],"about":[{"href":"https:\/\/agora.xtec.cat\/ceipnarcismonturiol\/wp-json\/wp\/v2\/types\/page"}],"author":[{"embeddable":true,"href":"https:\/\/agora.xtec.cat\/ceipnarcismonturiol\/wp-json\/wp\/v2\/users\/1"}],"replies":[{"embeddable":true,"href":"https:\/\/agora.xtec.cat\/ceipnarcismonturiol\/wp-json\/wp\/v2\/comments?post=64"}],"version-history":[{"count":2,"href":"https:\/\/agora.xtec.cat\/ceipnarcismonturiol\/wp-json\/wp\/v2\/pages\/64\/revisions"}],"predecessor-version":[{"id":2396,"href":"https:\/\/agora.xtec.cat\/ceipnarcismonturiol\/wp-json\/wp\/v2\/pages\/64\/revisions\/2396"}],"wp:attachment":[{"href":"https:\/\/agora.xtec.cat\/ceipnarcismonturiol\/wp-json\/wp\/v2\/media?parent=64"}],"curies":[{"name":"wp","href":"https:\/\/api.w.org\/{rel}","templated":true}]}}