{"id":38,"date":"2014-09-18T12:34:08","date_gmt":"2014-09-18T11:34:08","guid":{"rendered":"http:\/\/agora.xtec.cat\/ceipnarcismonturiol\/?page_id=38"},"modified":"2023-01-18T13:15:24","modified_gmt":"2023-01-18T12:15:24","slug":"salut","status":"publish","type":"page","link":"https:\/\/agora.xtec.cat\/ceipnarcismonturiol\/salut\/","title":{"rendered":"Salut"},"content":{"rendered":"<p>A l\u2019escola no es donaran\u00a0<b>medicaments<\/b>; excepte si les fam\u00edlies ho sol\u00b7liciten al centre, acompanyant la <a href=\"https:\/\/docs.google.com\/viewer?a=v&amp;pid=sites&amp;srcid=ZGVmYXVsdGRvbWFpbnxlc2NvbGFuYXJjaXNtb250dXJpb2x8Z3g6MjkyOWNmZDBkYWE4NDIzNw\"><strong>sol\u00b7licitud<\/strong><\/a> amb la prescripci\u00f3 m\u00e8dica que us podreu descarregar de la p\u00e0gina web de l&#8217;escola.<\/p>\n<p>No es pot venir a l\u2019escola quan un alumne est\u00e0\u00a0malalt, <strong>t\u00e9 febre<\/strong> o polls.<\/p>\n<p>Les fam\u00edlies comunicaran a l\u2019escola la informaci\u00f3 rellevant o <b>observacions m\u00e8diques<\/b> sobre el seu fill\/a en un document que es donar\u00e0 a inici de curs, o mitjant\u00e7ant algun document m\u00e8dic al llarg del curs.<\/p>\n<p>En cas de\u00a0<b>malaltia<\/b>\u00a0o\u00a0<b>accident dins l\u2019horari lectiu<\/b>, el centre avisar\u00e0 als pares o familiars. En cas de no localitzar-los, s\u2019atendr\u00e0 la situaci\u00f3 amb dilig\u00e8ncia, d\u2019acord amb la normativa vigent.<\/p>\n<p>En la mesura del possible heu de portar o enviar al mestre el certificat de visita del metge, en cas que hi aneu, per tal de justificar la seva abs\u00e8ncia.<\/p>\n","protected":false},"excerpt":{"rendered":"<p>A l\u2019escola no es donaran\u00a0medicaments; excepte si les fam\u00edlies ho sol\u00b7liciten al centre, acompanyant la <a href=\"https:\/\/docs.google.com\/viewer?a=v&amp;pid=sites&amp;srcid=ZGVmYXVsdGRvbWFpbnxlc2NvbGFuYXJjaXNtb250dXJpb2x8Z3g6MjkyOWNmZDBkYWE4NDIzNw\">sol\u00b7licitud<\/a> amb la prescripci\u00f3 m\u00e8dica que us podreu descarregar de la p\u00e0gina web de l&#8217;escola.<br \/>\nNo es pot venir a l\u2019escola quan un alumne est\u00e0\u00a0malalt, t\u00e9 febre o polls.<br \/>\nLes fam\u00edlies&hellip;  <a href=\"https:\/\/agora.xtec.cat\/ceipnarcismonturiol\/salut\/\" title=\"Read Salut\">Llegeix m\u00e9s\u00bb<\/a><\/p>\n","protected":false},"author":1,"featured_media":0,"parent":0,"menu_order":80,"comment_status":"closed","ping_status":"closed","template":"page-templates\/side-menu.php","meta":{"_bbp_topic_count":0,"_bbp_reply_count":0,"_bbp_total_topic_count":0,"_bbp_total_reply_count":0,"_bbp_voice_count":0,"_bbp_anonymous_reply_count":0,"_bbp_topic_count_hidden":0,"_bbp_reply_count_hidden":0,"_bbp_forum_subforum_count":0,"footnotes":""},"class_list":["post-38","page","type-page","status-publish","hentry"],"post_mailing_queue_ids":[],"_links":{"self":[{"href":"https:\/\/agora.xtec.cat\/ceipnarcismonturiol\/wp-json\/wp\/v2\/pages\/38","targetHints":{"allow":["GET"]}}],"collection":[{"href":"https:\/\/agora.xtec.cat\/ceipnarcismonturiol\/wp-json\/wp\/v2\/pages"}],"about":[{"href":"https:\/\/agora.xtec.cat\/ceipnarcismonturiol\/wp-json\/wp\/v2\/types\/page"}],"author":[{"embeddable":true,"href":"https:\/\/agora.xtec.cat\/ceipnarcismonturiol\/wp-json\/wp\/v2\/users\/1"}],"replies":[{"embeddable":true,"href":"https:\/\/agora.xtec.cat\/ceipnarcismonturiol\/wp-json\/wp\/v2\/comments?post=38"}],"version-history":[{"count":3,"href":"https:\/\/agora.xtec.cat\/ceipnarcismonturiol\/wp-json\/wp\/v2\/pages\/38\/revisions"}],"predecessor-version":[{"id":1310,"href":"https:\/\/agora.xtec.cat\/ceipnarcismonturiol\/wp-json\/wp\/v2\/pages\/38\/revisions\/1310"}],"wp:attachment":[{"href":"https:\/\/agora.xtec.cat\/ceipnarcismonturiol\/wp-json\/wp\/v2\/media?parent=38"}],"curies":[{"name":"wp","href":"https:\/\/api.w.org\/{rel}","templated":true}]}}