{"id":5844,"date":"2026-03-04T12:59:03","date_gmt":"2026-03-04T11:59:03","guid":{"rendered":"https:\/\/agora.xtec.cat\/ceipnapoleosoliva\/?page_id=5844"},"modified":"2026-03-04T13:42:02","modified_gmt":"2026-03-04T12:42:02","slug":"preinscripcions","status":"publish","type":"page","link":"https:\/\/agora.xtec.cat\/ceipnapoleosoliva\/preinscripcions\/","title":{"rendered":"PREINSCRIPCIONS"},"content":{"rendered":"<p><span style=\"font-weight: 400;\">PREINSCRIPCI\u00d3 I MATR\u00cdCULA<\/span><\/p>\n<p><span style=\"font-weight: 400;\">En aquesta secci\u00f3 trobareu les\u00a0<\/span><b>informacions del\u00a0proc\u00e9s de preinscripci\u00f3 del proper curs 2026-2027<\/b><span style=\"font-weight: 400;\">\u00a0, el tr\u00e0mit \u00e9s online,\u00a0 a la web oficial de la Generalitat a on hi trobareu l\u2019acc\u00e9s a la sol\u00b7licitud i tota la informaci\u00f3 oficial.<\/span><\/p>\n<p><a href=\"https:\/\/preinscripcio.gencat.cat\/ca\/inici\"><span style=\"font-weight: 400;\">https:\/\/preinscripcio.gencat.cat\/ca\/inici<\/span><\/a><\/p>\n<p><span style=\"font-weight: 400;\">Per a informaci\u00f3 general del proc\u00e9s i\/o incid\u00e8ncies, podeu trucar al 012.<\/span><\/p>\n<p><span style=\"font-weight: 400;\">\u00c9s <\/span><b>MOLT IMPORTANT<\/b><span style=\"font-weight: 400;\">, fer els tr\u00e0mits de preinscripci\u00f3 dins del termini corresponent, tenint en compte el calendari i fer-ne el seguiment per a poder gestionar possibles incid\u00e8ncies dins dels terminis marcats.<\/span><\/p>\n<p><b>CALENDARI: <\/b><b>\u00a0del 4 al 18 de mar\u00e7 (ambd\u00f3s inclosos)<\/b><\/p>\n<p><span style=\"font-weight: 400;\">Us deixem l\u2019enlla\u00e7 al web oficial d\u2019informaci\u00f3 de la Generalitat i acc\u00e9s a la sol.licitud de preinscripci\u00f3 d\u2019educaci\u00f3 infantil:<\/span><\/p>\n<p><a href=\"https:\/\/preinscripcio.gencat.cat\/ca\/estudis\/infantil-3-6\/preinscriute\/sollicitud\/\"><span style=\"font-weight: 400;\">https:\/\/preinscripcio.gencat.cat\/ca\/estudis\/infantil-3-6\/preinscriute\/sollicitud\/<\/span><\/a><\/p>\n<p><span style=\"font-weight: 400;\">Us deixem l\u2019enlla\u00e7 al web oficial d\u2019informaci\u00f3 de la Generalitat i acc\u00e9s a la sol.licitud de preinscripci\u00f3 d\u2019educaci\u00f3 prim\u00e0ria:<\/span><\/p>\n<p><a href=\"https:\/\/preinscripcio.gencat.cat\/ca\/estudis\/primaria\/preinscriute\/sollicitud\/\"><span style=\"font-weight: 400;\">https:\/\/preinscripcio.gencat.cat\/ca\/estudis\/primaria\/preinscriute\/sollicitud\/<\/span><\/a><\/p>\n<p><b>*Publicaci\u00f3 oferta inicial places\u00a0<\/b><\/p>\n<p><a href=\"https:\/\/drive.google.com\/file\/d\/1t7zxnjgo59rPggqUEhAza-clhLqhJP6b\/view?usp=drive_link\"><span style=\"font-weight: 400;\">Oferta inicial curs 26-27<\/span><\/a><\/p>\n<p><b>*Publicaci\u00f3 llista sol\u00b7licituds amb la puntuaci\u00f3 provisional<\/b><\/p>\n<p>&nbsp;<\/p>\n<p><b>*Publicaci\u00f3 llista sol\u00b7licituds amb la puntuaci\u00f3 un cop resoltes les reclamacions\u00a0<\/b><\/p>\n<p>&nbsp;<\/p>\n<p><b>*Publicaci\u00f3 llista sol\u00b7licituds amb la puntuaci\u00f3 ordenada<\/b><\/p>\n<p>&nbsp;<\/p>\n<p><span style=\"font-weight: 400;\">Les fam\u00edlies podran accedir a la consulta individual, accedint a\u00a0<\/span><a href=\"https:\/\/preinscripcio.gencat.cat\/ca\/estudis\/primaria\/preinscriute\/seguiment-sollicitud\/llista-sollicituds-puntuacio\/\"><span style=\"font-weight: 400;\">Consulta la llista de sol\u00b7licituds amb la puntuaci\u00f3 provisional<\/span><\/a><span style=\"font-weight: 400;\">, amb el DNI, NIE o passaport de la persona que va presentar la sol\u00b7licitud i el seu codi, a la web\u00a0<\/span><a href=\"http:\/\/preinscripcio.gencat.cat\/\"><span style=\"font-weight: 400;\">preinscripcio.gencat.cat<\/span><\/a><span style=\"font-weight: 400;\">.<\/span><\/p>\n<p><b>*Publicaci\u00f3 llista alumnes assignats al centre amb indicaci\u00f3 de la primera petici\u00f3<\/b><\/p>\n<p>&nbsp;<\/p>\n","protected":false},"excerpt":{"rendered":"<p>PREINSCRIPCI\u00d3 I MATR\u00cdCULA<br \/>\nEn aquesta secci\u00f3 trobareu les\u00a0informacions del\u00a0proc\u00e9s de preinscripci\u00f3 del proper curs 2026-2027\u00a0, el tr\u00e0mit \u00e9s online,\u00a0 a la web oficial de la Generalitat a on hi trobareu l\u2019acc\u00e9s a la sol\u00b7licitud i tota la informaci\u00f3 oficial.<br \/>\n<a href=\"https:\/\/preinscripcio.gencat.cat\/ca\/inici\">https:\/\/preinscripcio.gencat.cat\/ca\/inici<\/a><br \/>\nPer a informaci\u00f3 general del proc\u00e9s i\/o&hellip;  <a href=\"https:\/\/agora.xtec.cat\/ceipnapoleosoliva\/preinscripcions\/\" title=\"Read PREINSCRIPCIONS\">Llegeix m\u00e9s\u00bb<\/a><\/p>\n","protected":false},"author":1,"featured_media":0,"parent":0,"menu_order":0,"comment_status":"closed","ping_status":"closed","template":"","meta":{"_bbp_topic_count":0,"_bbp_reply_count":0,"_bbp_total_topic_count":0,"_bbp_total_reply_count":0,"_bbp_voice_count":0,"_bbp_anonymous_reply_count":0,"_bbp_topic_count_hidden":0,"_bbp_reply_count_hidden":0,"_bbp_forum_subforum_count":0,"footnotes":""},"class_list":["post-5844","page","type-page","status-publish","hentry"],"post_mailing_queue_ids":[],"_links":{"self":[{"href":"https:\/\/agora.xtec.cat\/ceipnapoleosoliva\/wp-json\/wp\/v2\/pages\/5844","targetHints":{"allow":["GET"]}}],"collection":[{"href":"https:\/\/agora.xtec.cat\/ceipnapoleosoliva\/wp-json\/wp\/v2\/pages"}],"about":[{"href":"https:\/\/agora.xtec.cat\/ceipnapoleosoliva\/wp-json\/wp\/v2\/types\/page"}],"author":[{"embeddable":true,"href":"https:\/\/agora.xtec.cat\/ceipnapoleosoliva\/wp-json\/wp\/v2\/users\/1"}],"replies":[{"embeddable":true,"href":"https:\/\/agora.xtec.cat\/ceipnapoleosoliva\/wp-json\/wp\/v2\/comments?post=5844"}],"version-history":[{"count":2,"href":"https:\/\/agora.xtec.cat\/ceipnapoleosoliva\/wp-json\/wp\/v2\/pages\/5844\/revisions"}],"predecessor-version":[{"id":5858,"href":"https:\/\/agora.xtec.cat\/ceipnapoleosoliva\/wp-json\/wp\/v2\/pages\/5844\/revisions\/5858"}],"wp:attachment":[{"href":"https:\/\/agora.xtec.cat\/ceipnapoleosoliva\/wp-json\/wp\/v2\/media?parent=5844"}],"curies":[{"name":"wp","href":"https:\/\/api.w.org\/{rel}","templated":true}]}}