{"id":5372,"date":"2024-11-06T13:15:24","date_gmt":"2024-11-06T12:15:24","guid":{"rendered":"https:\/\/agora.xtec.cat\/ceipnapoleosoliva\/?page_id=5372"},"modified":"2024-11-06T13:53:13","modified_gmt":"2024-11-06T12:53:13","slug":"fruita-a-les-escoles","status":"publish","type":"page","link":"https:\/\/agora.xtec.cat\/ceipnapoleosoliva\/programes-escolars\/fruita-a-les-escoles\/","title":{"rendered":"Fruita a les escoles"},"content":{"rendered":"<p>Com cada any, la nostra escola segueix adherida al programa \u201cFRUITA I LLET A LES ESCOLES!\u201c, \u00e9s una iniciativa de la Uni\u00f3 Europea amb l&#8217;acci\u00f3 conjunta dels departaments d&#8217;Agricultura, Salut i Ensenyament qu<span style=\"font-family: inherit; font-size: 1em;\">e pret\u00e9n augmentar el consum de fruites i hortalisses i consolidar h\u00e0bits de consum saludables a trav\u00e9s de la distribuci\u00f3 gratu\u00efta de fruites i hortalisses fresques a l\u2019alumnat de 3 a 12 anys.<\/span><\/p>\n<div id=\"bloc2_494b5948-f653-11e3-862a-000c29cdf219\" class=\"panel-collapse collapsible collapse in\">\n<div class=\"col-xs-12 columna_esquerra\">\n<div class=\"cos_bloc basic_text_peq pd-15 link-dotted\">\n<p><img loading=\"lazy\" decoding=\"async\" class=\"aligncenter size-large wp-image-5402\" src=\"https:\/\/agora.xtec.cat\/ceipnapoleosoliva\/wp-content\/uploads\/usu1844\/2024\/11\/af-fruites_triptic_page-0001-1024x738.jpg\" alt=\"\" width=\"1024\" height=\"738\" srcset=\"https:\/\/agora.xtec.cat\/ceipnapoleosoliva\/wp-content\/uploads\/usu1844\/2024\/11\/af-fruites_triptic_page-0001-1024x738.jpg 1024w, https:\/\/agora.xtec.cat\/ceipnapoleosoliva\/wp-content\/uploads\/usu1844\/2024\/11\/af-fruites_triptic_page-0001-300x216.jpg 300w, https:\/\/agora.xtec.cat\/ceipnapoleosoliva\/wp-content\/uploads\/usu1844\/2024\/11\/af-fruites_triptic_page-0001-768x554.jpg 768w, https:\/\/agora.xtec.cat\/ceipnapoleosoliva\/wp-content\/uploads\/usu1844\/2024\/11\/af-fruites_triptic_page-0001-1536x1107.jpg 1536w, https:\/\/agora.xtec.cat\/ceipnapoleosoliva\/wp-content\/uploads\/usu1844\/2024\/11\/af-fruites_triptic_page-0001.jpg 1842w\" sizes=\"auto, (max-width: 1024px) 100vw, 1024px\" \/> <img loading=\"lazy\" decoding=\"async\" class=\"aligncenter size-large wp-image-5401\" src=\"https:\/\/agora.xtec.cat\/ceipnapoleosoliva\/wp-content\/uploads\/usu1844\/2024\/11\/af-fruites_triptic_page-0002-1024x738.jpg\" alt=\"\" width=\"1024\" height=\"738\" srcset=\"https:\/\/agora.xtec.cat\/ceipnapoleosoliva\/wp-content\/uploads\/usu1844\/2024\/11\/af-fruites_triptic_page-0002-1024x738.jpg 1024w, https:\/\/agora.xtec.cat\/ceipnapoleosoliva\/wp-content\/uploads\/usu1844\/2024\/11\/af-fruites_triptic_page-0002-300x216.jpg 300w, https:\/\/agora.xtec.cat\/ceipnapoleosoliva\/wp-content\/uploads\/usu1844\/2024\/11\/af-fruites_triptic_page-0002-768x554.jpg 768w, https:\/\/agora.xtec.cat\/ceipnapoleosoliva\/wp-content\/uploads\/usu1844\/2024\/11\/af-fruites_triptic_page-0002-1536x1107.jpg 1536w, https:\/\/agora.xtec.cat\/ceipnapoleosoliva\/wp-content\/uploads\/usu1844\/2024\/11\/af-fruites_triptic_page-0002.jpg 1842w\" sizes=\"auto, (max-width: 1024px) 100vw, 1024px\" \/><\/p>\n<\/div>\n<\/div>\n<\/div>\n","protected":false},"excerpt":{"rendered":"<p>Com cada any, la nostra escola segueix adherida al programa \u201cFRUITA I LLET A LES ESCOLES!\u201c, \u00e9s una iniciativa de la Uni\u00f3 Europea amb l&#8217;acci\u00f3 conjunta dels departaments d&#8217;Agricultura, Salut i Ensenyament que pret\u00e9n augmentar el consum de fruites i hortalisses i consolidar h\u00e0bits de&hellip;  <a href=\"https:\/\/agora.xtec.cat\/ceipnapoleosoliva\/programes-escolars\/fruita-a-les-escoles\/\" title=\"Read Fruita a les escoles\">Llegeix m\u00e9s\u00bb<\/a><\/p>\n","protected":false},"author":1,"featured_media":0,"parent":5390,"menu_order":2,"comment_status":"closed","ping_status":"closed","template":"page-templates\/side-menu.php","meta":{"_bbp_topic_count":0,"_bbp_reply_count":0,"_bbp_total_topic_count":0,"_bbp_total_reply_count":0,"_bbp_voice_count":0,"_bbp_anonymous_reply_count":0,"_bbp_topic_count_hidden":0,"_bbp_reply_count_hidden":0,"_bbp_forum_subforum_count":0,"footnotes":""},"class_list":["post-5372","page","type-page","status-publish","hentry"],"post_mailing_queue_ids":[],"_links":{"self":[{"href":"https:\/\/agora.xtec.cat\/ceipnapoleosoliva\/wp-json\/wp\/v2\/pages\/5372","targetHints":{"allow":["GET"]}}],"collection":[{"href":"https:\/\/agora.xtec.cat\/ceipnapoleosoliva\/wp-json\/wp\/v2\/pages"}],"about":[{"href":"https:\/\/agora.xtec.cat\/ceipnapoleosoliva\/wp-json\/wp\/v2\/types\/page"}],"author":[{"embeddable":true,"href":"https:\/\/agora.xtec.cat\/ceipnapoleosoliva\/wp-json\/wp\/v2\/users\/1"}],"replies":[{"embeddable":true,"href":"https:\/\/agora.xtec.cat\/ceipnapoleosoliva\/wp-json\/wp\/v2\/comments?post=5372"}],"version-history":[{"count":4,"href":"https:\/\/agora.xtec.cat\/ceipnapoleosoliva\/wp-json\/wp\/v2\/pages\/5372\/revisions"}],"predecessor-version":[{"id":5405,"href":"https:\/\/agora.xtec.cat\/ceipnapoleosoliva\/wp-json\/wp\/v2\/pages\/5372\/revisions\/5405"}],"up":[{"embeddable":true,"href":"https:\/\/agora.xtec.cat\/ceipnapoleosoliva\/wp-json\/wp\/v2\/pages\/5390"}],"wp:attachment":[{"href":"https:\/\/agora.xtec.cat\/ceipnapoleosoliva\/wp-json\/wp\/v2\/media?parent=5372"}],"curies":[{"name":"wp","href":"https:\/\/api.w.org\/{rel}","templated":true}]}}