{"id":4482,"date":"2023-10-11T13:35:42","date_gmt":"2023-10-11T11:35:42","guid":{"rendered":"https:\/\/agora.xtec.cat\/ceipnapoleosoliva\/?page_id=4482"},"modified":"2023-11-29T13:25:55","modified_gmt":"2023-11-29T12:25:55","slug":"estrategia-digital-de-centre","status":"publish","type":"page","link":"https:\/\/agora.xtec.cat\/ceipnapoleosoliva\/documents\/estrategia-digital-de-centre\/","title":{"rendered":"Estrat\u00e8gia Digital de Centre"},"content":{"rendered":"<p>L\u2019Estrat\u00e8gia Digital de Centre (EDC) t\u00e9, b\u00e0sicament dues parts.<br \/>\nUna primera part que \u00e9s m\u00e9s estrat\u00e8gica (objectius, activitats, planificaci\u00f3, etc.), on es defineix on vol arribar el centre digitalment parlant.<br \/>\nLa segona part mostra la cultura digital, ja que \u00e9s on es va recollint el que el centre ja t\u00e9 establert en aquest sentit.<\/p>\n<p>Durant el curs 21-22 la comissi\u00f3 digital va realitzar la diagnosi i van redactar uns objectius que posteriorment es van presentar a claustre i a causa de la quantitat d\u2019objectius que hi havia (7) es va fer una prioritzaci\u00f3 conjunta amb tot l\u2019equip i es van triar 4 per elaborar l\u2019EDC.<\/p>\n<p><a href=\"https:\/\/sites.google.com\/xtec.cat\/model-site-estratgia-digital-d\/benvinguda\"><img loading=\"lazy\" decoding=\"async\" class=\"aligncenter wp-image-4808\" src=\"https:\/\/agora.xtec.cat\/ceipnapoleosoliva\/wp-content\/uploads\/usu1844\/2023\/11\/Captura-de-pantalla-2023-11-29-131656-300x163.jpg\" alt=\"\" width=\"500\" height=\"271\" srcset=\"https:\/\/agora.xtec.cat\/ceipnapoleosoliva\/wp-content\/uploads\/usu1844\/2023\/11\/Captura-de-pantalla-2023-11-29-131656-300x163.jpg 300w, https:\/\/agora.xtec.cat\/ceipnapoleosoliva\/wp-content\/uploads\/usu1844\/2023\/11\/Captura-de-pantalla-2023-11-29-131656-768x417.jpg 768w, https:\/\/agora.xtec.cat\/ceipnapoleosoliva\/wp-content\/uploads\/usu1844\/2023\/11\/Captura-de-pantalla-2023-11-29-131656.jpg 835w\" sizes=\"auto, (max-width: 500px) 100vw, 500px\" \/><\/a><\/p>\n","protected":false},"excerpt":{"rendered":"<p>L\u2019Estrat\u00e8gia Digital de Centre (EDC) t\u00e9, b\u00e0sicament dues parts.<br \/>\nUna primera part que \u00e9s m\u00e9s estrat\u00e8gica (objectius, activitats, planificaci\u00f3, etc.), on es defineix on vol arribar el centre digitalment parlant.<br \/>\nLa segona part mostra la cultura digital, ja que \u00e9s on es va recollint el que el&hellip;  <a href=\"https:\/\/agora.xtec.cat\/ceipnapoleosoliva\/documents\/estrategia-digital-de-centre\/\" title=\"Read Estrat\u00e8gia Digital de Centre\">Llegeix m\u00e9s\u00bb<\/a><\/p>\n","protected":false},"author":1,"featured_media":0,"parent":4477,"menu_order":0,"comment_status":"closed","ping_status":"closed","template":"page-templates\/side-menu.php","meta":{"_bbp_topic_count":0,"_bbp_reply_count":0,"_bbp_total_topic_count":0,"_bbp_total_reply_count":0,"_bbp_voice_count":0,"_bbp_anonymous_reply_count":0,"_bbp_topic_count_hidden":0,"_bbp_reply_count_hidden":0,"_bbp_forum_subforum_count":0,"footnotes":""},"class_list":["post-4482","page","type-page","status-publish","hentry"],"post_mailing_queue_ids":[],"_links":{"self":[{"href":"https:\/\/agora.xtec.cat\/ceipnapoleosoliva\/wp-json\/wp\/v2\/pages\/4482","targetHints":{"allow":["GET"]}}],"collection":[{"href":"https:\/\/agora.xtec.cat\/ceipnapoleosoliva\/wp-json\/wp\/v2\/pages"}],"about":[{"href":"https:\/\/agora.xtec.cat\/ceipnapoleosoliva\/wp-json\/wp\/v2\/types\/page"}],"author":[{"embeddable":true,"href":"https:\/\/agora.xtec.cat\/ceipnapoleosoliva\/wp-json\/wp\/v2\/users\/1"}],"replies":[{"embeddable":true,"href":"https:\/\/agora.xtec.cat\/ceipnapoleosoliva\/wp-json\/wp\/v2\/comments?post=4482"}],"version-history":[{"count":3,"href":"https:\/\/agora.xtec.cat\/ceipnapoleosoliva\/wp-json\/wp\/v2\/pages\/4482\/revisions"}],"predecessor-version":[{"id":4813,"href":"https:\/\/agora.xtec.cat\/ceipnapoleosoliva\/wp-json\/wp\/v2\/pages\/4482\/revisions\/4813"}],"up":[{"embeddable":true,"href":"https:\/\/agora.xtec.cat\/ceipnapoleosoliva\/wp-json\/wp\/v2\/pages\/4477"}],"wp:attachment":[{"href":"https:\/\/agora.xtec.cat\/ceipnapoleosoliva\/wp-json\/wp\/v2\/media?parent=4482"}],"curies":[{"name":"wp","href":"https:\/\/api.w.org\/{rel}","templated":true}]}}