{"id":4456,"date":"2023-10-11T13:35:41","date_gmt":"2023-10-11T11:35:41","guid":{"rendered":"https:\/\/agora.xtec.cat\/ceipnapoleosoliva\/?page_id=4456"},"modified":"2023-11-12T17:34:17","modified_gmt":"2023-11-12T16:34:17","slug":"historia","status":"publish","type":"page","link":"https:\/\/agora.xtec.cat\/ceipnapoleosoliva\/lescola\/historia\/","title":{"rendered":"Hist\u00f2ria"},"content":{"rendered":"<p class=\"cvGsUA direction-ltr align-center para-style-body\"><span class=\"OYPEnA text-decoration-none text-strikethrough-none\"><a href=\"https:\/\/agora.xtec.cat\/ceipnapoleosoliva\/wp-content\/uploads\/usu1844\/2023\/11\/ESCOLA.jpg\"><img loading=\"lazy\" decoding=\"async\" class=\" wp-image-4637 alignright\" src=\"https:\/\/agora.xtec.cat\/ceipnapoleosoliva\/wp-content\/uploads\/usu1844\/2023\/11\/ESCOLA-300x225.jpg\" alt=\"\" width=\"367\" height=\"275\" srcset=\"https:\/\/agora.xtec.cat\/ceipnapoleosoliva\/wp-content\/uploads\/usu1844\/2023\/11\/ESCOLA-300x225.jpg 300w, https:\/\/agora.xtec.cat\/ceipnapoleosoliva\/wp-content\/uploads\/usu1844\/2023\/11\/ESCOLA-200x150.jpg 200w, https:\/\/agora.xtec.cat\/ceipnapoleosoliva\/wp-content\/uploads\/usu1844\/2023\/11\/ESCOLA.jpg 400w\" sizes=\"auto, (max-width: 367px) 100vw, 367px\" \/><\/a><\/span><\/p>\n<p class=\"cvGsUA direction-ltr align-center para-style-body\"><span class=\"OYPEnA text-decoration-none text-strikethrough-none\">L\u00b4any 1979 es va obrir una nova escola a Blanes, perqu\u00e8 l\u2019escola p\u00fablica Joaquim Ruyra, que acollia els alumnes dels barris dels Pins, Blanes centre i Plantera no disposava de suficient espai per assumir tan d\u2019alumnat.<\/span><\/p>\n<p class=\"cvGsUA direction-ltr align-justify para-style-body\"><span class=\"OYPEnA text-decoration-none text-strikethrough-none\">El centre va ser constru\u00eft al barri de la Plantera , tal i com el coneixem ara, amb un edifici principal per prim\u00e0ria i un altre edifici on es situava el parvulari.<\/span><\/p>\n<p class=\"cvGsUA direction-ltr align-justify para-style-body\"><span class=\"OYPEnA text-decoration-none text-strikethrough-none\">Inicialment era coneguda amb el nom de la Plantera, ja que no disposava encara del nom oficial. El curs seg\u00fcent, en una assemblea amb les fam\u00edlies es va decidir anomenar l\u2019escola amb el nom de Napole\u00f3 Soliva com a reconeixement a un mestre del poble.<\/span><\/p>\n<p class=\"cvGsUA direction-ltr align-justify para-style-body\"><span class=\"OYPEnA text-decoration-none text-strikethrough-none\">L\u00b4equip de mestres de l\u2019escola va dissenyar un projecte pedag\u00f2gic innovador i pioner . Aquest projecte contemplava la creaci\u00f3 de diversos tallers en els quals els alumnes aprenien continguts curriculars per mitj\u00e0 d\u2019activitats manipulatives. Tamb\u00e9 va ser una escola pionera en la construcci\u00f3 i \u00fas escolar d\u2019un hivernacle constru\u00eft amb l\u2019ajuda de pares i mares del centre.<\/span><\/p>\n<p class=\"cvGsUA direction-ltr align-justify para-style-body\"><span class=\"OYPEnA text-decoration-none text-strikethrough-none\">Actualment som una escola d\u00b4una l\u00ednia , amb algun curs duplicat. Despr\u00e9s d\u00b4uns quants anys hem recuperat els Tallers i hem iniciat el projecte d\u00b4Ambients a Educaci\u00f3 Infantil.<\/span><\/p>\n<p class=\"cvGsUA direction-ltr align-justify para-style-body\"><span class=\"OYPEnA text-decoration-none text-strikethrough-none\">Som una Escola de m\u00e9s de 40 anys d\u00b4experi\u00e8ncia que seguim amb ganes d\u00b4aprendre i oferir el millor de nosaltres!<\/span><\/p>\n","protected":false},"excerpt":{"rendered":"<p><a href=\"https:\/\/agora.xtec.cat\/ceipnapoleosoliva\/wp-content\/uploads\/usu1844\/2023\/11\/ESCOLA.jpg\"><\/a><br \/>\nL\u00b4any 1979 es va obrir una nova escola a Blanes, perqu\u00e8 l\u2019escola p\u00fablica Joaquim Ruyra, que acollia els alumnes dels barris dels Pins, Blanes centre i Plantera no disposava de suficient espai per assumir tan d\u2019alumnat.<br \/>\nEl centre va ser constru\u00eft al barri de la&hellip;  <a href=\"https:\/\/agora.xtec.cat\/ceipnapoleosoliva\/lescola\/historia\/\" title=\"Read Hist\u00f2ria\">Llegeix m\u00e9s\u00bb<\/a><\/p>\n","protected":false},"author":1,"featured_media":0,"parent":4461,"menu_order":0,"comment_status":"closed","ping_status":"closed","template":"page-templates\/side-menu.php","meta":{"_bbp_topic_count":0,"_bbp_reply_count":0,"_bbp_total_topic_count":0,"_bbp_total_reply_count":0,"_bbp_voice_count":0,"_bbp_anonymous_reply_count":0,"_bbp_topic_count_hidden":0,"_bbp_reply_count_hidden":0,"_bbp_forum_subforum_count":0,"footnotes":""},"class_list":["post-4456","page","type-page","status-publish","hentry"],"post_mailing_queue_ids":[],"_links":{"self":[{"href":"https:\/\/agora.xtec.cat\/ceipnapoleosoliva\/wp-json\/wp\/v2\/pages\/4456","targetHints":{"allow":["GET"]}}],"collection":[{"href":"https:\/\/agora.xtec.cat\/ceipnapoleosoliva\/wp-json\/wp\/v2\/pages"}],"about":[{"href":"https:\/\/agora.xtec.cat\/ceipnapoleosoliva\/wp-json\/wp\/v2\/types\/page"}],"author":[{"embeddable":true,"href":"https:\/\/agora.xtec.cat\/ceipnapoleosoliva\/wp-json\/wp\/v2\/users\/1"}],"replies":[{"embeddable":true,"href":"https:\/\/agora.xtec.cat\/ceipnapoleosoliva\/wp-json\/wp\/v2\/comments?post=4456"}],"version-history":[{"count":4,"href":"https:\/\/agora.xtec.cat\/ceipnapoleosoliva\/wp-json\/wp\/v2\/pages\/4456\/revisions"}],"predecessor-version":[{"id":4638,"href":"https:\/\/agora.xtec.cat\/ceipnapoleosoliva\/wp-json\/wp\/v2\/pages\/4456\/revisions\/4638"}],"up":[{"embeddable":true,"href":"https:\/\/agora.xtec.cat\/ceipnapoleosoliva\/wp-json\/wp\/v2\/pages\/4461"}],"wp:attachment":[{"href":"https:\/\/agora.xtec.cat\/ceipnapoleosoliva\/wp-json\/wp\/v2\/media?parent=4456"}],"curies":[{"name":"wp","href":"https:\/\/api.w.org\/{rel}","templated":true}]}}