{"id":4452,"date":"2023-11-08T14:17:11","date_gmt":"2023-11-08T13:17:11","guid":{"rendered":"https:\/\/agora.xtec.cat\/ceipnapoleosoliva\/?page_id=4452"},"modified":"2023-11-14T22:36:12","modified_gmt":"2023-11-14T21:36:12","slug":"horari-datencio-a-les-families","status":"publish","type":"page","link":"https:\/\/agora.xtec.cat\/ceipnapoleosoliva\/lescola\/horari-datencio-a-les-families\/","title":{"rendered":"Horari d\u00b4atenci\u00f3 a les fam\u00edlies"},"content":{"rendered":"<p>Aqu\u00ed teniu els nostres horaris d\u00b4atenci\u00f3 a les fam\u00edlies.<\/p>\n<p><a href=\"https:\/\/agora.xtec.cat\/ceipnapoleosoliva\/wp-content\/uploads\/usu1844\/2023\/11\/okhorari-atencio-families-1.jpg\"><img loading=\"lazy\" decoding=\"async\" class=\"aligncenter wp-image-4745 size-large\" src=\"https:\/\/agora.xtec.cat\/ceipnapoleosoliva\/wp-content\/uploads\/usu1844\/2023\/11\/okhorari-atencio-families-1-1024x724.jpg\" alt=\"\" width=\"1024\" height=\"724\" srcset=\"https:\/\/agora.xtec.cat\/ceipnapoleosoliva\/wp-content\/uploads\/usu1844\/2023\/11\/okhorari-atencio-families-1-1024x724.jpg 1024w, https:\/\/agora.xtec.cat\/ceipnapoleosoliva\/wp-content\/uploads\/usu1844\/2023\/11\/okhorari-atencio-families-1-300x212.jpg 300w, https:\/\/agora.xtec.cat\/ceipnapoleosoliva\/wp-content\/uploads\/usu1844\/2023\/11\/okhorari-atencio-families-1-768x543.jpg 768w, https:\/\/agora.xtec.cat\/ceipnapoleosoliva\/wp-content\/uploads\/usu1844\/2023\/11\/okhorari-atencio-families-1-1536x1086.jpg 1536w, https:\/\/agora.xtec.cat\/ceipnapoleosoliva\/wp-content\/uploads\/usu1844\/2023\/11\/okhorari-atencio-families-1.jpg 2000w\" sizes=\"auto, (max-width: 1024px) 100vw, 1024px\" \/><\/a><\/p>\n","protected":false},"excerpt":{"rendered":"<p>Aqu\u00ed teniu els nostres horaris d\u00b4atenci\u00f3 a les fam\u00edlies.<br \/>\n<a href=\"https:\/\/agora.xtec.cat\/ceipnapoleosoliva\/wp-content\/uploads\/usu1844\/2023\/11\/okhorari-atencio-families-1.jpg\"><\/a><\/p>\n","protected":false},"author":1,"featured_media":0,"parent":4461,"menu_order":0,"comment_status":"closed","ping_status":"closed","template":"page-templates\/side-menu.php","meta":{"_bbp_topic_count":0,"_bbp_reply_count":0,"_bbp_total_topic_count":0,"_bbp_total_reply_count":0,"_bbp_voice_count":0,"_bbp_anonymous_reply_count":0,"_bbp_topic_count_hidden":0,"_bbp_reply_count_hidden":0,"_bbp_forum_subforum_count":0,"footnotes":""},"class_list":["post-4452","page","type-page","status-publish","hentry"],"post_mailing_queue_ids":[],"_links":{"self":[{"href":"https:\/\/agora.xtec.cat\/ceipnapoleosoliva\/wp-json\/wp\/v2\/pages\/4452","targetHints":{"allow":["GET"]}}],"collection":[{"href":"https:\/\/agora.xtec.cat\/ceipnapoleosoliva\/wp-json\/wp\/v2\/pages"}],"about":[{"href":"https:\/\/agora.xtec.cat\/ceipnapoleosoliva\/wp-json\/wp\/v2\/types\/page"}],"author":[{"embeddable":true,"href":"https:\/\/agora.xtec.cat\/ceipnapoleosoliva\/wp-json\/wp\/v2\/users\/1"}],"replies":[{"embeddable":true,"href":"https:\/\/agora.xtec.cat\/ceipnapoleosoliva\/wp-json\/wp\/v2\/comments?post=4452"}],"version-history":[{"count":3,"href":"https:\/\/agora.xtec.cat\/ceipnapoleosoliva\/wp-json\/wp\/v2\/pages\/4452\/revisions"}],"predecessor-version":[{"id":4747,"href":"https:\/\/agora.xtec.cat\/ceipnapoleosoliva\/wp-json\/wp\/v2\/pages\/4452\/revisions\/4747"}],"up":[{"embeddable":true,"href":"https:\/\/agora.xtec.cat\/ceipnapoleosoliva\/wp-json\/wp\/v2\/pages\/4461"}],"wp:attachment":[{"href":"https:\/\/agora.xtec.cat\/ceipnapoleosoliva\/wp-json\/wp\/v2\/media?parent=4452"}],"curies":[{"name":"wp","href":"https:\/\/api.w.org\/{rel}","templated":true}]}}