{"id":816,"date":"2019-12-18T18:44:12","date_gmt":"2019-12-18T17:44:12","guid":{"rendered":"https:\/\/agora.xtec.cat\/ceipnadal\/?page_id=816"},"modified":"2025-06-09T12:15:26","modified_gmt":"2025-06-09T10:15:26","slug":"documentacio-del-centre","status":"publish","type":"page","link":"https:\/\/agora.xtec.cat\/ceipnadal\/lescola\/documentacio-del-centre\/","title":{"rendered":"Documentaci\u00f3 del centre"},"content":{"rendered":"<p><strong>PROJECTE LING\u00dc\u00cdSTIC<\/strong><\/p>\n<p><a href=\"https:\/\/agora.xtec.cat\/ceipnadal\/wp-content\/uploads\/usu2021\/2025\/06\/PLC-ESCOLA-NADAL-en-proces.pdf\" target=\"_blank\" rel=\"noopener\">PLC ESCOLA NADAL en proc\u00e9s<\/a><\/p>\n<p>&nbsp;<\/p>\n<p><strong>PROJECTE EDUCATIU<\/strong><\/p>\n<p><a href=\"https:\/\/agora.xtec.cat\/ceipnadal\/wp-content\/uploads\/usu2021\/2025\/06\/PEC-ESCOLA-NADAL-en-revisio.pdf\" target=\"_blank\" rel=\"noopener\">PEC ESCOLA NADAL en revisi\u00f3<\/a><\/p>\n<p>&nbsp;<\/p>\n<p><strong>NOFC<\/strong><\/p>\n<p><a href=\"https:\/\/agora.xtec.cat\/ceipnadal\/wp-content\/uploads\/usu2021\/2025\/06\/NOFC-ESCOLA-NADAL-web.pdf\" target=\"_blank\" rel=\"noopener\">NOFC ESCOLA NADAL web<\/a><\/p>\n<p>&nbsp;<\/p>\n<p><strong>PROJECTE DE CONVIV\u00c8NCIA:<\/strong><\/p>\n<p><a href=\"https:\/\/agora.xtec.cat\/ceipnadal\/wp-content\/uploads\/usu2021\/2025\/06\/Projecte-de-convivencia-ESCOLA-NADAL-web.pdf\" target=\"_blank\" rel=\"noopener\">Projecte de conviv\u00e8ncia ESCOLA NADAL web<\/a><\/p>\n<p>&nbsp;<\/p>\n<p><b>PLA D&#8217;EMERG\u00c8NCIA:<\/b><\/p>\n<ul>\n<li><strong>MAPA PUNT REUNI\u00d3 EN CAS D&#8217;EVACUACI\u00d3 DEL CENTRE<\/strong><\/li>\n<\/ul>\n<p><a href=\"https:\/\/agora.xtec.cat\/ceipnadal\/wp-content\/uploads\/usu2021\/2023\/05\/MAPA-PUNT-REUNIO-1.png\"><img loading=\"lazy\" decoding=\"async\" class=\"alignnone size-large wp-image-6255\" src=\"https:\/\/agora.xtec.cat\/ceipnadal\/wp-content\/uploads\/usu2021\/2023\/05\/MAPA-PUNT-REUNIO-1-1024x576.png\" alt=\"\" width=\"1024\" height=\"576\" srcset=\"https:\/\/agora.xtec.cat\/ceipnadal\/wp-content\/uploads\/usu2021\/2023\/05\/MAPA-PUNT-REUNIO-1-1024x576.png 1024w, https:\/\/agora.xtec.cat\/ceipnadal\/wp-content\/uploads\/usu2021\/2023\/05\/MAPA-PUNT-REUNIO-1-300x169.png 300w, https:\/\/agora.xtec.cat\/ceipnadal\/wp-content\/uploads\/usu2021\/2023\/05\/MAPA-PUNT-REUNIO-1-768x432.png 768w, https:\/\/agora.xtec.cat\/ceipnadal\/wp-content\/uploads\/usu2021\/2023\/05\/MAPA-PUNT-REUNIO-1-1536x864.png 1536w, https:\/\/agora.xtec.cat\/ceipnadal\/wp-content\/uploads\/usu2021\/2023\/05\/MAPA-PUNT-REUNIO-1.png 1920w\" sizes=\"auto, (max-width: 1024px) 100vw, 1024px\" \/><\/a><\/p>\n<p>&nbsp;<\/p>\n<ul>\n<li><strong>INSTRUCCIONS EN CAS D&#8217;EVACUACI\u00d3 (ALUMNAT)<\/strong><\/li>\n<\/ul>\n<div style=\"width: 100%;\">\n<div style=\"position: relative; padding-bottom: 56.25%; padding-top: 0; height: 0;\"><iframe loading=\"lazy\" style=\"position: absolute; top: 0; left: 0; width: 100%; height: 100%;\" src=\"https:\/\/view.genial.ly\/618147949bc8c60918a9cf30\" width=\"1200\" height=\"675\" frameborder=\"0\" scrolling=\"yes\" allowfullscreen=\"allowfullscreen\"><\/iframe><\/div>\n<\/div>\n<p>&nbsp;<\/p>\n","protected":false},"excerpt":{"rendered":"<p>PROJECTE LING\u00dc\u00cdSTIC PLC ESCOLA NADAL en proc\u00e9s &nbsp; PROJECTE EDUCATIU PEC ESCOLA NADAL en revisi\u00f3 &nbsp; NOFC NOFC ESCOLA NADAL web &nbsp; PROJECTE DE CONVIV\u00c8NCIA: Projecte de conviv\u00e8ncia ESCOLA NADAL web &nbsp; PLA D&#8217;EMERG\u00c8NCIA: MAPA PUNT REUNI\u00d3 EN CAS D&#8217;EVACUACI\u00d3 DEL CENTRE &nbsp; INSTRUCCIONS EN CAS D&#8217;EVACUACI\u00d3 (ALUMNAT) &nbsp;<\/p>\n","protected":false},"author":1,"featured_media":0,"parent":22,"menu_order":3,"comment_status":"closed","ping_status":"closed","template":"","meta":{"_bbp_topic_count":0,"_bbp_reply_count":0,"_bbp_total_topic_count":0,"_bbp_total_reply_count":0,"_bbp_voice_count":0,"_bbp_anonymous_reply_count":0,"_bbp_topic_count_hidden":0,"_bbp_reply_count_hidden":0,"_bbp_forum_subforum_count":0,"site-sidebar-layout":"default","site-content-layout":"","ast-site-content-layout":"","site-content-style":"default","site-sidebar-style":"default","ast-global-header-display":"","ast-banner-title-visibility":"","ast-main-header-display":"","ast-hfb-above-header-display":"","ast-hfb-below-header-display":"","ast-hfb-mobile-header-display":"","site-post-title":"","ast-breadcrumbs-content":"","ast-featured-img":"","footer-sml-layout":"","theme-transparent-header-meta":"","adv-header-id-meta":"","stick-header-meta":"","header-above-stick-meta":"","header-main-stick-meta":"","header-below-stick-meta":"","astra-migrate-meta-layouts":"default","ast-page-background-enabled":"default","ast-page-background-meta":{"desktop":{"background-color":"var(--ast-global-color-4)","background-image":"","background-repeat":"repeat","background-position":"center center","background-size":"auto","background-attachment":"scroll","background-type":"","background-media":"","overlay-type":"","overlay-color":"","overlay-opacity":"","overlay-gradient":""},"tablet":{"background-color":"","background-image":"","background-repeat":"repeat","background-position":"center center","background-size":"auto","background-attachment":"scroll","background-type":"","background-media":"","overlay-type":"","overlay-color":"","overlay-opacity":"","overlay-gradient":""},"mobile":{"background-color":"","background-image":"","background-repeat":"repeat","background-position":"center center","background-size":"auto","background-attachment":"scroll","background-type":"","background-media":"","overlay-type":"","overlay-color":"","overlay-opacity":"","overlay-gradient":""}},"ast-content-background-meta":{"desktop":{"background-color":"var(--ast-global-color-5)","background-image":"","background-repeat":"repeat","background-position":"center center","background-size":"auto","background-attachment":"scroll","background-type":"","background-media":"","overlay-type":"","overlay-color":"","overlay-opacity":"","overlay-gradient":""},"tablet":{"background-color":"var(--ast-global-color-5)","background-image":"","background-repeat":"repeat","background-position":"center center","background-size":"auto","background-attachment":"scroll","background-type":"","background-media":"","overlay-type":"","overlay-color":"","overlay-opacity":"","overlay-gradient":""},"mobile":{"background-color":"var(--ast-global-color-5)","background-image":"","background-repeat":"repeat","background-position":"center center","background-size":"auto","background-attachment":"scroll","background-type":"","background-media":"","overlay-type":"","overlay-color":"","overlay-opacity":"","overlay-gradient":""}},"footnotes":""},"class_list":["post-816","page","type-page","status-publish","hentry"],"post_mailing_queue_ids":[],"_links":{"self":[{"href":"https:\/\/agora.xtec.cat\/ceipnadal\/wp-json\/wp\/v2\/pages\/816","targetHints":{"allow":["GET"]}}],"collection":[{"href":"https:\/\/agora.xtec.cat\/ceipnadal\/wp-json\/wp\/v2\/pages"}],"about":[{"href":"https:\/\/agora.xtec.cat\/ceipnadal\/wp-json\/wp\/v2\/types\/page"}],"author":[{"embeddable":true,"href":"https:\/\/agora.xtec.cat\/ceipnadal\/wp-json\/wp\/v2\/users\/1"}],"replies":[{"embeddable":true,"href":"https:\/\/agora.xtec.cat\/ceipnadal\/wp-json\/wp\/v2\/comments?post=816"}],"version-history":[{"count":6,"href":"https:\/\/agora.xtec.cat\/ceipnadal\/wp-json\/wp\/v2\/pages\/816\/revisions"}],"predecessor-version":[{"id":7917,"href":"https:\/\/agora.xtec.cat\/ceipnadal\/wp-json\/wp\/v2\/pages\/816\/revisions\/7917"}],"up":[{"embeddable":true,"href":"https:\/\/agora.xtec.cat\/ceipnadal\/wp-json\/wp\/v2\/pages\/22"}],"wp:attachment":[{"href":"https:\/\/agora.xtec.cat\/ceipnadal\/wp-json\/wp\/v2\/media?parent=816"}],"curies":[{"name":"wp","href":"https:\/\/api.w.org\/{rel}","templated":true}]}}