{"id":64,"date":"2014-09-18T12:39:08","date_gmt":"2014-09-18T11:39:08","guid":{"rendered":"http:\/\/agora.xtec.cat\/ceipnadal\/?page_id=64"},"modified":"2021-02-08T20:51:55","modified_gmt":"2021-02-08T19:51:55","slug":"projecte-educatiu","status":"publish","type":"page","link":"https:\/\/agora.xtec.cat\/ceipnadal\/projecte-educatiu\/","title":{"rendered":"Projecte educatiu"},"content":{"rendered":"<p><span style=\"font-weight: 400;\">La finalitat del nostre Projecte Educatiu \u00e9s desenvolupar el creixement personal i social dels nostres alumnes i afavorir el ple desenvolupament de les seves capacitats i compet\u00e8ncies.<\/span><\/p>\n<p><span style=\"font-weight: 400;\">Som una escola oberta a la societat, integradora i acollidora.<\/span><\/p>\n<p><span style=\"font-weight: 400;\">Els valors democr\u00e0tics, la coeducaci\u00f3, la toler\u00e0ncia, la solidaritat i el respecte al medi ambient son els nostres principis d\u2019identitat.<\/span><\/p>\n<p>&nbsp;<\/p>\n<p>Mireu aqu\u00ed el document \u00edntegre:\u00a0<a href=\"https:\/\/agora.xtec.cat\/ceipnadal\/lescola\/documentacio-del-centre\/\" target=\"_blank\" rel=\"noopener noreferrer\">PROJECTE EDUCATIU<\/a><\/p>\n","protected":false},"excerpt":{"rendered":"<p>La finalitat del nostre Projecte Educatiu \u00e9s desenvolupar el creixement personal i social dels nostres alumnes i afavorir el ple desenvolupament de les seves capacitats i compet\u00e8ncies. Som una escola oberta a la societat, integradora i acollidora. Els valors democr\u00e0tics, la coeducaci\u00f3, la toler\u00e0ncia, la solidaritat i el respecte al medi ambient son els nostres [&hellip;]<\/p>\n","protected":false},"author":1,"featured_media":0,"parent":0,"menu_order":0,"comment_status":"closed","ping_status":"closed","template":"page-templates\/side-menu.php","meta":{"_bbp_topic_count":0,"_bbp_reply_count":0,"_bbp_total_topic_count":0,"_bbp_total_reply_count":0,"_bbp_voice_count":0,"_bbp_anonymous_reply_count":0,"_bbp_topic_count_hidden":0,"_bbp_reply_count_hidden":0,"_bbp_forum_subforum_count":0,"site-sidebar-layout":"default","site-content-layout":"","ast-site-content-layout":"","site-content-style":"default","site-sidebar-style":"default","ast-global-header-display":"","ast-banner-title-visibility":"","ast-main-header-display":"","ast-hfb-above-header-display":"","ast-hfb-below-header-display":"","ast-hfb-mobile-header-display":"","site-post-title":"","ast-breadcrumbs-content":"","ast-featured-img":"","footer-sml-layout":"","theme-transparent-header-meta":"","adv-header-id-meta":"","stick-header-meta":"","header-above-stick-meta":"","header-main-stick-meta":"","header-below-stick-meta":"","astra-migrate-meta-layouts":"default","ast-page-background-enabled":"default","ast-page-background-meta":{"desktop":{"background-color":"var(--ast-global-color-4)","background-image":"","background-repeat":"repeat","background-position":"center center","background-size":"auto","background-attachment":"scroll","background-type":"","background-media":"","overlay-type":"","overlay-color":"","overlay-opacity":"","overlay-gradient":""},"tablet":{"background-color":"","background-image":"","background-repeat":"repeat","background-position":"center center","background-size":"auto","background-attachment":"scroll","background-type":"","background-media":"","overlay-type":"","overlay-color":"","overlay-opacity":"","overlay-gradient":""},"mobile":{"background-color":"","background-image":"","background-repeat":"repeat","background-position":"center center","background-size":"auto","background-attachment":"scroll","background-type":"","background-media":"","overlay-type":"","overlay-color":"","overlay-opacity":"","overlay-gradient":""}},"ast-content-background-meta":{"desktop":{"background-color":"var(--ast-global-color-5)","background-image":"","background-repeat":"repeat","background-position":"center center","background-size":"auto","background-attachment":"scroll","background-type":"","background-media":"","overlay-type":"","overlay-color":"","overlay-opacity":"","overlay-gradient":""},"tablet":{"background-color":"var(--ast-global-color-5)","background-image":"","background-repeat":"repeat","background-position":"center center","background-size":"auto","background-attachment":"scroll","background-type":"","background-media":"","overlay-type":"","overlay-color":"","overlay-opacity":"","overlay-gradient":""},"mobile":{"background-color":"var(--ast-global-color-5)","background-image":"","background-repeat":"repeat","background-position":"center center","background-size":"auto","background-attachment":"scroll","background-type":"","background-media":"","overlay-type":"","overlay-color":"","overlay-opacity":"","overlay-gradient":""}},"footnotes":""},"class_list":["post-64","page","type-page","status-publish","hentry"],"post_mailing_queue_ids":[],"_links":{"self":[{"href":"https:\/\/agora.xtec.cat\/ceipnadal\/wp-json\/wp\/v2\/pages\/64","targetHints":{"allow":["GET"]}}],"collection":[{"href":"https:\/\/agora.xtec.cat\/ceipnadal\/wp-json\/wp\/v2\/pages"}],"about":[{"href":"https:\/\/agora.xtec.cat\/ceipnadal\/wp-json\/wp\/v2\/types\/page"}],"author":[{"embeddable":true,"href":"https:\/\/agora.xtec.cat\/ceipnadal\/wp-json\/wp\/v2\/users\/1"}],"replies":[{"embeddable":true,"href":"https:\/\/agora.xtec.cat\/ceipnadal\/wp-json\/wp\/v2\/comments?post=64"}],"version-history":[{"count":1,"href":"https:\/\/agora.xtec.cat\/ceipnadal\/wp-json\/wp\/v2\/pages\/64\/revisions"}],"predecessor-version":[{"id":2759,"href":"https:\/\/agora.xtec.cat\/ceipnadal\/wp-json\/wp\/v2\/pages\/64\/revisions\/2759"}],"wp:attachment":[{"href":"https:\/\/agora.xtec.cat\/ceipnadal\/wp-json\/wp\/v2\/media?parent=64"}],"curies":[{"name":"wp","href":"https:\/\/api.w.org\/{rel}","templated":true}]}}