{"id":6347,"date":"2023-05-12T13:28:04","date_gmt":"2023-05-12T11:28:04","guid":{"rendered":"https:\/\/agora.xtec.cat\/ceipnadal\/?page_id=6347"},"modified":"2026-04-15T12:17:09","modified_gmt":"2026-04-15T10:17:09","slug":"secretaria","status":"publish","type":"page","link":"https:\/\/agora.xtec.cat\/ceipnadal\/secretaria\/","title":{"rendered":"Secretaria"},"content":{"rendered":"\n<p><strong style=\"color: #008000; font-size: 1.6875em;\">Preinscripci\u00f3 2026\/2027<\/strong><\/p>\n\n\n\n<p class=\"has-black-color has-text-color has-link-color has-medium-font-size wp-elements-9ea9de3557edab6b4469dff93e6affdc\"><\/p>\n\n\n\n<p><\/p>\n\n\n\n<p class=\"has-black-color has-text-color has-link-color has-medium-font-size wp-elements-e9bcb9027016790023c11ad6cdef4035\">Publicaci\u00f3 de la llista d&#8217;admesos:&nbsp;<em><strong>10 de juny<\/strong><\/em><br>Per\u00edode de matricula d&#8217;Infantil i Prim\u00e0ria:&nbsp;<em><strong>del 22 al 30 de juny<\/strong><\/em><br><em><a href=\"https:\/\/agora.xtec.cat\/ceipnadal\/preinscripcio-24-25\/\" data-type=\"page\" data-id=\"7014\" target=\"_blank\" rel=\"noreferrer noopener\">M\u00e9s informaci\u00f3<\/a><\/em><\/p>\n\n\n\n<figure class=\"wp-block-image alignright is-resized\"><img loading=\"lazy\" decoding=\"async\" width=\"685\" height=\"475\" src=\"https:\/\/agora.xtec.cat\/ceipnadal\/wp-content\/uploads\/usu2021\/2024\/04\/secretaria.jpg\" alt=\"\" class=\"wp-image-7254\" style=\"width:584px;height:auto\" srcset=\"https:\/\/agora.xtec.cat\/ceipnadal\/wp-content\/uploads\/usu2021\/2024\/04\/secretaria.jpg 685w, https:\/\/agora.xtec.cat\/ceipnadal\/wp-content\/uploads\/usu2021\/2024\/04\/secretaria-300x208.jpg 300w\" sizes=\"auto, (max-width: 685px) 100vw, 685px\" \/><\/figure>\n\n\n\n<p class=\"has-black-color has-text-color has-link-color has-medium-font-size wp-elements-9ea9de3557edab6b4469dff93e6affdc\"><\/p>\n\n\n\n<p class=\"has-ast-global-color-0-color has-text-color has-link-color has-medium-font-size wp-elements-42b45bd1d34d048eb5527144f1a1a0b5\"><strong style=\"color: #008000; font-size: 1.6875em;\">Horari de secretaria<br><br><\/strong><span style=\"color: #000000;\">De dilluns a divendres de 9:15 a 10:30 h per a gestions diverses. Fora d&#8217;aquest horari ser\u00e0 necessari demanar cita pr\u00e8via per tel\u00e8fon (936855243) o per correu electr\u00f2nic (<a href=\"mailto:a8026211@xtec.cat\">a8026211@xtec.cat<\/a>)<\/span><\/p>\n\n\n\n<p>&nbsp;<\/p>\n\n\n\n<p><strong style=\"color: #008000; font-size: 1.6875em;\">Documents fam\u00edlies<\/strong><strong style=\"color: #008000; font-size: 1.6875em;\"><\/strong><\/p>\n\n\n\n<p><span style=\"text-decoration: underline; color: #000000;\"><a style=\"color: #000000; text-decoration: underline;\" href=\"https:\/\/drive.google.com\/file\/d\/1zQkaPdKNZ1D53Fd-HZ0RGZNIB9-w9PTv\/view?usp=share_link\" target=\"_blank\" rel=\"noopener\">Autoritzaci\u00f3 medicaments<\/a><\/span><br><span style=\"text-decoration: underline; color: #000000;\"><a style=\"color: #000000; text-decoration: underline;\" href=\"https:\/\/drive.google.com\/file\/d\/14n7_-N0zlOFcBNpRE47vqH9BVA5Kdwcg\/view?usp=share_link\" target=\"_blank\" rel=\"noopener\">Autoritzaci\u00f3 recollir alumne<\/a><\/span><br><span style=\"text-decoration: underline; color: #000000;\"><a style=\"color: #000000; text-decoration: underline;\" href=\"https:\/\/drive.google.com\/file\/d\/10-IuloDGYqRfwWHAKewgJX4nnyEJZd5l\/view?usp=sharing\" target=\"_blank\" rel=\"noopener\">Autoritzaci\u00f3 recollir alumne per germ\u00e0 menor<\/a><\/span><\/p>\n\n\n\n<p><strong style=\"color: #008000; font-size: 1.6875em;\">Documents comptables<\/strong><\/p>\n\n\n\n<p><a href=\"https:\/\/agora.xtec.cat\/ceipnadal\/wp-content\/uploads\/usu2021\/2024\/04\/Dades-del-pressupost.pdf\" target=\"_blank\" rel=\"noopener\"><span style=\"color: #000000;\"><u>Dades del pressupost<\/u><\/span><\/a><br><a href=\"https:\/\/agora.xtec.cat\/ceipnadal\/wp-content\/uploads\/usu2021\/2024\/04\/Liquidacio-del-pressupost.pdf\" target=\"_blank\" rel=\"noopener\"><span style=\"color: #000000;\"><u>Liquidaci\u00f3 del pressupost<\/u><\/span><\/a><\/p>\n","protected":false},"excerpt":{"rendered":"<p>Preinscripci\u00f3 2026\/2027 Publicaci\u00f3 de la llista d&#8217;admesos:&nbsp;10 de junyPer\u00edode de matricula d&#8217;Infantil i Prim\u00e0ria:&nbsp;del 22 al 30 de junyM\u00e9s informaci\u00f3 Horari de secretaria De dilluns a divendres de 9:15 a 10:30 h per a gestions diverses. Fora d&#8217;aquest horari ser\u00e0 necessari demanar cita pr\u00e8via per tel\u00e8fon (936855243) o per correu electr\u00f2nic (a8026211@xtec.cat) &nbsp; Documents fam\u00edlies [&hellip;]<\/p>\n","protected":false},"author":1,"featured_media":0,"parent":0,"menu_order":0,"comment_status":"closed","ping_status":"closed","template":"","meta":{"_bbp_topic_count":0,"_bbp_reply_count":0,"_bbp_total_topic_count":0,"_bbp_total_reply_count":0,"_bbp_voice_count":0,"_bbp_anonymous_reply_count":0,"_bbp_topic_count_hidden":0,"_bbp_reply_count_hidden":0,"_bbp_forum_subforum_count":0,"site-sidebar-layout":"default","site-content-layout":"","ast-site-content-layout":"default","site-content-style":"default","site-sidebar-style":"default","ast-global-header-display":"","ast-banner-title-visibility":"","ast-main-header-display":"","ast-hfb-above-header-display":"","ast-hfb-below-header-display":"","ast-hfb-mobile-header-display":"","site-post-title":"","ast-breadcrumbs-content":"","ast-featured-img":"","footer-sml-layout":"","theme-transparent-header-meta":"","adv-header-id-meta":"","stick-header-meta":"","header-above-stick-meta":"","header-main-stick-meta":"","header-below-stick-meta":"","astra-migrate-meta-layouts":"set","ast-page-background-enabled":"default","ast-page-background-meta":{"desktop":{"background-color":"var(--ast-global-color-4)","background-image":"","background-repeat":"repeat","background-position":"center center","background-size":"auto","background-attachment":"scroll","background-type":"","background-media":"","overlay-type":"","overlay-color":"","overlay-opacity":"","overlay-gradient":""},"tablet":{"background-color":"","background-image":"","background-repeat":"repeat","background-position":"center center","background-size":"auto","background-attachment":"scroll","background-type":"","background-media":"","overlay-type":"","overlay-color":"","overlay-opacity":"","overlay-gradient":""},"mobile":{"background-color":"","background-image":"","background-repeat":"repeat","background-position":"center center","background-size":"auto","background-attachment":"scroll","background-type":"","background-media":"","overlay-type":"","overlay-color":"","overlay-opacity":"","overlay-gradient":""}},"ast-content-background-meta":{"desktop":{"background-color":"var(--ast-global-color-5)","background-image":"","background-repeat":"repeat","background-position":"center center","background-size":"auto","background-attachment":"scroll","background-type":"","background-media":"","overlay-type":"","overlay-color":"","overlay-opacity":"","overlay-gradient":""},"tablet":{"background-color":"var(--ast-global-color-5)","background-image":"","background-repeat":"repeat","background-position":"center center","background-size":"auto","background-attachment":"scroll","background-type":"","background-media":"","overlay-type":"","overlay-color":"","overlay-opacity":"","overlay-gradient":""},"mobile":{"background-color":"var(--ast-global-color-5)","background-image":"","background-repeat":"repeat","background-position":"center center","background-size":"auto","background-attachment":"scroll","background-type":"","background-media":"","overlay-type":"","overlay-color":"","overlay-opacity":"","overlay-gradient":""}},"footnotes":""},"class_list":["post-6347","page","type-page","status-publish","hentry"],"post_mailing_queue_ids":[],"_links":{"self":[{"href":"https:\/\/agora.xtec.cat\/ceipnadal\/wp-json\/wp\/v2\/pages\/6347","targetHints":{"allow":["GET"]}}],"collection":[{"href":"https:\/\/agora.xtec.cat\/ceipnadal\/wp-json\/wp\/v2\/pages"}],"about":[{"href":"https:\/\/agora.xtec.cat\/ceipnadal\/wp-json\/wp\/v2\/types\/page"}],"author":[{"embeddable":true,"href":"https:\/\/agora.xtec.cat\/ceipnadal\/wp-json\/wp\/v2\/users\/1"}],"replies":[{"embeddable":true,"href":"https:\/\/agora.xtec.cat\/ceipnadal\/wp-json\/wp\/v2\/comments?post=6347"}],"version-history":[{"count":6,"href":"https:\/\/agora.xtec.cat\/ceipnadal\/wp-json\/wp\/v2\/pages\/6347\/revisions"}],"predecessor-version":[{"id":8606,"href":"https:\/\/agora.xtec.cat\/ceipnadal\/wp-json\/wp\/v2\/pages\/6347\/revisions\/8606"}],"wp:attachment":[{"href":"https:\/\/agora.xtec.cat\/ceipnadal\/wp-json\/wp\/v2\/media?parent=6347"}],"curies":[{"name":"wp","href":"https:\/\/api.w.org\/{rel}","templated":true}]}}