{"id":614,"date":"2019-11-05T23:20:36","date_gmt":"2019-11-05T22:20:36","guid":{"rendered":"https:\/\/agora.xtec.cat\/ceipnadal\/?page_id=614"},"modified":"2022-11-09T13:54:56","modified_gmt":"2022-11-09T12:54:56","slug":"erasmus-its-up2u-project","status":"publish","type":"page","link":"https:\/\/agora.xtec.cat\/ceipnadal\/projecte-educatiu\/erasmus-its-up2u-project\/","title":{"rendered":"Erasmus+ It&#8217;s UP2U project"},"content":{"rendered":"<p>Com ja sabeu enguany el nostre centre participa al programa Erasmus+ amb el projecte &#8220;It&#8217;s UP2U&#8221; al qual hi participen escoles de Portugal, Gr\u00e8cia i It\u00e0lia.<\/p>\n<p>En el seg\u00fcent enlla\u00e7 trobareu totes les accions i activitats que estem portant a terme en el marc del projecte, Enjoy!<\/p>\n<p style=\"text-align: center; font-size: 32px; font-color: #8ccef9;\"><span style=\"text-decoration: underline;\"><strong><a href=\"https:\/\/sites.google.com\/xtec.cat\/itsup2uerasmusproject\/noticeboard\">It&#8217;s UP2U<\/a><\/strong><\/span><\/p>\n<p>(Si teniu problemes per accedir a la p\u00e0gina amb el bot\u00f3 dret cliqueu a sobre i trieu l&#8217;opci\u00f3 d&#8217;obrir en nova pestanya o finestra)<\/p>\n<p><a href=\"https:\/\/sites.google.com\/xtec.cat\/itsup2uerasmusproject\/noticeboard\"><img loading=\"lazy\" decoding=\"async\" class=\"alignleft size-large wp-image-632\" src=\"https:\/\/agora.xtec.cat\/ceipnadal\/wp-content\/uploads\/usu2021\/2019\/11\/up2u-print-screen-1024x500.png\" alt=\"\" width=\"1024\" height=\"500\" srcset=\"https:\/\/agora.xtec.cat\/ceipnadal\/wp-content\/uploads\/usu2021\/2019\/11\/up2u-print-screen-1024x500.png 1024w, https:\/\/agora.xtec.cat\/ceipnadal\/wp-content\/uploads\/usu2021\/2019\/11\/up2u-print-screen-300x147.png 300w, https:\/\/agora.xtec.cat\/ceipnadal\/wp-content\/uploads\/usu2021\/2019\/11\/up2u-print-screen-768x375.png 768w, https:\/\/agora.xtec.cat\/ceipnadal\/wp-content\/uploads\/usu2021\/2019\/11\/up2u-print-screen.png 1337w\" sizes=\"auto, (max-width: 1024px) 100vw, 1024px\" \/><\/a><\/p>\n","protected":false},"excerpt":{"rendered":"<p>Com ja sabeu enguany el nostre centre participa al programa Erasmus+ amb el projecte &#8220;It&#8217;s UP2U&#8221; al qual hi participen escoles de Portugal, Gr\u00e8cia i It\u00e0lia. En el seg\u00fcent enlla\u00e7 trobareu totes les accions i activitats que estem portant a terme en el marc del projecte, Enjoy! It&#8217;s UP2U (Si teniu problemes per accedir a [&hellip;]<\/p>\n","protected":false},"author":1,"featured_media":0,"parent":64,"menu_order":30,"comment_status":"closed","ping_status":"closed","template":"","meta":{"_bbp_topic_count":0,"_bbp_reply_count":0,"_bbp_total_topic_count":0,"_bbp_total_reply_count":0,"_bbp_voice_count":0,"_bbp_anonymous_reply_count":0,"_bbp_topic_count_hidden":0,"_bbp_reply_count_hidden":0,"_bbp_forum_subforum_count":0,"site-sidebar-layout":"default","site-content-layout":"","ast-site-content-layout":"","site-content-style":"default","site-sidebar-style":"default","ast-global-header-display":"","ast-banner-title-visibility":"","ast-main-header-display":"","ast-hfb-above-header-display":"","ast-hfb-below-header-display":"","ast-hfb-mobile-header-display":"","site-post-title":"","ast-breadcrumbs-content":"","ast-featured-img":"","footer-sml-layout":"","theme-transparent-header-meta":"","adv-header-id-meta":"","stick-header-meta":"","header-above-stick-meta":"","header-main-stick-meta":"","header-below-stick-meta":"","astra-migrate-meta-layouts":"default","ast-page-background-enabled":"default","ast-page-background-meta":{"desktop":{"background-color":"var(--ast-global-color-4)","background-image":"","background-repeat":"repeat","background-position":"center center","background-size":"auto","background-attachment":"scroll","background-type":"","background-media":"","overlay-type":"","overlay-color":"","overlay-opacity":"","overlay-gradient":""},"tablet":{"background-color":"","background-image":"","background-repeat":"repeat","background-position":"center center","background-size":"auto","background-attachment":"scroll","background-type":"","background-media":"","overlay-type":"","overlay-color":"","overlay-opacity":"","overlay-gradient":""},"mobile":{"background-color":"","background-image":"","background-repeat":"repeat","background-position":"center center","background-size":"auto","background-attachment":"scroll","background-type":"","background-media":"","overlay-type":"","overlay-color":"","overlay-opacity":"","overlay-gradient":""}},"ast-content-background-meta":{"desktop":{"background-color":"var(--ast-global-color-5)","background-image":"","background-repeat":"repeat","background-position":"center center","background-size":"auto","background-attachment":"scroll","background-type":"","background-media":"","overlay-type":"","overlay-color":"","overlay-opacity":"","overlay-gradient":""},"tablet":{"background-color":"var(--ast-global-color-5)","background-image":"","background-repeat":"repeat","background-position":"center center","background-size":"auto","background-attachment":"scroll","background-type":"","background-media":"","overlay-type":"","overlay-color":"","overlay-opacity":"","overlay-gradient":""},"mobile":{"background-color":"var(--ast-global-color-5)","background-image":"","background-repeat":"repeat","background-position":"center center","background-size":"auto","background-attachment":"scroll","background-type":"","background-media":"","overlay-type":"","overlay-color":"","overlay-opacity":"","overlay-gradient":""}},"footnotes":""},"class_list":["post-614","page","type-page","status-publish","hentry"],"post_mailing_queue_ids":[],"_links":{"self":[{"href":"https:\/\/agora.xtec.cat\/ceipnadal\/wp-json\/wp\/v2\/pages\/614","targetHints":{"allow":["GET"]}}],"collection":[{"href":"https:\/\/agora.xtec.cat\/ceipnadal\/wp-json\/wp\/v2\/pages"}],"about":[{"href":"https:\/\/agora.xtec.cat\/ceipnadal\/wp-json\/wp\/v2\/types\/page"}],"author":[{"embeddable":true,"href":"https:\/\/agora.xtec.cat\/ceipnadal\/wp-json\/wp\/v2\/users\/1"}],"replies":[{"embeddable":true,"href":"https:\/\/agora.xtec.cat\/ceipnadal\/wp-json\/wp\/v2\/comments?post=614"}],"version-history":[{"count":4,"href":"https:\/\/agora.xtec.cat\/ceipnadal\/wp-json\/wp\/v2\/pages\/614\/revisions"}],"predecessor-version":[{"id":5592,"href":"https:\/\/agora.xtec.cat\/ceipnadal\/wp-json\/wp\/v2\/pages\/614\/revisions\/5592"}],"up":[{"embeddable":true,"href":"https:\/\/agora.xtec.cat\/ceipnadal\/wp-json\/wp\/v2\/pages\/64"}],"wp:attachment":[{"href":"https:\/\/agora.xtec.cat\/ceipnadal\/wp-json\/wp\/v2\/media?parent=614"}],"curies":[{"name":"wp","href":"https:\/\/api.w.org\/{rel}","templated":true}]}}