{"id":22,"date":"2014-09-18T12:19:57","date_gmt":"2014-09-18T11:19:57","guid":{"rendered":"http:\/\/agora.xtec.cat\/ceipnadal\/?page_id=22"},"modified":"2024-06-04T10:26:26","modified_gmt":"2024-06-04T08:26:26","slug":"lescola","status":"publish","type":"page","link":"https:\/\/agora.xtec.cat\/ceipnadal\/lescola\/","title":{"rendered":"L&#8217;escola"},"content":{"rendered":"<p>La nostra escola est\u00e0 inevitablement vinculada a la hist\u00f2ria de l&#8217;educaci\u00f3 p\u00fablica a Sant Feliu de Llobregat. Situada al bell mig del poble i amb una llarga traject\u00f2ria hist\u00f2rica, el nostre projecte educatiu actual parteix des del comprom\u00eds i el respecte al medi ambient i comparteix el vincle europeu amb la implicaci\u00f3 activa amb diferents projectes ling\u00fc\u00edstics des de l&#8217;any 2005.<\/p>\n<p><img loading=\"lazy\" decoding=\"async\" class=\"aligncenter size-medium wp-image-7353\" src=\"https:\/\/agora.xtec.cat\/ceipnadal\/wp-content\/uploads\/usu2021\/2024\/06\/EscolaNadal-300x225.png\" alt=\"\" width=\"300\" height=\"225\" srcset=\"https:\/\/agora.xtec.cat\/ceipnadal\/wp-content\/uploads\/usu2021\/2024\/06\/EscolaNadal-300x225.png 300w, https:\/\/agora.xtec.cat\/ceipnadal\/wp-content\/uploads\/usu2021\/2024\/06\/EscolaNadal-1024x768.png 1024w, https:\/\/agora.xtec.cat\/ceipnadal\/wp-content\/uploads\/usu2021\/2024\/06\/EscolaNadal-768x576.png 768w, https:\/\/agora.xtec.cat\/ceipnadal\/wp-content\/uploads\/usu2021\/2024\/06\/EscolaNadal-200x150.png 200w, https:\/\/agora.xtec.cat\/ceipnadal\/wp-content\/uploads\/usu2021\/2024\/06\/EscolaNadal.png 1174w\" sizes=\"auto, (max-width: 300px) 100vw, 300px\" \/><\/p>\n<p>La finalitat del nostre Projecte Educatiu \u00e9s desenvolupar el creixement personal i social dels nostres alumnes i afavorir el ple desenvolupament de les seves capacitats i compet\u00e8ncies.<\/p>\n<p>Som una escola oberta a la societat, integradora i acollidora.<br \/>\nEls valors democr\u00e0tics, la coeducaci\u00f3, la toler\u00e0ncia, la solidaritat i el respecte al medi ambient s\u00f3n els nostres principis d&#8217;identitat.<\/p>\n<h3 class=\"subtitol_linia\">Instal\u00b7lacions:<\/h3>\n<ul>\n<li>Edifici modern amb llum natural a tots els espais.<\/li>\n<li>Aula de m\u00fasica, inform\u00e0tica, psicomotricitat i angl\u00e8s.<\/li>\n<li>Aula de joc simb\u00f2lic.<\/li>\n<li>Biblioteca (en horari escolar i extraescolar).<\/li>\n<li>Menjador amb cuina pr\u00f2pia.<\/li>\n<li>Pati d\u2019infantil i de prim\u00e0ria.<\/li>\n<li>Pavell\u00f3 esportiu amb pista de b\u00e0squet reglament\u00e0ria i pistes poliesportives exteriors<\/li>\n<li>Edifici adaptat per a infants amb mobilitat redu\u00efda<\/li>\n<li>Pissarres digitals a infantil i prim\u00e0ria.<\/li>\n<\/ul>\n<h3 class=\"subtitol_linia\">Projectes:<\/h3>\n<ul>\n<li>Programa europeu Erasmus+<\/li>\n<li>Reutilitzaci\u00f3 de llibres de text.<\/li>\n<li>Pla Catal\u00e0 de l\u2019Esport.<\/li>\n<li>Pla de l\u2019Entorn de la Ciutat.<\/li>\n<li>Integraci\u00f3 de les TAC a partir de P3 (PDI, PC\u2019s, port\u00e0tils; iPads i robots).<\/li>\n<li>Dinamitzaci\u00f3 de la Biblioteca en horari escolar i extraescolar.<\/li>\n<li>Pla de Consum de fruita a les escoles.<\/li>\n<li>Distintiu d&#8217;Escola Verda (hort escolar).<\/li>\n<li>Apadrinament lector.<\/li>\n<li>Auxiliar ling\u00fc\u00edstic d\u2019angl\u00e8s.<\/li>\n<li>Treball de les emocions.<\/li>\n<li>Angl\u00e8s des de P-3.<\/li>\n<li>CLIL a l\u2019\u00e0rea d\u2019educaci\u00f3 art\u00edstica i a medi.<\/li>\n<li>Som escola de pr\u00e0ctiques i receptora de practicants Erasmus.<\/li>\n<li>Ambients a Educaci\u00f3 Infantil. Racons d\u2019aprenentatge a infantil i prim\u00e0ria<\/li>\n<li>Xarxa de compet\u00e8ncies b\u00e0siques. Treball per projectes<\/li>\n<\/ul>\n<h3 class=\"subtitol_linia\">Atenci\u00f3 a la diversitat:<\/h3>\n<ul>\n<li>CAD (comissi\u00f3 d\u2019atenci\u00f3 a la diversitat)<\/li>\n<li>T\u00e8cnica d\u2019educaci\u00f3 infantil per a P3.<\/li>\n<li>Treball en grups redu\u00efts i atencions individualitzades.<\/li>\n<li>Assessorament psicopedag\u00f2gic.<\/li>\n<li>Servei de logop\u00e8dia per l\u2019alumnat que ho necessiti.<\/li>\n<li>Auxiliar d\u2019educaci\u00f3 especial.<\/li>\n<li>Dues especialistes en educaci\u00f3 especial<\/li>\n<\/ul>\n<h3 class=\"subtitol_linia\">Activitats complement\u00e0ries:<\/h3>\n<ul>\n<li>Sortides pedag\u00f2giques<\/li>\n<li>Activitats educatives complement\u00e0ries (nataci\u00f3, atletisme, audicions musicals, teatre, dansa, etc.)<\/li>\n<li>Activitats culturals amb participaci\u00f3 de l\u2019AFA.<\/li>\n<li>Jornades culturals.<\/li>\n<li>Col\u00f2nies escolars a 2n,4t i 6\u00e8.<\/li>\n<li>Estudi assistit.<\/li>\n<li>Activitats solid\u00e0ries: recollida de roba i cursa solid\u00e0ria i altres<\/li>\n<li>Coordinaci\u00f3 amb instituts de secund\u00e0ria i llars d\u2019infants.<\/li>\n<\/ul>\n<h3 class=\"subtitol_linia\">Activitats extraescolars:<\/h3>\n<p>L\u2019AFA organitza diferents activitats per als alumnes, i tamb\u00e9, per a pares i mares. Algunes com:<\/p>\n<ul>\n<li>Futbol.<\/li>\n<li>Gimn\u00e0stica art\u00edstica.<\/li>\n<li>Funky.<\/li>\n<li>Angl\u00e8s amb professorat nadiu.<\/li>\n<li>Iniciaci\u00f3 a l\u2019esport.<\/li>\n<li>Patinatge.<\/li>\n<li>Rob\u00f2tica<\/li>\n<\/ul>\n<h3 class=\"subtitol_linia\">Serveis:<\/h3>\n<ul>\n<li>Acollida matinal<\/li>\n<li>Menjador amb cuina pr\u00f2pia<\/li>\n<li>Biblioteca<\/li>\n<\/ul>\n<p><iframe loading=\"lazy\" title=\"YouTube video player\" src=\"https:\/\/www.youtube.com\/embed\/_5cdMn_Akak?si=K9jo3Ngwvd5qNGV_\" width=\"560\" height=\"315\" frameborder=\"0\" allowfullscreen=\"allowfullscreen\"><\/iframe><\/p>\n<div style=\"position: relative; width: 100%; height: 0; padding-top: 56.2500%; padding-bottom: 0; box-shadow: 0 2px 8px 0 rgba(63,69,81,0.16); margin-top: 1.6em; margin-bottom: 0.9em; overflow: hidden; border-radius: 8px; will-change: transform;\"><iframe style=\"position: absolute; width: 100%; height: 100%; top: 0; left: 0; border: none; padding: 0; margin: 0;\" src=\"https:\/\/www.canva.com\/design\/DAF9jGxPPnY\/Opa2SMAgxnh8m2rfYN3uuA\/watch?embed\" allowfullscreen=\"allowfullscreen\"><br \/>\n<\/iframe><\/div>\n<p><a href=\"https:\/\/www.canva.com\/design\/DAF9jGxPPnY\/Opa2SMAgxnh8m2rfYN3uuA\/watch?utm_content=DAF9jGxPPnY&amp;utm_campaign=designshare&amp;utm_medium=embeds&amp;utm_source=link\" target=\"_blank\" rel=\"noopener\">UN DIA D\u2019I3 A L\u2019ESCOLA NADAL<\/a><\/p>\n","protected":false},"excerpt":{"rendered":"<p>La nostra escola est\u00e0 inevitablement vinculada a la hist\u00f2ria de l&#8217;educaci\u00f3 p\u00fablica a Sant Feliu de Llobregat. Situada al bell mig del poble i amb una llarga traject\u00f2ria hist\u00f2rica, el nostre projecte educatiu actual parteix des del comprom\u00eds i el respecte al medi ambient i comparteix el vincle europeu amb la implicaci\u00f3 activa amb diferents [&hellip;]<\/p>\n","protected":false},"author":1,"featured_media":0,"parent":0,"menu_order":0,"comment_status":"closed","ping_status":"closed","template":"page-templates\/side-menu.php","meta":{"_bbp_topic_count":0,"_bbp_reply_count":0,"_bbp_total_topic_count":0,"_bbp_total_reply_count":0,"_bbp_voice_count":0,"_bbp_anonymous_reply_count":0,"_bbp_topic_count_hidden":0,"_bbp_reply_count_hidden":0,"_bbp_forum_subforum_count":0,"site-sidebar-layout":"default","site-content-layout":"","ast-site-content-layout":"","site-content-style":"default","site-sidebar-style":"default","ast-global-header-display":"","ast-banner-title-visibility":"","ast-main-header-display":"","ast-hfb-above-header-display":"","ast-hfb-below-header-display":"","ast-hfb-mobile-header-display":"","site-post-title":"","ast-breadcrumbs-content":"","ast-featured-img":"","footer-sml-layout":"","theme-transparent-header-meta":"","adv-header-id-meta":"","stick-header-meta":"","header-above-stick-meta":"","header-main-stick-meta":"","header-below-stick-meta":"","astra-migrate-meta-layouts":"default","ast-page-background-enabled":"default","ast-page-background-meta":{"desktop":{"background-color":"var(--ast-global-color-4)","background-image":"","background-repeat":"repeat","background-position":"center center","background-size":"auto","background-attachment":"scroll","background-type":"","background-media":"","overlay-type":"","overlay-color":"","overlay-opacity":"","overlay-gradient":""},"tablet":{"background-color":"","background-image":"","background-repeat":"repeat","background-position":"center center","background-size":"auto","background-attachment":"scroll","background-type":"","background-media":"","overlay-type":"","overlay-color":"","overlay-opacity":"","overlay-gradient":""},"mobile":{"background-color":"","background-image":"","background-repeat":"repeat","background-position":"center center","background-size":"auto","background-attachment":"scroll","background-type":"","background-media":"","overlay-type":"","overlay-color":"","overlay-opacity":"","overlay-gradient":""}},"ast-content-background-meta":{"desktop":{"background-color":"var(--ast-global-color-5)","background-image":"","background-repeat":"repeat","background-position":"center center","background-size":"auto","background-attachment":"scroll","background-type":"","background-media":"","overlay-type":"","overlay-color":"","overlay-opacity":"","overlay-gradient":""},"tablet":{"background-color":"var(--ast-global-color-5)","background-image":"","background-repeat":"repeat","background-position":"center center","background-size":"auto","background-attachment":"scroll","background-type":"","background-media":"","overlay-type":"","overlay-color":"","overlay-opacity":"","overlay-gradient":""},"mobile":{"background-color":"var(--ast-global-color-5)","background-image":"","background-repeat":"repeat","background-position":"center center","background-size":"auto","background-attachment":"scroll","background-type":"","background-media":"","overlay-type":"","overlay-color":"","overlay-opacity":"","overlay-gradient":""}},"footnotes":""},"class_list":["post-22","page","type-page","status-publish","hentry"],"post_mailing_queue_ids":[],"_links":{"self":[{"href":"https:\/\/agora.xtec.cat\/ceipnadal\/wp-json\/wp\/v2\/pages\/22","targetHints":{"allow":["GET"]}}],"collection":[{"href":"https:\/\/agora.xtec.cat\/ceipnadal\/wp-json\/wp\/v2\/pages"}],"about":[{"href":"https:\/\/agora.xtec.cat\/ceipnadal\/wp-json\/wp\/v2\/types\/page"}],"author":[{"embeddable":true,"href":"https:\/\/agora.xtec.cat\/ceipnadal\/wp-json\/wp\/v2\/users\/1"}],"replies":[{"embeddable":true,"href":"https:\/\/agora.xtec.cat\/ceipnadal\/wp-json\/wp\/v2\/comments?post=22"}],"version-history":[{"count":7,"href":"https:\/\/agora.xtec.cat\/ceipnadal\/wp-json\/wp\/v2\/pages\/22\/revisions"}],"predecessor-version":[{"id":7357,"href":"https:\/\/agora.xtec.cat\/ceipnadal\/wp-json\/wp\/v2\/pages\/22\/revisions\/7357"}],"wp:attachment":[{"href":"https:\/\/agora.xtec.cat\/ceipnadal\/wp-json\/wp\/v2\/media?parent=22"}],"curies":[{"name":"wp","href":"https:\/\/api.w.org\/{rel}","templated":true}]}}