{"id":1391,"date":"2018-12-02T17:52:46","date_gmt":"2018-12-02T16:52:46","guid":{"rendered":"http:\/\/agora.xtec.cat\/ceipmvayreda-llado\/?page_id=1391"},"modified":"2024-09-18T10:24:17","modified_gmt":"2024-09-18T08:24:17","slug":"ampa","status":"publish","type":"page","link":"https:\/\/agora.xtec.cat\/ceipmvayreda-llado\/ampa\/","title":{"rendered":"AFA"},"content":{"rendered":"<p><span style=\"color: #008000;\"><b>Qu\u00e8 \u00e9s l\u2019AFA?<\/b><\/span><\/p>\n<p>L\u2019AFA \u00e9s l\u2019associaci\u00f3 de fam\u00edlies d\u2019un centre escolar. \u00c9s una entitat sense \u00e0nim de lucre, cosa que vol dir que tots els pares i mares que formen part de la junta i tots aquells que hi col\u00b7laboren ho fan de manera desinteressada i volunt\u00e0ria, en benefici per als infants, les seves fam\u00edlies i per l\u2019escola.<\/p>\n<p>Tamb\u00e9 forma part del Consell Escolar, que \u00e9s l&#8217;\u00f2rgan de participaci\u00f3 dels diferents sectors de la comunitat educativa en el govern dels centres (direcci\u00f3, mestres, fam\u00edlies, representant de l&#8217;administraci\u00f3 local). La seva funci\u00f3 principal \u00e9s participar en la presa de decisions en relaci\u00f3 amb aquells temes importants per al funcionament i l&#8217;organitzaci\u00f3 del centre: el projecte educatiu, la programaci\u00f3 general, la gesti\u00f3 econ\u00f2mica, la resoluci\u00f3 dels conflictes, les activitats extraescolars, l&#8217;horari lectiu, etc.<\/p>\n<p><span style=\"color: #008000;\"><b>Qui pot formar part de l\u2019AFA?<\/b><\/span><\/p>\n<p>Tots els pares, mares o representants legals dels alumnes de l\u2019Escola. Cal emplenar el full d\u2019afiliaci\u00f3 i fer efectiva la quota anual.<\/p>\n<p><b><span style=\"color: #008000;\">Com treballem?<\/span> <\/b><\/p>\n<p>Des de l\u2019AFA es col\u00b7labora en la millora de la qualitat de l\u2019ensenyament dels nostres fills, promovent diferents activitats:<\/p>\n<ul>\n<li>gestionem el Servei d\u2019acollida matinal i les Activitats extraescolars que es realitzen a l\u2019escola. Actualment aquests serveis es realitzen a trav\u00e9s de l\u2019empresa LUDIS. <a href=\"https:\/\/www.ludislleureiesport.com\/extraescolars\" target=\"_blank\" rel=\"noopener\">https:\/\/www.ludislleureiesport.com\/extraescolars<\/a><\/li>\n<li>col\u00b7laborem en les festes escolars, com el Nadal i la Castanyada<\/li>\n<li>organitzem activitats l\u00fadiques perqu\u00e8 esdevinguin punts de trobada entre les fam\u00edlies que formem part de l\u2019Escola (Festa de Carnestoltes, Sopar de fi de curs,&#8230;).<\/li>\n<\/ul>\n<p>Per tal de poder suportar la seva activitat \u00a0tamb\u00e9 promovem activitats encarades a treure beneficis per poder invertir en l\u2019escola i els infants. L\u2019AFA realitza una aportaci\u00f3 econ\u00f2mica anual a l\u2019Escola per a la compra de material i tamb\u00e9 fa una aportaci\u00f3 per infant afiliat per subvencionar les sortides.<\/p>\n<p>Actualment, les principals activitats amb finalitat lucrativa s\u00f3n la Creperia del dia de la Fira del Formatge, la venda de n\u00fameros de la Panerassa per Nadal i l\u2019organitzaci\u00f3 de la Parada del dia de St. Jordi.<\/p>\n<p>Per la perman\u00e8ncia de qualsevol AFA, \u00e9s vital la implicaci\u00f3 i participaci\u00f3 de tothom, ja que si no seria impossible dur a terme tots els serveis i activitats que es gestionen. El nivell d\u2019implicaci\u00f3 de cada soci ha de ser en la mesura de les seves possibilitats:<\/p>\n<ul>\n<li>La Junta de l\u2019AFA es reuneix el primer dimecres de cada mes a les 21:30h. Us convidem a assistir a les reunions per tal de poder fer les aportacions que considereu oportunes.<\/li>\n<li>Dins la Junta es treballa en diferents comissions. Aquestes estan obertes a les fam\u00edlies que no formin part de la Junta de l\u2019AFA. Per petit que sigui qualsevol gest, aquest \u00e9s important pel bon funcionament de l\u2019AFA.<\/li>\n<li>Al llarg del curs tamb\u00e9 es convoquen dues Assemblees per tal que tots els pares puguin participar.<\/li>\n<\/ul>\n<p><b><span style=\"color: #008000;\">Quina \u00e9s la quota anual?<\/span> <\/b><\/p>\n<p>La quota anual \u00e9s:<\/p>\n<ul>\n<li>fam\u00edlies amb un fill\/a al centre: 20\u20ac per infant.<\/li>\n<li>fam\u00edlies amb m\u00e9s d\u2019un fill\/a al centre: 18\u20ac per infant.<\/li>\n<\/ul>\n<p>Aquesta es cobra a trav\u00e9s de domiciliaci\u00f3 banc\u00e0ria el mes de novembre de cada curs.<\/p>\n<p>Per tal de no haver de pujar l\u2019import d\u2019aquesta quota, el mes de desembre es donen a les fam\u00edlies les butlletes corresponents a Panerassa. Aquestes s\u2019han d\u2019abonar abans d\u2019iniciar les vacances de Nadal i donen la oportunitat a les fam\u00edlies de reduir l\u2019import total de la despesa familiar que suposa l\u2019afiliaci\u00f3 a l\u2019AMPA venent les butlletes.<\/p>\n<p><a href=\"https:\/\/agora.xtec.cat\/ceipmvayreda-llado\/wp-content\/uploads\/usu1795\/2022\/10\/Untitled_21102022_125437.pdf\" target=\"_blank\" rel=\"noopener\"><span style=\"color: #339966;\"><strong>***Full afiliaci\u00f3-baixa rectificaci\u00f3 dades AMPA***<\/strong><\/span><\/a><\/p>\n<p>&nbsp;<\/p>\n<p>&nbsp;<\/p>\n","protected":false},"excerpt":{"rendered":"<p>Qu\u00e8 \u00e9s l\u2019AFA?<br \/>\nL\u2019AFA \u00e9s l\u2019associaci\u00f3 de fam\u00edlies d\u2019un centre escolar. \u00c9s una entitat sense \u00e0nim de lucre, cosa que vol dir que tots els pares i mares que formen part de la junta i tots aquells que hi col\u00b7laboren ho fan de manera desinteressada i&hellip;  <a href=\"https:\/\/agora.xtec.cat\/ceipmvayreda-llado\/ampa\/\" title=\"Read AFA\">Llegeix m\u00e9s\u00bb<\/a><\/p>\n","protected":false},"author":1,"featured_media":0,"parent":0,"menu_order":3,"comment_status":"closed","ping_status":"closed","template":"page-templates\/side-menu.php","meta":{"_bbp_topic_count":0,"_bbp_reply_count":0,"_bbp_total_topic_count":0,"_bbp_total_reply_count":0,"_bbp_voice_count":0,"_bbp_anonymous_reply_count":0,"_bbp_topic_count_hidden":0,"_bbp_reply_count_hidden":0,"_bbp_forum_subforum_count":0,"footnotes":""},"class_list":["post-1391","page","type-page","status-publish","hentry"],"post_mailing_queue_ids":[],"_links":{"self":[{"href":"https:\/\/agora.xtec.cat\/ceipmvayreda-llado\/wp-json\/wp\/v2\/pages\/1391","targetHints":{"allow":["GET"]}}],"collection":[{"href":"https:\/\/agora.xtec.cat\/ceipmvayreda-llado\/wp-json\/wp\/v2\/pages"}],"about":[{"href":"https:\/\/agora.xtec.cat\/ceipmvayreda-llado\/wp-json\/wp\/v2\/types\/page"}],"author":[{"embeddable":true,"href":"https:\/\/agora.xtec.cat\/ceipmvayreda-llado\/wp-json\/wp\/v2\/users\/1"}],"replies":[{"embeddable":true,"href":"https:\/\/agora.xtec.cat\/ceipmvayreda-llado\/wp-json\/wp\/v2\/comments?post=1391"}],"version-history":[{"count":5,"href":"https:\/\/agora.xtec.cat\/ceipmvayreda-llado\/wp-json\/wp\/v2\/pages\/1391\/revisions"}],"predecessor-version":[{"id":18322,"href":"https:\/\/agora.xtec.cat\/ceipmvayreda-llado\/wp-json\/wp\/v2\/pages\/1391\/revisions\/18322"}],"wp:attachment":[{"href":"https:\/\/agora.xtec.cat\/ceipmvayreda-llado\/wp-json\/wp\/v2\/media?parent=1391"}],"curies":[{"name":"wp","href":"https:\/\/api.w.org\/{rel}","templated":true}]}}