{"id":1217,"date":"2018-10-01T15:35:52","date_gmt":"2018-10-01T13:35:52","guid":{"rendered":"http:\/\/agora.xtec.cat\/ceipmvayreda-llado\/?page_id=1217"},"modified":"2024-09-18T10:13:54","modified_gmt":"2024-09-18T08:13:54","slug":"normativa-de-lescola","status":"publish","type":"page","link":"https:\/\/agora.xtec.cat\/ceipmvayreda-llado\/lescola\/normativa-de-lescola\/","title":{"rendered":"Normativa de l&#8217;escola"},"content":{"rendered":"<h6><\/h6>\n<p style=\"text-align: center;\"><b>NORMATIVA D\u2019ESCOLA<\/b><\/p>\n<p><b>CURS 2024-2025<\/b><\/p>\n<ul>\n<li style=\"font-weight: 400;\" aria-level=\"1\"><b>L\u2019horari lectiu <\/b><span style=\"font-weight: 400;\">\u00e9s de 9h a 12:30h i de 15h a 16:30h. Fora d\u2019aquest horari el recinte escolar no estar\u00e0 vigilat pels docents.<\/span><\/li>\n<li style=\"font-weight: 400;\" aria-level=\"1\"><b>Assist\u00e8ncia<\/b><span style=\"font-weight: 400;\">: Considerem indispensable l\u2019assist\u00e8ncia continuada al centre.\u00a0<\/span><\/li>\n<\/ul>\n<p><span style=\"font-weight: 400;\">En cas de no poder assistir a l\u2019escola cal comunicar-ho per de forma escrita per la plataforma digital, quadern d\u2019aprenentatge o per \u00faltim, correu electr\u00f2nic.\u00a0<\/span><\/p>\n<p><span style=\"font-weight: 400;\">En cas de per\u00edodes d\u2019abs\u00e8ncia llargs cal comunicar-ho al correu electr\u00f2nic de l\u2019escola.\u00a0<\/span><\/p>\n<ul>\n<li style=\"font-weight: 400;\" aria-level=\"1\"><b>Puntualitat a l\u2019escola<\/b><span style=\"font-weight: 400;\">. \u00c9s important la puntualitat en les entrades i recollides dels alumnes, pel bon funcionament del centre. El respecte dels horaris \u00e9s un tema important i cal un esfor\u00e7 de tothom.\u00a0<\/span><\/li>\n<li aria-level=\"1\"><b>Entrades. <\/b><span style=\"font-weight: 400;\">Els alumnes de I1 i I2 entren per la porta de l\u2019edifici de la llar a partir de les 8:55h i tenen un marge de 20 minuts per poder fer entrades relaxades (9:15h).\u00a0\u00a0<\/span><\/li>\n<\/ul>\n<p><span style=\"font-weight: 400;\">Els alumnes de I3 a 6\u00e8 entren per la porta de fusta i poden anar entrant a les seves aules. La porta s\u2019obrir\u00e0 al mat\u00ed a les 8:55h i es tancar\u00e0 a les 9:05 i a la tarda a les 15h en punt i es tancar\u00e0 5 minuts despr\u00e9s. Recordeu que som una escola petita on <\/span><span style=\"font-weight: 400;\">no<\/span><span style=\"font-weight: 400;\"> hi ha conserge, i per tant, cada vegada que alguna persona arriba fora de l\u2019horari establert, alguna mestra ha de desatendre els seus alumnes per poder obrir la porta. \u00c9s per aix\u00f2, que preguem molta puntualitat!<\/span><\/p>\n<ul>\n<li style=\"font-weight: 400;\" aria-level=\"1\"><b>Sortides. <\/b><span style=\"font-weight: 400;\">L\u2019hora de sortida al migdia ser\u00e0 a les 12:30h. Les fam\u00edlies <\/span><b>NO<\/b><span style=\"font-weight: 400;\"> podran accedir a l\u2019escola i seran les mestres de cada classe que acompanyaran els alumnes a la porta de fusta (excepte els alumnes de I1 i I2).\u00a0<\/span><\/li>\n<\/ul>\n<p><span style=\"font-weight: 400;\">Quan els alumnes puguin marxar sols a casa o els reculli una persona que no siguin els seus progenitors\/tutors, cal que pr\u00e8viament hagin estat <\/span><span style=\"font-weight: 400;\">autoritzats per escrit (a l\u2019autoritzaci\u00f3 pertinent).<\/span><\/p>\n<ul>\n<li style=\"font-weight: 400;\" aria-level=\"1\"><b>Comunicaci\u00f3 amb fam\u00edlies.<\/b><span style=\"font-weight: 400;\"> La<\/span> <span style=\"font-weight: 400;\">informaci\u00f3 de diferents actuacions i esdeveniments del centre s\u2019enviar\u00e0 a totes les fam\u00edlies a trav\u00e9s del correu electr\u00f2nic i\/o altres plataformes digitals<\/span> <span style=\"font-weight: 400;\">(Edvoice)<\/span><i><span style=\"font-weight: 400;\">.<\/span><\/i><\/li>\n<li style=\"font-weight: 400;\" aria-level=\"1\"><b>Modificaci\u00f3 de dades<\/b><span style=\"font-weight: 400;\">. Si hi ha alguna variaci\u00f3 en <\/span><span style=\"font-weight: 400;\">la situaci\u00f3 familiar, adreces, tel\u00e8fons o comptes bancaris<\/span><span style=\"font-weight: 400;\">, cal comunicar-ho el m\u00e9s aviat possible.<\/span><\/li>\n<li style=\"font-weight: 400;\" aria-level=\"1\"><b>El Servei Escolar de Menjador <\/b><span style=\"font-weight: 400;\">disposa d\u2019una normativa espec\u00edfica que es podr\u00e0 consultar a la p\u00e0gina web.\u00a0<\/span><\/li>\n<li style=\"font-weight: 400;\" aria-level=\"1\"><b>Malalties<\/b><span style=\"font-weight: 400;\">. Quan un\/a alumne\/a pateixi qualsevol malaltia<\/span> <span style=\"font-weight: 400;\">cal que faci convalesc\u00e8ncia i tractament a casa a fi de poder vetllar pel seu benestar i bona recuperaci\u00f3 evitant tamb\u00e9 el contagi a altres membres de l\u2019escola.\u00a0<\/span><\/li>\n<\/ul>\n<p><span style=\"font-weight: 400;\">En cas de febre, es recomana la reincorporaci\u00f3 de l\u2019alumne al centre, passades les 24 hores des de que ja no t\u00e9 febre. I en cas de diarrea, passades les 48h des de la darrera.\u00a0<\/span><\/p>\n<p><span style=\"font-weight: 400;\">Els medicaments es donaran a casa. En cas necessari d\u2019administrar-lo durant l\u2019horari escolar, caldr\u00e0 la pr\u00e8via prescripci\u00f3 m\u00e8dica i autoritzaci\u00f3 pertinent per escrit.<\/span><\/p>\n<p><span style=\"font-weight: 400;\">Tamb\u00e9, hi ha l\u2019autoritzaci\u00f3 de <\/span><i><span style=\"font-weight: 400;\">Paracetamol<\/span><\/i><span style=\"font-weight: 400;\">, seguint les recomanacions elaborades per la Societat Catalana de Pediatria i pel Departament de Salut. Cal recordar que nom\u00e9s es podr\u00e0 administrar si s\u2019ha signat l\u2019autoritzaci\u00f3 corresponent. Nom\u00e9s s\u2019administrar\u00e0 en cas de presentar febre superior a 38\u00ba de temperatura corporal mentre s\u2019espera l\u2019arribada d\u2019algun familiar i pr\u00e8via autoritzaci\u00f3 telef\u00f2nica dels pares o tutors legals, i si el familiar no pot venir a recollir a l\u2019alumne\/a en un per\u00edode curt de temps.<\/span><\/p>\n<ul>\n<li style=\"font-weight: 400;\" aria-level=\"1\"><b>Polls.<\/b><span style=\"font-weight: 400;\"> Recordem la import\u00e0ncia de fer el tractament immediat en el cas de detectar polls per evitar les mol\u00e8sties que ocasionen i el contagi als companys\/es. Des de l\u2019escola agra\u00efm que es pugui avisar si es detecta la pres\u00e8ncia d\u2019aquest par\u00e0sit per poder informar a la resta de fam\u00edlies perqu\u00e8 facin el tractament preventiu.\u00a0<\/span><\/li>\n<li style=\"font-weight: 400;\" aria-level=\"1\"><b>Autoritzacions.<\/b><span style=\"font-weight: 400;\"> Tots els fulls i\/o autoritzacions<\/span> <span style=\"font-weight: 400;\">cal retornar-los degudament signats a l\u2019escola el m\u00e9s aviat possible. Les fam\u00edlies ompliran aquest tipus de documentaci\u00f3 a trav\u00e9s de papers que es donaran a l\u2019inici de curs.\u00a0<\/span><\/li>\n<li style=\"font-weight: 400;\" aria-level=\"1\"><b>Reunions i Entrevistes<\/b><span style=\"font-weight: 400;\">. A nivell general, es far\u00e0 una reuni\u00f3 amb les fam\u00edlies a principi de curs.\u00a0<\/span><\/li>\n<\/ul>\n<p><span style=\"font-weight: 400;\">I les entrevistes individuals es faran al segon trimestre. Si el tutor\/a o la fam\u00edlia ho consideren oport\u00fa es pot demanar m\u00e9s d\u2019una entrevista a part de l\u2019ordin\u00e0ria de curs o una trobada amb l\u2019Equip Directiu, els dijous de 9h a 11h.<\/span><\/p>\n<ul>\n<li style=\"font-weight: 400;\" aria-level=\"1\"><b>Material.<\/b><span style=\"font-weight: 400;\"> \u00c9s important tamb\u00e9 que els alumnes de Prim\u00e0ria portin cada dia el material necessari per poder participar de manera correcta a les classes. Cal que tot estigui marcat amb el nom.\u00a0<\/span><\/li>\n<li style=\"font-weight: 400;\" aria-level=\"1\"><b>Quadern d\u2019aprenentatge. <\/b><span style=\"font-weight: 400;\">\u00c9s molt important que els alumnes de prim\u00e0ria portin cada dia el quadern d\u2019aprenentatge a l\u2019escola i tamb\u00e9 que aquest arribi a casa cada dia per poder fer un seguiment de les tasques del dia a dia.\u00a0\u00a0<\/span><\/li>\n<li style=\"font-weight: 400;\" aria-level=\"1\"><span style=\"font-weight: 400;\">El dia de<\/span><b> Psicomotricitat o Educaci\u00f3 F\u00edsica<\/b><span style=\"font-weight: 400;\"> cal portar roba esportiva i sabates esportives (amb velcro pels alumnes d\u2019Infantil) degudament marcada amb el nom. Els alumnes de Prim\u00e0ria hauran de portar un necesser, tovallola petita i una samarreta de recanvi per cuidar la higiene personal despr\u00e9s de fer esport. \u00c9s responsabilitat dels alumnes portar el necesser els dies d\u2019Ed. F\u00edsica.\u00a0\u00a0<\/span><\/li>\n<li style=\"font-weight: 400;\" aria-level=\"1\"><span style=\"font-weight: 400;\">\u00c9s important <\/span><b>retornar el llibre de lectura en fam\u00edlia<\/b><span style=\"font-weight: 400;\"> el dia establert per cada tutoria per tal de no trencar amb les rodes establertes i no deixar a cap alumne\/a sense llibre.<\/span><\/li>\n<li style=\"font-weight: 400;\" aria-level=\"1\"><b>Excursi\u00f3<\/b><span style=\"font-weight: 400;\">. Durant el curs es planifiquen diverses sortides. Quan es vagi d\u2019excursi\u00f3 tots els objectes personals han d\u2019estar marcats amb el nom i cal portar roba c\u00f2moda. A les sortides no es poden portar llaminadures, diners, llaunes, etc,&#8230; A nivell d\u2019Educaci\u00f3 Infantil, \u00e9s important especificar la bossa de l\u2019esmorzar i la bossa del dinar.<\/span><\/li>\n<li style=\"font-weight: 400;\" aria-level=\"1\"><b>Esmorzars.<\/b><span style=\"font-weight: 400;\"> Es recomana portar esmorzar al mat\u00ed, millor dins una carmanyola de pl\u00e0stic per tal de reduir els embolcalls. Recomanem tamb\u00e9 esmorzar de fruita (qui la vulgui pelada, des de casa) m\u00e9s d\u2019un dia a la setmana. Des de l&#8217;escola es promou l\u2019esmorzar saludable. Es recomana evitar el consum de iogurts, sucs, batuts, brioixeria industrial\u2026<\/span><\/li>\n<li style=\"font-weight: 400;\" aria-level=\"1\"><b>Aniversaris. <\/b><span style=\"font-weight: 400;\">\u00c9s optatiu i s\u2019acostuma a portar quelcom per esmorzar per a tots els nens\/es de la classe. A l\u2019inici de curs caldr\u00e0 signar una autoritzaci\u00f3 per tal que l\u2019alumne pugui menjar aliments elaborats casolanament.\u00a0<\/span><\/li>\n<\/ul>\n<p><span style=\"font-weight: 400;\">Les invitacions de festes particulars es repartiran fora de l\u2019horari escolar.<\/span><\/p>\n<ul>\n<li style=\"font-weight: 400;\" aria-level=\"1\"><b>Cantimplora<\/b><span style=\"font-weight: 400;\">. Els nens i nenes poden portar una ampolla plena d\u2019aigua, marcada amb el nom. En el cas de dur ampolla, no podr\u00e0 ser de vidre, i aconsellem que sigui reutilitzable (cantimplora, termo&#8230;). Els alumnes que es quedin a menjador podran utilitzar-la tamb\u00e9 per beure durant l\u2019estona del migdia.<\/span><\/li>\n<li style=\"font-weight: 400;\" aria-level=\"1\"><b>Roba.<\/b><span style=\"font-weight: 400;\"> Cal que les bates, jaquetes de xandall, abrics,&#8230;portin una <\/span><span style=\"font-weight: 400;\">veta llarga<\/span><span style=\"font-weight: 400;\"> per penjar-los i evitar que caiguin a terra i estiguin <\/span><span style=\"font-weight: 400;\">marcades<\/span><span style=\"font-weight: 400;\"> amb el nom.<\/span><\/li>\n<\/ul>\n<p><span style=\"font-weight: 400;\">La roba ha de ser c\u00f2moda i promoure l\u2019autonomia.<\/span><\/p>\n<p><span style=\"font-weight: 400;\">Cal que els alumnes que ho necessitin, a inici de curs portin <\/span><span style=\"font-weight: 400;\">una muda de recanvi<\/span><span style=\"font-weight: 400;\">. Ha de ser roba que es pugui quedar a l\u2019escola. Recordeu adequar la roba de recanvi a la temporada.\u00a0<\/span><\/p>\n<p><span style=\"font-weight: 400;\">Al final del curs escolar tota aquella roba d\u2019objectes perduts que no s\u2019hagi reclamat es portar\u00e0\u00a0 a un punt de recollida de roba.\u00a0<\/span><\/p>\n<ul>\n<li style=\"font-weight: 400;\" aria-level=\"1\"><b>Joguines.<\/b><span style=\"font-weight: 400;\"> No<\/span> <span style=\"font-weight: 400;\">s\u2019han de portar joguines, cromos, cartes, pilotes\u2026 de casa. L\u2019escola no se\u2019n fa responsable.<\/span><\/li>\n<li style=\"font-weight: 400;\" aria-level=\"1\"><b>Patinets i bicicletes<\/b><span style=\"font-weight: 400;\">. Han de quedar degudament recollits en l\u2019espai destinat al costat de la porta del pavell\u00f3\u00a0 i no es poden utilitzar dins el recinte escolar.\u00a0<\/span><\/li>\n<li aria-level=\"1\"><b>Fotos i videos. <\/b><span style=\"font-weight: 400;\">No es permet fer fotos ni v\u00eddeos dins del recinte escolar.<\/span><\/li>\n<\/ul>\n<p>&nbsp;<\/p>\n<ul>\n<li style=\"font-weight: 400;\" aria-level=\"1\"><b>Dispositius electr\u00f2nics. <\/b><span style=\"font-weight: 400;\">No es permet portar dispositius electr\u00f2nics (c\u00e0mera, tauletes, m\u00f2bil, rellotges intel\u00b7ligents\u2026) a dins del recinte escolar.<\/span><\/li>\n<\/ul>\n<p><b>El Consell Escolar<\/b><span style=\"font-weight: 400;\">\u00a0<\/span><\/p>\n<p><b>Llad\u00f3, setembre de 2024<\/b><\/p>\n<p>&nbsp;<\/p>\n","protected":false},"excerpt":{"rendered":"<p>NORMATIVA D\u2019ESCOLA<br \/>\nCURS 2024-2025<\/p>\n<ul>\n<li style=\"font-weight: 400;\" aria-level=\"1\">L\u2019horari lectiu \u00e9s de 9h a 12:30h i de 15h a 16:30h. Fora d\u2019aquest horari el recinte escolar no estar\u00e0 vigilat pels docents.<\/li>\n<li style=\"font-weight: 400;\" aria-level=\"1\">Assist\u00e8ncia: Considerem indispensable l\u2019assist\u00e8ncia continuada al centre.\u00a0<\/li>\n<\/ul>\n<p>En cas de no poder assistir a l\u2019escola cal&hellip;  <a href=\"https:\/\/agora.xtec.cat\/ceipmvayreda-llado\/lescola\/normativa-de-lescola\/\" title=\"Read Normativa de l&#8217;escola\">Llegeix m\u00e9s\u00bb<\/a><\/p>\n","protected":false},"author":1,"featured_media":0,"parent":22,"menu_order":60,"comment_status":"closed","ping_status":"closed","template":"page-templates\/side-menu.php","meta":{"_bbp_topic_count":0,"_bbp_reply_count":0,"_bbp_total_topic_count":0,"_bbp_total_reply_count":0,"_bbp_voice_count":0,"_bbp_anonymous_reply_count":0,"_bbp_topic_count_hidden":0,"_bbp_reply_count_hidden":0,"_bbp_forum_subforum_count":0,"footnotes":""},"class_list":["post-1217","page","type-page","status-publish","hentry"],"post_mailing_queue_ids":[],"_links":{"self":[{"href":"https:\/\/agora.xtec.cat\/ceipmvayreda-llado\/wp-json\/wp\/v2\/pages\/1217","targetHints":{"allow":["GET"]}}],"collection":[{"href":"https:\/\/agora.xtec.cat\/ceipmvayreda-llado\/wp-json\/wp\/v2\/pages"}],"about":[{"href":"https:\/\/agora.xtec.cat\/ceipmvayreda-llado\/wp-json\/wp\/v2\/types\/page"}],"author":[{"embeddable":true,"href":"https:\/\/agora.xtec.cat\/ceipmvayreda-llado\/wp-json\/wp\/v2\/users\/1"}],"replies":[{"embeddable":true,"href":"https:\/\/agora.xtec.cat\/ceipmvayreda-llado\/wp-json\/wp\/v2\/comments?post=1217"}],"version-history":[{"count":6,"href":"https:\/\/agora.xtec.cat\/ceipmvayreda-llado\/wp-json\/wp\/v2\/pages\/1217\/revisions"}],"predecessor-version":[{"id":18314,"href":"https:\/\/agora.xtec.cat\/ceipmvayreda-llado\/wp-json\/wp\/v2\/pages\/1217\/revisions\/18314"}],"up":[{"embeddable":true,"href":"https:\/\/agora.xtec.cat\/ceipmvayreda-llado\/wp-json\/wp\/v2\/pages\/22"}],"wp:attachment":[{"href":"https:\/\/agora.xtec.cat\/ceipmvayreda-llado\/wp-json\/wp\/v2\/media?parent=1217"}],"curies":[{"name":"wp","href":"https:\/\/api.w.org\/{rel}","templated":true}]}}