{"id":73,"date":"2014-09-18T14:01:51","date_gmt":"2014-09-18T13:01:51","guid":{"rendered":"http:\/\/agora.xtec.cat\/ceipmturoblau\/?page_id=73"},"modified":"2023-01-31T16:03:03","modified_gmt":"2023-01-31T15:03:03","slug":"menjador-escolar","status":"publish","type":"page","link":"https:\/\/agora.xtec.cat\/ceipmturoblau\/serveis\/menjador-escolar\/","title":{"rendered":"Menjador escolar"},"content":{"rendered":"<p>Informaci\u00f3 menjador escolar:<\/p>\n<p><a href=\"https:\/\/agora.xtec.cat\/ceipmturoblau\/wp-content\/uploads\/usu2222\/2022\/01\/menjador.jpg\"><img loading=\"lazy\" decoding=\"async\" class=\"size-thumbnail wp-image-600 alignleft\" src=\"https:\/\/agora.xtec.cat\/ceipmturoblau\/wp-content\/uploads\/usu2222\/2022\/01\/menjador-150x150.jpg\" alt=\"\" width=\"150\" height=\"150\" \/><\/a>El preu del menjador \u00e9s 6\u201950\u20ac diaris, m\u00e9s 0\u201980\u20ac corresponents a la mitja hora de perman\u00e8ncia de 16\u201930 a 17h i a l\u2019amortitzaci\u00f3 de la construcci\u00f3 de la cuina pr\u00f2pia. En total 7,30 \u20ac diaris, 8,84 \u20ac els espor\u00e0dics. La gesti\u00f3 de les inscripcions, modificacions de les mateixes i pagaments es far\u00e0 a trav\u00e9s de l&#8217;APP de Fundesplai. Per poder fer-la servir cal que us la descarregueu i registreu. En aquest enlla\u00e7 trobareu m\u00e9s informaci\u00f3. <a href=\"https:\/\/activitats.fundesplai.org\/public\/landing\/app\">https:\/\/activitats.fundesplai.org\/public\/landing\/app<\/a><\/p>\n<p>&nbsp;<\/p>\n<p>Gesti\u00f3 menjador escolar:<\/p>\n<p><strong>617 854 452<\/strong> de dilluns a divendres de 9 a 9.30h<br \/>\ncoordinacioturoblau@fundesplai.org<\/p>\n","protected":false},"excerpt":{"rendered":"<p>Informaci\u00f3 menjador escolar:<br \/>\n<a href=\"https:\/\/agora.xtec.cat\/ceipmturoblau\/wp-content\/uploads\/usu2222\/2022\/01\/menjador.jpg\"><\/a>El preu del menjador \u00e9s 6\u201950\u20ac diaris, m\u00e9s 0\u201980\u20ac corresponents a la mitja hora de perman\u00e8ncia de 16\u201930 a 17h i a l\u2019amortitzaci\u00f3 de la construcci\u00f3 de la cuina pr\u00f2pia. En total 7,30 \u20ac diaris, 8,84 \u20ac els espor\u00e0dics. La gesti\u00f3 de&hellip;  <a href=\"https:\/\/agora.xtec.cat\/ceipmturoblau\/serveis\/menjador-escolar\/\" title=\"Read Menjador escolar\">Llegeix m\u00e9s\u00bb<\/a><\/p>\n","protected":false},"author":1,"featured_media":0,"parent":66,"menu_order":30,"comment_status":"closed","ping_status":"closed","template":"page-templates\/side-menu.php","meta":{"_bbp_topic_count":0,"_bbp_reply_count":0,"_bbp_total_topic_count":0,"_bbp_total_reply_count":0,"_bbp_voice_count":0,"_bbp_anonymous_reply_count":0,"_bbp_topic_count_hidden":0,"_bbp_reply_count_hidden":0,"_bbp_forum_subforum_count":0,"footnotes":""},"class_list":["post-73","page","type-page","status-publish","hentry"],"post_mailing_queue_ids":[],"_links":{"self":[{"href":"https:\/\/agora.xtec.cat\/ceipmturoblau\/wp-json\/wp\/v2\/pages\/73","targetHints":{"allow":["GET"]}}],"collection":[{"href":"https:\/\/agora.xtec.cat\/ceipmturoblau\/wp-json\/wp\/v2\/pages"}],"about":[{"href":"https:\/\/agora.xtec.cat\/ceipmturoblau\/wp-json\/wp\/v2\/types\/page"}],"author":[{"embeddable":true,"href":"https:\/\/agora.xtec.cat\/ceipmturoblau\/wp-json\/wp\/v2\/users\/1"}],"replies":[{"embeddable":true,"href":"https:\/\/agora.xtec.cat\/ceipmturoblau\/wp-json\/wp\/v2\/comments?post=73"}],"version-history":[{"count":3,"href":"https:\/\/agora.xtec.cat\/ceipmturoblau\/wp-json\/wp\/v2\/pages\/73\/revisions"}],"predecessor-version":[{"id":951,"href":"https:\/\/agora.xtec.cat\/ceipmturoblau\/wp-json\/wp\/v2\/pages\/73\/revisions\/951"}],"up":[{"embeddable":true,"href":"https:\/\/agora.xtec.cat\/ceipmturoblau\/wp-json\/wp\/v2\/pages\/66"}],"wp:attachment":[{"href":"https:\/\/agora.xtec.cat\/ceipmturoblau\/wp-json\/wp\/v2\/media?parent=73"}],"curies":[{"name":"wp","href":"https:\/\/api.w.org\/{rel}","templated":true}]}}