{"id":71,"date":"2014-09-18T12:44:56","date_gmt":"2014-09-18T11:44:56","guid":{"rendered":"http:\/\/agora.xtec.cat\/ceipmturoblau\/?page_id=71"},"modified":"2023-02-07T09:23:58","modified_gmt":"2023-02-07T08:23:58","slug":"serveis-digitals","status":"publish","type":"page","link":"https:\/\/agora.xtec.cat\/ceipmturoblau\/serveis\/serveis-digitals\/","title":{"rendered":"Serveis digitals"},"content":{"rendered":"<p>L&#8217;escola disposa d&#8217;un domini propi d&#8217;internet on est\u00e0 vinculat <em>Google Apps for Education.<\/em><\/p>\n<p>Tots els mestres i els alumnes de prim\u00e0ria disposen d&#8217;un usuari i un compte de correu electr\u00f2nic que els hi permet utilitzar les eines pr\u00f2pies de Google amb finalitats educatives. Aquest us t\u00e9 lloc dins d&#8217;un entorn controlat i gestionat per l&#8217;escola.<\/p>\n<p>La utilitzaci\u00f3 de\u00a0<em>Google Apps\u00a0<\/em>ens permet avan\u00e7ar en el treball col\u00b7laboratiu, en l&#8217;\u00fas de documents compartits, en la implementaci\u00f3 d&#8217;eines inform\u00e0tiques per a l&#8217;aprenentatge continuat.<\/p>\n<p>L&#8217;escola disposa tamb\u00e9 un compte de<em><a href=\"https:\/\/www.instagram.com\/escolaturoblau\/\" target=\"_blank\" rel=\"noopener noreferrer\"> Instagram<\/a><\/em> on podeu seguir l&#8217;actualitat del centre.<\/p>\n","protected":false},"excerpt":{"rendered":"<p>L&#8217;escola disposa d&#8217;un domini propi d&#8217;internet on est\u00e0 vinculat Google Apps for Education.<br \/>\nTots els mestres i els alumnes de prim\u00e0ria disposen d&#8217;un usuari i un compte de correu electr\u00f2nic que els hi permet utilitzar les eines pr\u00f2pies de Google amb finalitats educatives. Aquest us t\u00e9&hellip;  <a href=\"https:\/\/agora.xtec.cat\/ceipmturoblau\/serveis\/serveis-digitals\/\" title=\"Read Serveis digitals\">Llegeix m\u00e9s\u00bb<\/a><\/p>\n","protected":false},"author":1,"featured_media":0,"parent":66,"menu_order":10,"comment_status":"closed","ping_status":"closed","template":"page-templates\/side-menu.php","meta":{"_bbp_topic_count":0,"_bbp_reply_count":0,"_bbp_total_topic_count":0,"_bbp_total_reply_count":0,"_bbp_voice_count":0,"_bbp_anonymous_reply_count":0,"_bbp_topic_count_hidden":0,"_bbp_reply_count_hidden":0,"_bbp_forum_subforum_count":0,"footnotes":""},"class_list":["post-71","page","type-page","status-publish","hentry"],"post_mailing_queue_ids":[],"_links":{"self":[{"href":"https:\/\/agora.xtec.cat\/ceipmturoblau\/wp-json\/wp\/v2\/pages\/71","targetHints":{"allow":["GET"]}}],"collection":[{"href":"https:\/\/agora.xtec.cat\/ceipmturoblau\/wp-json\/wp\/v2\/pages"}],"about":[{"href":"https:\/\/agora.xtec.cat\/ceipmturoblau\/wp-json\/wp\/v2\/types\/page"}],"author":[{"embeddable":true,"href":"https:\/\/agora.xtec.cat\/ceipmturoblau\/wp-json\/wp\/v2\/users\/1"}],"replies":[{"embeddable":true,"href":"https:\/\/agora.xtec.cat\/ceipmturoblau\/wp-json\/wp\/v2\/comments?post=71"}],"version-history":[{"count":3,"href":"https:\/\/agora.xtec.cat\/ceipmturoblau\/wp-json\/wp\/v2\/pages\/71\/revisions"}],"predecessor-version":[{"id":974,"href":"https:\/\/agora.xtec.cat\/ceipmturoblau\/wp-json\/wp\/v2\/pages\/71\/revisions\/974"}],"up":[{"embeddable":true,"href":"https:\/\/agora.xtec.cat\/ceipmturoblau\/wp-json\/wp\/v2\/pages\/66"}],"wp:attachment":[{"href":"https:\/\/agora.xtec.cat\/ceipmturoblau\/wp-json\/wp\/v2\/media?parent=71"}],"curies":[{"name":"wp","href":"https:\/\/api.w.org\/{rel}","templated":true}]}}