{"id":64,"date":"2014-09-18T12:39:08","date_gmt":"2014-09-18T11:39:08","guid":{"rendered":"http:\/\/agora.xtec.cat\/ceipmturoblau\/?page_id=64"},"modified":"2023-05-16T15:03:29","modified_gmt":"2023-05-16T13:03:29","slug":"projecte-educatiu","status":"publish","type":"page","link":"https:\/\/agora.xtec.cat\/ceipmturoblau\/lescola\/projecte-educatiu\/","title":{"rendered":"Projecte educatiu"},"content":{"rendered":"<ul>\n<li>Entenem l\u2019educaci\u00f3 com un proc\u00e9s de desenvolupament global, que t\u00e9 en compte tan la dimensi\u00f3 individual com social de l\u2019alumnat, en el que l\u2019infant \u00e9s protagonista del seu aprenentatge.<\/li>\n<li>Potenciem els valors de solidaritat, cooperaci\u00f3, responsabilitat i toler\u00e0ncia.<\/li>\n<li>Fomentem l\u2019adquisici\u00f3 d\u2019h\u00e0bits d\u2019autonomia, conviv\u00e8ncia i treball.<\/li>\n<li>Realitzem activitats que ajuden als nens i nenes a pensar per si mateixos, i a ser un membre actiu de la seva comunitat (Dansa Ara, Cant\u00e0nia, El Preg\u00f3 dels infants, Firem-nos&#8230;)<\/li>\n<li>Participem en els programes:<br \/>\n\u2013 Projecte Rainbow.<br \/>\n\u2013 Escoles + sostenibles.<br \/>\n\u2013 Reutilitzaci\u00f3 i socialitzaci\u00f3 de llibres de text i material complementari.<br \/>\n\u2013 Dinamitzaci\u00f3 de biblioteques escolars.<br \/>\n\u2013 Projecte School to School (Fundaci\u00f3 Vicente Ferrer).<br \/>\n\u2013 Projecte &#8220;Transformem els patis&#8221;.<\/li>\n<\/ul>\n<ul>\n<li>Treballem en grups redu\u00efts en diferents aprenentatges.<\/li>\n<li>Mantenim l\u2019especialista de pl\u00e0stica, donant molta import\u00e0ncia a l\u2019expressi\u00f3 art\u00edstica dels infants.<\/li>\n<li>Realitzem sortides i activitats per ampliar i completar els diferents aprenentatges (audicions, teatre, museus, natura, atletisme, col\u00f2nies, festes populars\u2026).<\/li>\n<li>Elaborem la revista \u201cT de Tur\u00f3\u201d com a eina d\u2019aprenentatge dels alumnes i informaci\u00f3 a les fam\u00edlies.<br \/>\n<table style=\"border-collapse: collapse; width: 100%; height: 152px;\">\n<tbody>\n<tr style=\"height: 32px;\">\n<td style=\"width: 100%; height: 32px;\"><a href=\"https:\/\/agora.xtec.cat\/ceipmturoblau\/wp-content\/uploads\/usu2222\/2023\/05\/PEC-Turo-Blau.pdf\" target=\"_blank\" rel=\"noopener\">PEC Tur\u00f3 Blau<\/a><\/td>\n<\/tr>\n<tr style=\"height: 120px;\">\n<td style=\"width: 100%; height: 120px;\"><a href=\"https:\/\/agora.xtec.cat\/ceipmturoblau\/wp-content\/uploads\/usu2222\/2023\/04\/projecte-linguistic.pdf\" target=\"_blank\" rel=\"noopener\">Projecte ling\u00fc\u00edstic<\/a><\/p>\n<p><a href=\"https:\/\/agora.xtec.cat\/ceipmturoblau\/wp-content\/uploads\/usu2222\/2023\/04\/projecte-convivencia.pdf\" target=\"_blank\" rel=\"noopener\">Projecte de conviv\u00e8ncia<\/a><\/p>\n<p><a href=\"https:\/\/agora.xtec.cat\/ceipmturoblau\/wp-content\/uploads\/usu2222\/2023\/04\/Normes-dorganitzacio-i-funcionament-NOFC.pdf\" target=\"_blank\" rel=\"noopener\">Normes d&#8217;organitzaci\u00f3 i funcionament<\/a><\/td>\n<\/tr>\n<\/tbody>\n<\/table>\n<\/li>\n<\/ul>\n","protected":false},"excerpt":{"rendered":"<ul>\n<li>Entenem l\u2019educaci\u00f3 com un proc\u00e9s de desenvolupament global, que t\u00e9 en compte tan la dimensi\u00f3 individual com social de l\u2019alumnat, en el que l\u2019infant \u00e9s protagonista del seu aprenentatge.<\/li>\n<li>Potenciem els valors de solidaritat, cooperaci\u00f3, responsabilitat i toler\u00e0ncia.<\/li>\n<li>Fomentem l\u2019adquisici\u00f3 d\u2019h\u00e0bits d\u2019autonomia, conviv\u00e8ncia i treball.<\/li>\n<li>Realitzem activitats que&hellip;  <a href=\"https:\/\/agora.xtec.cat\/ceipmturoblau\/lescola\/projecte-educatiu\/\" title=\"Read Projecte educatiu\">Llegeix m\u00e9s\u00bb<\/a><br \/>\n","protected":false},"author":1,"featured_media":0,"parent":22,"menu_order":0,"comment_status":"closed","ping_status":"closed","template":"page-templates\/side-menu.php","meta":{"_bbp_topic_count":0,"_bbp_reply_count":0,"_bbp_total_topic_count":0,"_bbp_total_reply_count":0,"_bbp_voice_count":0,"_bbp_anonymous_reply_count":0,"_bbp_topic_count_hidden":0,"_bbp_reply_count_hidden":0,"_bbp_forum_subforum_count":0,"footnotes":""},"class_list":["post-64","page","type-page","status-publish","hentry"],"post_mailing_queue_ids":[],"_links":{"self":[{"href":"https:\/\/agora.xtec.cat\/ceipmturoblau\/wp-json\/wp\/v2\/pages\/64","targetHints":{"allow":["GET"]}}],"collection":[{"href":"https:\/\/agora.xtec.cat\/ceipmturoblau\/wp-json\/wp\/v2\/pages"}],"about":[{"href":"https:\/\/agora.xtec.cat\/ceipmturoblau\/wp-json\/wp\/v2\/types\/page"}],"author":[{"embeddable":true,"href":"https:\/\/agora.xtec.cat\/ceipmturoblau\/wp-json\/wp\/v2\/users\/1"}],"replies":[{"embeddable":true,"href":"https:\/\/agora.xtec.cat\/ceipmturoblau\/wp-json\/wp\/v2\/comments?post=64"}],"version-history":[{"count":3,"href":"https:\/\/agora.xtec.cat\/ceipmturoblau\/wp-json\/wp\/v2\/pages\/64\/revisions"}],"predecessor-version":[{"id":1011,"href":"https:\/\/agora.xtec.cat\/ceipmturoblau\/wp-json\/wp\/v2\/pages\/64\/revisions\/1011"}],"up":[{"embeddable":true,"href":"https:\/\/agora.xtec.cat\/ceipmturoblau\/wp-json\/wp\/v2\/pages\/22"}],"wp:attachment":[{"href":"https:\/\/agora.xtec.cat\/ceipmturoblau\/wp-json\/wp\/v2\/media?parent=64"}],"curies":[{"name":"wp","href":"https:\/\/api.w.org\/{rel}","templated":true}]}}