{"id":26,"date":"2014-09-18T12:24:32","date_gmt":"2014-09-18T11:24:32","guid":{"rendered":"http:\/\/agora.xtec.cat\/ceipmturoblau\/?page_id=26"},"modified":"2022-01-24T11:55:37","modified_gmt":"2022-01-24T10:55:37","slug":"historia","status":"publish","type":"page","link":"https:\/\/agora.xtec.cat\/ceipmturoblau\/lescola\/historia\/","title":{"rendered":"Hist\u00f2ria"},"content":{"rendered":"<p>La hist\u00f2ria de la nostra escola comen\u00e7a quan Sant Andreu era encara un poble i no un barri de Barcelona, com ho \u00e9s ara. En aquells temps del segle XIX, on ara \u00e9s l\u2019escola, hi havia una casa pairal, cal Borni.<br \/>\nEra una casa gran que feia cantonada com ara ho fa l\u2019escola. A m\u00e9s, era la primera casa del poble quan es venia de Sant Mart\u00ed de Proven\u00e7als.<br \/>\nJust on avui hi ha el carrer Sant Sebasti\u00e0, hi passava la riera d\u2019Horta. Imagineu-vos que diferent que era tot l\u2019entorn. Una riera, camps de conreu, un cam\u00ed pols\u00f3s que travessava el poble. Per aquella \u00e8poca la gent anava a cavall o en carros. Els cotxes i tramvies vindrien despr\u00e9s, amb els temps m\u00e9s moderns. I, com en molts altres llocs, per passar d\u2019un poble a l\u2019altre s\u2019havia de pagar els burots per les mercaderies que es transportaven, una mena de duana.<br \/>\nEn el nostre cas, la riera d\u2019Horta feia la funci\u00f3 de barrera epidemiol\u00f2gica; \u00e9s a dir, quan es sabia que hi havia pesta a Barcelona, no es deixava passar ning\u00fa que en vingu\u00e9s. D\u2019aquesta manera podia haver-hi la seguretat que la malaltia no s\u2019escamparia i que la poblaci\u00f3 andreuenca quedava protegida. Malgrat tot, la casa es mantenia com un puntal de refer\u00e8ncia del poble. Es deia: tal informaci\u00f3 ve de cal Borni, i tothom donava com a fiable la not\u00edcia.<br \/>\nPer\u00f2 van arribar temps de guerra (1936-1939); d\u2019una guerra fratricida que va malmetre gaireb\u00e9 tot el que s\u2019havia constru\u00eft al llarg dels anys. I com moltes coses, la casa, en altres temps plena de vida, va ser desmuntada pe\u00e7a a pe\u00e7a. Llavors va quedar la terra i un solar for\u00e7a gran on van comen\u00e7ar a construir un edifici destinat a ser un hospital. I, com que finalitzada la guerra l\u2019edifici no estava acabat, es va considerar si era necessari acabar les obres. En aquells moments, els propietaris van iniciar els tr\u00e0mits amb l\u2019Ajuntament per vendre els terrenys. Un cop adquirits pel municipi, van construir-hi una escola, la nostra escola.<br \/>\nL\u2019any 1940 comen\u00e7a a funcionar l\u2019Escola de Formaci\u00f3 Dom\u00e8stica Teresa de Jes\u00fas, gr\u00e0cies a l\u2019impuls del pedagog Artur Martorell, que, des del Departament de Cultura de l\u2019Ajuntament de Barcelona, va ser un gran defensor de les escoles municipals. L\u2019escola tenia com a objectiu, com el seu nom indica, formar les nenes de 5 a 12 anys amb els coneixements necessaris per portar una llar i educar els seus fills, a m\u00e9s de formar-les en l\u2019ensenyament primari i en l\u2019adoctrinament religi\u00f3s. Tamb\u00e9 hi havia un torn nocturn, per a noies de m\u00e9s de catorze anys, on s\u2019impartia igualment formaci\u00f3 dom\u00e8stica.<br \/>\nL\u2019escola va ser inaugurada oficialment el dia 17 de juliol de 1941. La primera directora va ser la professora Montserrat Roca, que havia estat directora de l\u2019Escola Municipal Ignasi Iglesias en el per\u00edode de la II Rep\u00fablica. Aquest nomenament va permetre que l\u2019escola estigu\u00e9s oberta a les necessitats dels seus alumnes, malgrat l\u2019ensenyament repressiu i l\u2019adoctrinament de l\u2019\u00e8poca.<br \/>\nL\u2019any 1963, partint dels canvis pol\u00edtics i socials que s\u2019anaven produint, la direcci\u00f3 de l\u2019escola demana la introducci\u00f3 d\u2019ensenyaments comercials en les classes nocturnes, aix\u00ed com de mecanografia, taquigrafia i franc\u00e8s, per tal d\u2019augmentar el nombre d\u2019alumnes matriculades.<br \/>\nPer\u00f2 potser la data que marca una inflexi\u00f3 en la transformaci\u00f3 de l\u2019escola \u00e9s el curs 1979-80, quan s\u2019implanta la coeducaci\u00f3: per fi els nens poden accedir a l\u2019escola. Tamb\u00e9, durant aquest curs, s\u2019organitzen excursions i col\u00f2nies, l\u2019ensenyament es catalanitza i s\u2019annexa el parvulari Pinotxo. En aquest per\u00edode, l\u2019Escola d\u2019Adults inicia la seva independ\u00e8ncia de l\u2019escola d\u2019EGB i es crea l\u2019Associaci\u00f3 de Mares i Pares d\u2019Alumnes (1980).<br \/>\nNo \u00e9s d\u2019estranyar que, amb tants canvis, el nom de l\u2019escola tamb\u00e9 ho fes. L\u2019any 1982, el claustre demana el canvi de nom i l\u2019\u00c0rea d\u2019Ensenyament fa la proposta. S\u2019escull el nom de Tur\u00f3 Blau, que fa refer\u00e8ncia a l\u2019\u00faltim tur\u00f3 de les muntanyes de Montcada que marcava el l\u00edmit del poble de Sant Andreu i on, a m\u00e9s a m\u00e9s, neix la riera d\u2019Horta, que com hem dit abans, passava antigament per davant de l\u2019escola.<br \/>\nCom a conseq\u00fc\u00e8ncia dels successius canvis en la legislaci\u00f3 educativa, es constitueix, primer, el Consell Escolar, per l\u2019aplicaci\u00f3 de la LODE (1986) i, segon, en el curs 1990-91, quan entra en vig\u00e8ncia la Reforma Educativa, el Tur\u00f3 Blau es converteix en una escola de prim\u00e0ria. Cal dir que \u00e9s la primera escola municipal que va comen\u00e7ar aquest canvi. Durant el curs 1992-93 s\u2019inicia l\u2019horari continuat de 9 a 14 h.<\/p>\n<p><a href=\"https:\/\/agora.xtec.cat\/ceipmturoblau\/wp-content\/uploads\/usu2222\/2022\/01\/historia.jpg\"><img loading=\"lazy\" decoding=\"async\" class=\"alignleft wp-image-518 size-medium\" src=\"https:\/\/agora.xtec.cat\/ceipmturoblau\/wp-content\/uploads\/usu2222\/2022\/01\/historia-210x300.jpg\" alt=\"\" width=\"210\" height=\"300\" srcset=\"https:\/\/agora.xtec.cat\/ceipmturoblau\/wp-content\/uploads\/usu2222\/2022\/01\/historia-210x300.jpg 210w, https:\/\/agora.xtec.cat\/ceipmturoblau\/wp-content\/uploads\/usu2222\/2022\/01\/historia.jpg 280w\" sizes=\"auto, (max-width: 210px) 100vw, 210px\" \/><\/a><a href=\"https:\/\/agora.xtec.cat\/ceipmturoblau\/wp-content\/uploads\/usu2222\/2022\/01\/CIMG4918.jpg\"><img loading=\"lazy\" decoding=\"async\" class=\"alignright wp-image-520 size-medium\" src=\"https:\/\/agora.xtec.cat\/ceipmturoblau\/wp-content\/uploads\/usu2222\/2022\/01\/CIMG4918-144x300.jpg\" alt=\"\" width=\"144\" height=\"300\" srcset=\"https:\/\/agora.xtec.cat\/ceipmturoblau\/wp-content\/uploads\/usu2222\/2022\/01\/CIMG4918-144x300.jpg 144w, https:\/\/agora.xtec.cat\/ceipmturoblau\/wp-content\/uploads\/usu2222\/2022\/01\/CIMG4918.jpg 440w\" sizes=\"auto, (max-width: 144px) 100vw, 144px\" \/><\/a><\/p>\n<p>Si les innovacions produ\u00efdes en la d\u00e8cada dels vuitanta s\u00f3n de car\u00e0cter educatiu, en aquests darrers deu anys l\u2019escola ha prioritzat una transformaci\u00f3 d\u2019ordre intern destinada a millorar les infraestructures de l\u2019edifici. Per aix\u00f2, amb el suport de l\u2019IMEB, es fan obres per tal d\u2019anul\u00b7lar les barreres arquitect\u00f2niques: es creen rampes d\u2019acc\u00e9s i s\u2019instal\u00b7la un ascensor. La uni\u00f3 de tres aules fa possible que es pugui iniciar el servei de menjador (1997-98). I durant el curs 2000-01 s\u2019 adequa al segon pis, antic habitatge del conserge, l\u2019aula de m\u00fasica i l\u2019aula d\u2019educaci\u00f3 especial. En l\u2019\u00e0mbit pedag\u00f2gic, es promou que els professors especialistes es dediquin a l\u2019educaci\u00f3 infantil. En segons quines classes es potencien els cursos partits, per tal d\u2019atendre de manera m\u00e9s personalitzada als alumnes. I hi apareix l\u2019aula d\u2019inform\u00e0tica dotada inicialment amb vuit ordinadors. (\u2026)<br \/>\nRefer\u00e8ncies: Escola Teresa de Jes\u00fas-Tur\u00f3 Blau. 50\u00e8 aniversari 1941-1991. Ajuntament de Barcelona. Districte de Sant Andreu.<br \/>\nEn aquests darrers anys l\u2019escola i l\u2019AFA hem reivindicat una s\u00e8ries de reformes d\u2019ampliaci\u00f3 i millora de les instal\u00b7lacions. L\u2019any 2002 s\u2019envia a la Regidora d\u2019Educaci\u00f3 un informe on es sol\u00b7licita, entre altres millores, un gimn\u00e0s, condicionar el pati, arranjar el terrat amb espais \u00fatils per a l\u2019escola i manteniment de l\u2019edifici, de les quals nom\u00e9s es va aconseguir restaurar el pati (curs 2002-2003).<br \/>\nExtret de l\u2019article publicat als n\u00fams. 5 i 6 del butllet\u00ed Tur\u00f3 Blau (any 2001) per Elena Bilbao.<\/p>\n","protected":false},"excerpt":{"rendered":"<p>La hist\u00f2ria de la nostra escola comen\u00e7a quan Sant Andreu era encara un poble i no un barri de Barcelona, com ho \u00e9s ara. En aquells temps del segle XIX, on ara \u00e9s l\u2019escola, hi havia una casa pairal, cal Borni.<br \/>\nEra una casa gran que&hellip;  <a href=\"https:\/\/agora.xtec.cat\/ceipmturoblau\/lescola\/historia\/\" title=\"Read Hist\u00f2ria\">Llegeix m\u00e9s\u00bb<\/a><\/p>\n","protected":false},"author":1,"featured_media":0,"parent":22,"menu_order":20,"comment_status":"closed","ping_status":"closed","template":"page-templates\/side-menu.php","meta":{"_bbp_topic_count":0,"_bbp_reply_count":0,"_bbp_total_topic_count":0,"_bbp_total_reply_count":0,"_bbp_voice_count":0,"_bbp_anonymous_reply_count":0,"_bbp_topic_count_hidden":0,"_bbp_reply_count_hidden":0,"_bbp_forum_subforum_count":0,"footnotes":""},"class_list":["post-26","page","type-page","status-publish","hentry"],"post_mailing_queue_ids":[],"_links":{"self":[{"href":"https:\/\/agora.xtec.cat\/ceipmturoblau\/wp-json\/wp\/v2\/pages\/26","targetHints":{"allow":["GET"]}}],"collection":[{"href":"https:\/\/agora.xtec.cat\/ceipmturoblau\/wp-json\/wp\/v2\/pages"}],"about":[{"href":"https:\/\/agora.xtec.cat\/ceipmturoblau\/wp-json\/wp\/v2\/types\/page"}],"author":[{"embeddable":true,"href":"https:\/\/agora.xtec.cat\/ceipmturoblau\/wp-json\/wp\/v2\/users\/1"}],"replies":[{"embeddable":true,"href":"https:\/\/agora.xtec.cat\/ceipmturoblau\/wp-json\/wp\/v2\/comments?post=26"}],"version-history":[{"count":2,"href":"https:\/\/agora.xtec.cat\/ceipmturoblau\/wp-json\/wp\/v2\/pages\/26\/revisions"}],"predecessor-version":[{"id":521,"href":"https:\/\/agora.xtec.cat\/ceipmturoblau\/wp-json\/wp\/v2\/pages\/26\/revisions\/521"}],"up":[{"embeddable":true,"href":"https:\/\/agora.xtec.cat\/ceipmturoblau\/wp-json\/wp\/v2\/pages\/22"}],"wp:attachment":[{"href":"https:\/\/agora.xtec.cat\/ceipmturoblau\/wp-json\/wp\/v2\/media?parent=26"}],"curies":[{"name":"wp","href":"https:\/\/api.w.org\/{rel}","templated":true}]}}