{"id":84,"date":"2014-09-18T14:11:31","date_gmt":"2014-09-18T13:11:31","guid":{"rendered":"http:\/\/agora.xtec.cat\/ceipmtrespins\/?page_id=84"},"modified":"2025-09-30T12:19:34","modified_gmt":"2025-09-30T10:19:34","slug":"activitats-extraescolars","status":"publish","type":"page","link":"https:\/\/agora.xtec.cat\/ceipmtrespins\/serveis\/activitats-extraescolars\/","title":{"rendered":"Activitats extraescolars"},"content":{"rendered":"<p align=\"justify\">L&#8217;AFA organitza, a partir de dos quarts de cinc de la tarda, una s\u00e8rie d&#8217;activitats de diverses caracter\u00edstiques adre\u00e7ades als alumnes del centre.<\/p>\n<p align=\"justify\">Les fam\u00edlies interessades a inscriure els seus fills poden contactar amb l&#8217;<a title=\"AMPA\" href=\"http:\/\/www.ampa3pins.org\/\" target=\"_blank\" rel=\"noopener\">AFA<\/a>. A l&#8217;inici de cada curs es fa arribar a totes les fam\u00edlies dels alumnes el programa d&#8217;activitats i les condicions d&#8217;inscripci\u00f3.<\/p>\n<p align=\"justify\">Aquest curs 2025-2026 les activitats extraescolars s\u00f3n les seg\u00fcents, tot i que si no hi ha demanda m\u00ednima de l&#8217;extraescolar, el centre es reserva el dret de no ofertar-la.<\/p>\n<ul>\n<li>Iniciaci\u00f3 esportiva (I3, I4, i I5)<\/li>\n<li>Iniciaci\u00f3 al futbol (I5 a 2n EP)<\/li>\n<li>Futbol Sala (3r a 6\u00e8)<\/li>\n<li>Patinatge (1r a 6\u00e8)<\/li>\n<li>Capoeira (I5 a 4t)<\/li>\n<li>Iniciaci\u00f3 musical (I3, I4 i I5)<\/li>\n<li>Piscina (Infantil)<\/li>\n<\/ul>\n","protected":false},"excerpt":{"rendered":"<p>L&#8217;AFA organitza, a partir de dos quarts de cinc de la tarda, una s\u00e8rie d&#8217;activitats de diverses caracter\u00edstiques adre\u00e7ades als alumnes del centre.<br \/>\nLes fam\u00edlies interessades a inscriure els seus fills poden contactar amb l&#8217;<a title=\"AMPA\" href=\"http:\/\/www.ampa3pins.org\/\" target=\"_blank\" rel=\"noopener\">AFA<\/a>. A l&#8217;inici de cada curs es fa&hellip;  <a href=\"https:\/\/agora.xtec.cat\/ceipmtrespins\/serveis\/activitats-extraescolars\/\" title=\"Read Activitats extraescolars\">Llegeix m\u00e9s\u00bb<\/a><\/p>\n","protected":false},"author":1,"featured_media":0,"parent":66,"menu_order":60,"comment_status":"closed","ping_status":"closed","template":"page-templates\/side-menu.php","meta":{"_bbp_topic_count":0,"_bbp_reply_count":0,"_bbp_total_topic_count":0,"_bbp_total_reply_count":0,"_bbp_voice_count":0,"_bbp_anonymous_reply_count":0,"_bbp_topic_count_hidden":0,"_bbp_reply_count_hidden":0,"_bbp_forum_subforum_count":0,"footnotes":""},"class_list":["post-84","page","type-page","status-publish","hentry"],"post_mailing_queue_ids":[],"_links":{"self":[{"href":"https:\/\/agora.xtec.cat\/ceipmtrespins\/wp-json\/wp\/v2\/pages\/84","targetHints":{"allow":["GET"]}}],"collection":[{"href":"https:\/\/agora.xtec.cat\/ceipmtrespins\/wp-json\/wp\/v2\/pages"}],"about":[{"href":"https:\/\/agora.xtec.cat\/ceipmtrespins\/wp-json\/wp\/v2\/types\/page"}],"author":[{"embeddable":true,"href":"https:\/\/agora.xtec.cat\/ceipmtrespins\/wp-json\/wp\/v2\/users\/1"}],"replies":[{"embeddable":true,"href":"https:\/\/agora.xtec.cat\/ceipmtrespins\/wp-json\/wp\/v2\/comments?post=84"}],"version-history":[{"count":6,"href":"https:\/\/agora.xtec.cat\/ceipmtrespins\/wp-json\/wp\/v2\/pages\/84\/revisions"}],"predecessor-version":[{"id":3305,"href":"https:\/\/agora.xtec.cat\/ceipmtrespins\/wp-json\/wp\/v2\/pages\/84\/revisions\/3305"}],"up":[{"embeddable":true,"href":"https:\/\/agora.xtec.cat\/ceipmtrespins\/wp-json\/wp\/v2\/pages\/66"}],"wp:attachment":[{"href":"https:\/\/agora.xtec.cat\/ceipmtrespins\/wp-json\/wp\/v2\/media?parent=84"}],"curies":[{"name":"wp","href":"https:\/\/api.w.org\/{rel}","templated":true}]}}