{"id":82,"date":"2014-09-18T14:10:51","date_gmt":"2014-09-18T13:10:51","guid":{"rendered":"http:\/\/agora.xtec.cat\/ceipmtrespins\/?page_id=82"},"modified":"2025-09-30T12:06:36","modified_gmt":"2025-09-30T10:06:36","slug":"casal-destiu","status":"publish","type":"page","link":"https:\/\/agora.xtec.cat\/ceipmtrespins\/serveis\/casal-destiu\/","title":{"rendered":"Casal d&#8217;estiu"},"content":{"rendered":"<p>L&#8217;empresa encarregada del Casal d&#8217;estiu de l&#8217;escola Tres Pins \u00e9s l&#8217;empresa Valors Projectes Educatius.<\/p>\n<p>Conjuntament amb l&#8217;equip d&#8217;educadors s&#8217;organitzen diferents activitats on els infants realitzen un treball immersiu dintre de la tem\u00e0tica proposada gaudint dels diferents espais i escenaris programats en els diferents torns setmanals. A m\u00e9s a m\u00e9s, es gaudeixen de les sortides setmanals (incloent un d\u00eda de piscina) i una festa per a tancar cada setmana i anar acomiadant als infants que comencen les seves vacances d&#8217;estiu.<\/p>\n<p>Al migdia, el servei de menjador, es treballa amb el servei de catering de Valors.<\/p>\n<p>Valors t\u00e9 obrador propi a Terrassa\u00a0i cada mat\u00ed es posen en marxa els fogons per tal de tenir una cuina de proximitat, fent \u00e0pats diferents, segons les necessitats dels infants.<\/p>\n<p>Inscripcions: via online\u00a0<a href=\"https:\/\/inscripcions.somvalors.com\/login\/\">https:\/\/inscripcions.somvalors.com\/login\/<\/a><\/p>\n<p>Contacte amb coordinaci\u00f3: <a href=\"mailto:nhernandez@somvalors.com\">nhernandez<span class=\"atwho-query\">@somvalors.com<\/span><\/a><\/p>\n<p>&nbsp;<\/p>\n","protected":false},"excerpt":{"rendered":"<p>L&#8217;empresa encarregada del Casal d&#8217;estiu de l&#8217;escola Tres Pins \u00e9s l&#8217;empresa Valors Projectes Educatius.<br \/>\nConjuntament amb l&#8217;equip d&#8217;educadors s&#8217;organitzen diferents activitats on els infants realitzen un treball immersiu dintre de la tem\u00e0tica proposada gaudint dels diferents espais i escenaris programats en els diferents torns setmanals. A&hellip;  <a href=\"https:\/\/agora.xtec.cat\/ceipmtrespins\/serveis\/casal-destiu\/\" title=\"Read Casal d&#8217;estiu\">Llegeix m\u00e9s\u00bb<\/a><\/p>\n","protected":false},"author":1,"featured_media":0,"parent":66,"menu_order":50,"comment_status":"closed","ping_status":"closed","template":"page-templates\/side-menu.php","meta":{"_bbp_topic_count":0,"_bbp_reply_count":0,"_bbp_total_topic_count":0,"_bbp_total_reply_count":0,"_bbp_voice_count":0,"_bbp_anonymous_reply_count":0,"_bbp_topic_count_hidden":0,"_bbp_reply_count_hidden":0,"_bbp_forum_subforum_count":0,"footnotes":""},"class_list":["post-82","page","type-page","status-publish","hentry"],"post_mailing_queue_ids":[],"_links":{"self":[{"href":"https:\/\/agora.xtec.cat\/ceipmtrespins\/wp-json\/wp\/v2\/pages\/82","targetHints":{"allow":["GET"]}}],"collection":[{"href":"https:\/\/agora.xtec.cat\/ceipmtrespins\/wp-json\/wp\/v2\/pages"}],"about":[{"href":"https:\/\/agora.xtec.cat\/ceipmtrespins\/wp-json\/wp\/v2\/types\/page"}],"author":[{"embeddable":true,"href":"https:\/\/agora.xtec.cat\/ceipmtrespins\/wp-json\/wp\/v2\/users\/1"}],"replies":[{"embeddable":true,"href":"https:\/\/agora.xtec.cat\/ceipmtrespins\/wp-json\/wp\/v2\/comments?post=82"}],"version-history":[{"count":3,"href":"https:\/\/agora.xtec.cat\/ceipmtrespins\/wp-json\/wp\/v2\/pages\/82\/revisions"}],"predecessor-version":[{"id":3303,"href":"https:\/\/agora.xtec.cat\/ceipmtrespins\/wp-json\/wp\/v2\/pages\/82\/revisions\/3303"}],"up":[{"embeddable":true,"href":"https:\/\/agora.xtec.cat\/ceipmtrespins\/wp-json\/wp\/v2\/pages\/66"}],"wp:attachment":[{"href":"https:\/\/agora.xtec.cat\/ceipmtrespins\/wp-json\/wp\/v2\/media?parent=82"}],"curies":[{"name":"wp","href":"https:\/\/api.w.org\/{rel}","templated":true}]}}