{"id":73,"date":"2014-09-18T14:01:51","date_gmt":"2014-09-18T13:01:51","guid":{"rendered":"http:\/\/agora.xtec.cat\/ceipmtrespins\/?page_id=73"},"modified":"2025-09-30T12:07:14","modified_gmt":"2025-09-30T10:07:14","slug":"menjador-escolar","status":"publish","type":"page","link":"https:\/\/agora.xtec.cat\/ceipmtrespins\/serveis\/menjador-escolar\/","title":{"rendered":"Menjador escolar"},"content":{"rendered":"<p style=\"text-align: justify;\" align=\"justify\">El menjador \u00e9s un servei que poden fer servir els infants i que est\u00e0 gestionat per l&#8217;AFA amb la col\u00b7laboraci\u00f3 del Consell Escolar. Les Normes d&#8217;Organitzaci\u00f3 i Funcionament del Centre (NOFC) regulen les condicions del seu \u00fas. El menjador \u00e9s tamb\u00e9 un espai educatiu i com a tal es considera per part de l&#8217;escola. Les monitores i monitors s\u00f3n directament responsables i compten amb la col\u00b7laboraci\u00f3 de l&#8217;equip de mestres i de l&#8217;equip directiu. Els alumnes que en fan \u00fas disposen d&#8217;un temps suficient per a dinar, despr\u00e9s poden gaudir d&#8217;un temps d&#8217;esbarjo fins que comencen les activitats i tallers. A les 16:30 \u00e9s la sortida que es realitza sota la responsabilitat de monitors i monitores i la supervisi\u00f3 de l&#8217;equip directiu.<\/p>\n<p align=\"justify\">Mensualment es publiquen, i s&#8217;envien a les fam\u00edlies, els men\u00fas del menjador escolar que s\u00f3n estudiats pr\u00e8viament per la Comissi\u00f3 de Menjador del Consell Escolar. Aquests men\u00fas han estat elaborats per l&#8217;empresa responsable del menjador i supervisats pel seu dietista.<\/p>\n<p align=\"justify\"><img loading=\"lazy\" decoding=\"async\" class=\"alignnone size-medium wp-image-1724\" src=\"https:\/\/agora.xtec.cat\/ceipmtrespins\/wp-content\/uploads\/usu2097\/2023\/01\/15-Escola-TRES-PINS-300x225-1-300x225.jpg\" alt=\"\" width=\"300\" height=\"225\" srcset=\"https:\/\/agora.xtec.cat\/ceipmtrespins\/wp-content\/uploads\/usu2097\/2023\/01\/15-Escola-TRES-PINS-300x225-1-300x225.jpg 300w, https:\/\/agora.xtec.cat\/ceipmtrespins\/wp-content\/uploads\/usu2097\/2023\/01\/15-Escola-TRES-PINS-300x225-1-1024x768.jpg 1024w, https:\/\/agora.xtec.cat\/ceipmtrespins\/wp-content\/uploads\/usu2097\/2023\/01\/15-Escola-TRES-PINS-300x225-1-768x576.jpg 768w, https:\/\/agora.xtec.cat\/ceipmtrespins\/wp-content\/uploads\/usu2097\/2023\/01\/15-Escola-TRES-PINS-300x225-1-200x150.jpg 200w, https:\/\/agora.xtec.cat\/ceipmtrespins\/wp-content\/uploads\/usu2097\/2023\/01\/15-Escola-TRES-PINS-300x225-1.jpg 1200w\" sizes=\"auto, (max-width: 300px) 100vw, 300px\" \/><img loading=\"lazy\" decoding=\"async\" class=\"alignnone size-medium wp-image-1725\" src=\"https:\/\/agora.xtec.cat\/ceipmtrespins\/wp-content\/uploads\/usu2097\/2023\/01\/1673524850183-300x225.jpg\" alt=\"\" width=\"300\" height=\"225\" srcset=\"https:\/\/agora.xtec.cat\/ceipmtrespins\/wp-content\/uploads\/usu2097\/2023\/01\/1673524850183-300x225.jpg 300w, https:\/\/agora.xtec.cat\/ceipmtrespins\/wp-content\/uploads\/usu2097\/2023\/01\/1673524850183-768x576.jpg 768w, https:\/\/agora.xtec.cat\/ceipmtrespins\/wp-content\/uploads\/usu2097\/2023\/01\/1673524850183-200x150.jpg 200w, https:\/\/agora.xtec.cat\/ceipmtrespins\/wp-content\/uploads\/usu2097\/2023\/01\/1673524850183.jpg 1024w\" sizes=\"auto, (max-width: 300px) 100vw, 300px\" \/><img loading=\"lazy\" decoding=\"async\" class=\"alignnone size-medium wp-image-1726\" src=\"https:\/\/agora.xtec.cat\/ceipmtrespins\/wp-content\/uploads\/usu2097\/2023\/01\/1673524850168-300x225.jpg\" alt=\"\" width=\"300\" height=\"225\" srcset=\"https:\/\/agora.xtec.cat\/ceipmtrespins\/wp-content\/uploads\/usu2097\/2023\/01\/1673524850168-300x225.jpg 300w, https:\/\/agora.xtec.cat\/ceipmtrespins\/wp-content\/uploads\/usu2097\/2023\/01\/1673524850168-768x576.jpg 768w, https:\/\/agora.xtec.cat\/ceipmtrespins\/wp-content\/uploads\/usu2097\/2023\/01\/1673524850168-200x150.jpg 200w, https:\/\/agora.xtec.cat\/ceipmtrespins\/wp-content\/uploads\/usu2097\/2023\/01\/1673524850168.jpg 1024w\" sizes=\"auto, (max-width: 300px) 100vw, 300px\" \/><\/p>\n<p align=\"justify\">Hi ha men\u00fa espec\u00edfic per a aquells alumnes que, per raons justificades, l&#8217;ha de prendre. Si \u00e9s el seu cas segueixi les indicacions que marca el <strong>Full Informatiu per a les Fam\u00edlies<\/strong> que es lliura a principi de curs o consulti amb l&#8217;empresa Valors.<\/p>\n<p align=\"justify\">\n<p align=\"justify\">\n","protected":false},"excerpt":{"rendered":"<p>El menjador \u00e9s un servei que poden fer servir els infants i que est\u00e0 gestionat per l&#8217;AFA amb la col\u00b7laboraci\u00f3 del Consell Escolar. Les Normes d&#8217;Organitzaci\u00f3 i Funcionament del Centre (NOFC) regulen les condicions del seu \u00fas. El menjador \u00e9s tamb\u00e9 un espai educatiu i&hellip;  <a href=\"https:\/\/agora.xtec.cat\/ceipmtrespins\/serveis\/menjador-escolar\/\" title=\"Read Menjador escolar\">Llegeix m\u00e9s\u00bb<\/a><\/p>\n","protected":false},"author":1,"featured_media":0,"parent":66,"menu_order":30,"comment_status":"closed","ping_status":"closed","template":"page-templates\/side-menu.php","meta":{"_bbp_topic_count":0,"_bbp_reply_count":0,"_bbp_total_topic_count":0,"_bbp_total_reply_count":0,"_bbp_voice_count":0,"_bbp_anonymous_reply_count":0,"_bbp_topic_count_hidden":0,"_bbp_reply_count_hidden":0,"_bbp_forum_subforum_count":0,"footnotes":""},"class_list":["post-73","page","type-page","status-publish","hentry"],"post_mailing_queue_ids":[],"_links":{"self":[{"href":"https:\/\/agora.xtec.cat\/ceipmtrespins\/wp-json\/wp\/v2\/pages\/73","targetHints":{"allow":["GET"]}}],"collection":[{"href":"https:\/\/agora.xtec.cat\/ceipmtrespins\/wp-json\/wp\/v2\/pages"}],"about":[{"href":"https:\/\/agora.xtec.cat\/ceipmtrespins\/wp-json\/wp\/v2\/types\/page"}],"author":[{"embeddable":true,"href":"https:\/\/agora.xtec.cat\/ceipmtrespins\/wp-json\/wp\/v2\/users\/1"}],"replies":[{"embeddable":true,"href":"https:\/\/agora.xtec.cat\/ceipmtrespins\/wp-json\/wp\/v2\/comments?post=73"}],"version-history":[{"count":7,"href":"https:\/\/agora.xtec.cat\/ceipmtrespins\/wp-json\/wp\/v2\/pages\/73\/revisions"}],"predecessor-version":[{"id":3304,"href":"https:\/\/agora.xtec.cat\/ceipmtrespins\/wp-json\/wp\/v2\/pages\/73\/revisions\/3304"}],"up":[{"embeddable":true,"href":"https:\/\/agora.xtec.cat\/ceipmtrespins\/wp-json\/wp\/v2\/pages\/66"}],"wp:attachment":[{"href":"https:\/\/agora.xtec.cat\/ceipmtrespins\/wp-json\/wp\/v2\/media?parent=73"}],"curies":[{"name":"wp","href":"https:\/\/api.w.org\/{rel}","templated":true}]}}