{"id":71,"date":"2014-09-18T12:44:56","date_gmt":"2014-09-18T10:44:56","guid":{"rendered":"http:\/\/agora.xtec.cat\/ceipmtrespins\/?page_id=71"},"modified":"2023-09-30T18:43:18","modified_gmt":"2023-09-30T16:43:18","slug":"serveis-digitals","status":"publish","type":"page","link":"https:\/\/agora.xtec.cat\/ceipmtrespins\/lescola\/oferta-educativa\/serveis-digitals\/","title":{"rendered":"Prim\u00e0ria"},"content":{"rendered":"<p>L&#8217;Educaci\u00f3 Prim\u00e0ria inclou els cursos de 1r a 6\u00e8. Es divideix en dos cicles: mitjans (1r, 2n i 3r) i grans (4t, 5\u00e8 i 6\u00e8). S&#8217;organitzen activitats internivells (racons, sortides&#8230;) on els infants de diferents cursos del cicle interaccionen i aprenen junts.<\/p>\n<p>&nbsp;<\/p>\n<p>&nbsp;<\/p>\n<p><span style=\"font-family: inherit; font-size: 1em;\">\u00a0 <\/span><span style=\"font-family: inherit; font-size: 1em;\">\u00a0 \u00a0 \u00a0 \u00a0 \u00a0 \u00a0 \u00a0 \u00a0 \u00a0 \u00a0 \u00a0 \u00a0 &#8211;<\/span><\/p>\n<p>&nbsp;<\/p>\n","protected":false},"excerpt":{"rendered":"<p>L&#8217;Educaci\u00f3 Prim\u00e0ria inclou els cursos de 1r a 6\u00e8. Es divideix en dos cicles: mitjans (1r, 2n i 3r) i grans (4t, 5\u00e8 i 6\u00e8). S&#8217;organitzen activitats internivells (racons, sortides&#8230;) on els infants de diferents cursos del cicle interaccionen i aprenen junts.<br \/>\n&nbsp;<br \/>\n&nbsp;<br \/>\n\u00a0 \u00a0 \u00a0 \u00a0&hellip;  <a href=\"https:\/\/agora.xtec.cat\/ceipmtrespins\/lescola\/oferta-educativa\/serveis-digitals\/\" title=\"Read Prim\u00e0ria\">Llegeix m\u00e9s\u00bb<\/a><\/p>\n","protected":false},"author":1,"featured_media":0,"parent":34,"menu_order":2,"comment_status":"closed","ping_status":"closed","template":"page-templates\/front-page.php","meta":{"_bbp_topic_count":0,"_bbp_reply_count":0,"_bbp_total_topic_count":0,"_bbp_total_reply_count":0,"_bbp_voice_count":0,"_bbp_anonymous_reply_count":0,"_bbp_topic_count_hidden":0,"_bbp_reply_count_hidden":0,"_bbp_forum_subforum_count":0,"footnotes":""},"class_list":["post-71","page","type-page","status-publish","hentry"],"post_mailing_queue_ids":[],"_links":{"self":[{"href":"https:\/\/agora.xtec.cat\/ceipmtrespins\/wp-json\/wp\/v2\/pages\/71","targetHints":{"allow":["GET"]}}],"collection":[{"href":"https:\/\/agora.xtec.cat\/ceipmtrespins\/wp-json\/wp\/v2\/pages"}],"about":[{"href":"https:\/\/agora.xtec.cat\/ceipmtrespins\/wp-json\/wp\/v2\/types\/page"}],"author":[{"embeddable":true,"href":"https:\/\/agora.xtec.cat\/ceipmtrespins\/wp-json\/wp\/v2\/users\/1"}],"replies":[{"embeddable":true,"href":"https:\/\/agora.xtec.cat\/ceipmtrespins\/wp-json\/wp\/v2\/comments?post=71"}],"version-history":[{"count":4,"href":"https:\/\/agora.xtec.cat\/ceipmtrespins\/wp-json\/wp\/v2\/pages\/71\/revisions"}],"predecessor-version":[{"id":2403,"href":"https:\/\/agora.xtec.cat\/ceipmtrespins\/wp-json\/wp\/v2\/pages\/71\/revisions\/2403"}],"up":[{"embeddable":true,"href":"https:\/\/agora.xtec.cat\/ceipmtrespins\/wp-json\/wp\/v2\/pages\/34"}],"wp:attachment":[{"href":"https:\/\/agora.xtec.cat\/ceipmtrespins\/wp-json\/wp\/v2\/media?parent=71"}],"curies":[{"name":"wp","href":"https:\/\/api.w.org\/{rel}","templated":true}]}}