{"id":66,"date":"2014-09-18T12:40:47","date_gmt":"2014-09-18T11:40:47","guid":{"rendered":"http:\/\/agora.xtec.cat\/ceipmtrespins\/?page_id=66"},"modified":"2021-02-04T19:01:41","modified_gmt":"2021-02-04T18:01:41","slug":"serveis","status":"publish","type":"page","link":"https:\/\/agora.xtec.cat\/ceipmtrespins\/serveis\/","title":{"rendered":"Serveis"},"content":{"rendered":"<p align=\"justify\">El bon funcionament d&#8217;un centre educatiu requereix una atenci\u00f3 acurada que garanteixi i posi a disposici\u00f3 de tots els sectors els recursos disponibles i que gestioni els serveis que ofereix com a tal o, conjuntament, amb el Consell Escolar i l&#8217;AMPA. Que l&#8217;escola funcioni b\u00e9 tamb\u00e9 dep\u00e8n de que les instal\u00b7lacions estiguin netes, de que el menjar agradi o de que la temperatura a les aules sigui l&#8217;adequada.<\/p>\n<p align=\"justify\">Respecte els serveis que ofereix l&#8217;AMPA, juntament amb l&#8217;escola, cal recordar que els alumnes han d&#8217;ajustar-se a la normativa general exposada en les NOFC durant tot el temps de perman\u00e8ncia en el centre.<\/p>\n","protected":false},"excerpt":{"rendered":"<p>El bon funcionament d&#8217;un centre educatiu requereix una atenci\u00f3 acurada que garanteixi i posi a disposici\u00f3 de tots els sectors els recursos disponibles i que gestioni els serveis que ofereix com a tal o, conjuntament, amb el Consell Escolar i l&#8217;AMPA. Que l&#8217;escola funcioni b\u00e9&hellip;  <a href=\"https:\/\/agora.xtec.cat\/ceipmtrespins\/serveis\/\" title=\"Read Serveis\">Llegeix m\u00e9s\u00bb<\/a><\/p>\n","protected":false},"author":1,"featured_media":0,"parent":0,"menu_order":0,"comment_status":"closed","ping_status":"closed","template":"page-templates\/side-menu.php","meta":{"_bbp_topic_count":0,"_bbp_reply_count":0,"_bbp_total_topic_count":0,"_bbp_total_reply_count":0,"_bbp_voice_count":0,"_bbp_anonymous_reply_count":0,"_bbp_topic_count_hidden":0,"_bbp_reply_count_hidden":0,"_bbp_forum_subforum_count":0,"footnotes":""},"class_list":["post-66","page","type-page","status-publish","hentry"],"post_mailing_queue_ids":[],"_links":{"self":[{"href":"https:\/\/agora.xtec.cat\/ceipmtrespins\/wp-json\/wp\/v2\/pages\/66","targetHints":{"allow":["GET"]}}],"collection":[{"href":"https:\/\/agora.xtec.cat\/ceipmtrespins\/wp-json\/wp\/v2\/pages"}],"about":[{"href":"https:\/\/agora.xtec.cat\/ceipmtrespins\/wp-json\/wp\/v2\/types\/page"}],"author":[{"embeddable":true,"href":"https:\/\/agora.xtec.cat\/ceipmtrespins\/wp-json\/wp\/v2\/users\/1"}],"replies":[{"embeddable":true,"href":"https:\/\/agora.xtec.cat\/ceipmtrespins\/wp-json\/wp\/v2\/comments?post=66"}],"version-history":[{"count":1,"href":"https:\/\/agora.xtec.cat\/ceipmtrespins\/wp-json\/wp\/v2\/pages\/66\/revisions"}],"predecessor-version":[{"id":592,"href":"https:\/\/agora.xtec.cat\/ceipmtrespins\/wp-json\/wp\/v2\/pages\/66\/revisions\/592"}],"wp:attachment":[{"href":"https:\/\/agora.xtec.cat\/ceipmtrespins\/wp-json\/wp\/v2\/media?parent=66"}],"curies":[{"name":"wp","href":"https:\/\/api.w.org\/{rel}","templated":true}]}}