{"id":508,"date":"2021-01-20T16:21:56","date_gmt":"2021-01-20T15:21:56","guid":{"rendered":"https:\/\/agora.xtec.cat\/ceipmtrespins\/?page_id=508"},"modified":"2025-09-30T12:05:01","modified_gmt":"2025-09-30T10:05:01","slug":"activitats-sortides-i-colonies","status":"publish","type":"page","link":"https:\/\/agora.xtec.cat\/ceipmtrespins\/curs-escolar\/activitats-sortides-i-colonies\/","title":{"rendered":"Activitats, sortides i col\u00f2nies"},"content":{"rendered":"<p align=\"justify\">El nostre projecte educatiu contempla, com a part integrant del treball escolar, la conveni\u00e8ncia de realitzar sortides pedag\u00f2giques amb diferents finalitats. Algunes tenen l&#8217;objectiu de realitzar un treball espec\u00edfic en relaci\u00f3 al temari d&#8217;alguna mat\u00e8ria del curs; altres, visitar algun indret d&#8217;inter\u00e8s; tamb\u00e9 poden tenir la intenci\u00f3 de poder gaudir d&#8217;un esdeveniment rellevant o poden ser d&#8217;esbarjo i conviv\u00e8ncia. La multiplicitat d&#8217;experi\u00e8ncies que ofereixen les sortides aconsellen la participaci\u00f3 de tot l&#8217;alumnat.<\/p>\n<p align=\"justify\">Aquestes sortides, segons l&#8217;edat dels alumnes o el lloc, es realitzen en autocar, en transport p\u00fablic o caminant. En qualsevol cas sempre garantim que la quantitat d&#8217;acompanyants sigui l&#8217;apropiada tant pel que fa a la seguretat com pel que fa a l&#8217;aspecte pedag\u00f2gic. Correspon a la direcci\u00f3 del centre i al Consell Escolar vetllar perqu\u00e8 aix\u00f2 sigui aix\u00ed.<\/p>\n<p align=\"justify\">En les reunions de classe d&#8217;inici de curs es presenta la previsi\u00f3 de sortides, que acostumen a ser, aproximadament, dos o tres al trimestre.<\/p>\n<p align=\"justify\">El cost de la despesa ocasionat (transport, entrades, activitats, monitors) l&#8217;han de cobrir les fam\u00edlies amb el pagament corresponent dels rebuts mensuals fixats per la Comissi\u00f3 Econ\u00f2mica i el Consell Escolar.<\/p>\n<p align=\"justify\">\n<p align=\"justify\">\n","protected":false},"excerpt":{"rendered":"<p>El nostre projecte educatiu contempla, com a part integrant del treball escolar, la conveni\u00e8ncia de realitzar sortides pedag\u00f2giques amb diferents finalitats. Algunes tenen l&#8217;objectiu de realitzar un treball espec\u00edfic en relaci\u00f3 al temari d&#8217;alguna mat\u00e8ria del curs; altres, visitar algun indret d&#8217;inter\u00e8s; tamb\u00e9 poden tenir&hellip;  <a href=\"https:\/\/agora.xtec.cat\/ceipmtrespins\/curs-escolar\/activitats-sortides-i-colonies\/\" title=\"Read Activitats, sortides i col\u00f2nies\">Llegeix m\u00e9s\u00bb<\/a><\/p>\n","protected":false},"author":1,"featured_media":0,"parent":505,"menu_order":5,"comment_status":"closed","ping_status":"closed","template":"page-templates\/side-menu.php","meta":{"_bbp_topic_count":0,"_bbp_reply_count":0,"_bbp_total_topic_count":0,"_bbp_total_reply_count":0,"_bbp_voice_count":0,"_bbp_anonymous_reply_count":0,"_bbp_topic_count_hidden":0,"_bbp_reply_count_hidden":0,"_bbp_forum_subforum_count":0,"footnotes":""},"class_list":["post-508","page","type-page","status-publish","hentry"],"post_mailing_queue_ids":[],"_links":{"self":[{"href":"https:\/\/agora.xtec.cat\/ceipmtrespins\/wp-json\/wp\/v2\/pages\/508","targetHints":{"allow":["GET"]}}],"collection":[{"href":"https:\/\/agora.xtec.cat\/ceipmtrespins\/wp-json\/wp\/v2\/pages"}],"about":[{"href":"https:\/\/agora.xtec.cat\/ceipmtrespins\/wp-json\/wp\/v2\/types\/page"}],"author":[{"embeddable":true,"href":"https:\/\/agora.xtec.cat\/ceipmtrespins\/wp-json\/wp\/v2\/users\/1"}],"replies":[{"embeddable":true,"href":"https:\/\/agora.xtec.cat\/ceipmtrespins\/wp-json\/wp\/v2\/comments?post=508"}],"version-history":[{"count":4,"href":"https:\/\/agora.xtec.cat\/ceipmtrespins\/wp-json\/wp\/v2\/pages\/508\/revisions"}],"predecessor-version":[{"id":3302,"href":"https:\/\/agora.xtec.cat\/ceipmtrespins\/wp-json\/wp\/v2\/pages\/508\/revisions\/3302"}],"up":[{"embeddable":true,"href":"https:\/\/agora.xtec.cat\/ceipmtrespins\/wp-json\/wp\/v2\/pages\/505"}],"wp:attachment":[{"href":"https:\/\/agora.xtec.cat\/ceipmtrespins\/wp-json\/wp\/v2\/media?parent=508"}],"curies":[{"name":"wp","href":"https:\/\/api.w.org\/{rel}","templated":true}]}}