{"id":507,"date":"2021-01-20T16:21:56","date_gmt":"2021-01-20T15:21:56","guid":{"rendered":"https:\/\/agora.xtec.cat\/ceipmtrespins\/?page_id=507"},"modified":"2024-05-07T13:04:13","modified_gmt":"2024-05-07T11:04:13","slug":"circulars","status":"publish","type":"page","link":"https:\/\/agora.xtec.cat\/ceipmtrespins\/curs-escolar\/circulars\/","title":{"rendered":"Circulars"},"content":{"rendered":"<p>Les circulars generals s&#8217;envien a totes les fam\u00edlies per correu electr\u00f2nic i, en paper, a aquelles que ho demanin.<\/p>\n<p>Aqu\u00ed trobareu les circulars generals que s&#8217;envien a les fam\u00edlies durant el curs. Estan organitzades per mesos i, en cada mes, per ordre invers. Aix\u00ed doncs, primer trobaran les m\u00e9s recents.<\/p>\n<p><a href=\"https:\/\/agora.xtec.cat\/ceipmtrespins\/wp-content\/uploads\/usu2097\/2024\/05\/full-informatiu-defimitiu-23-24.pdf\">Full informatiu definitiu 23-24<\/a><\/p>\n","protected":false},"excerpt":{"rendered":"<p>Les circulars generals s&#8217;envien a totes les fam\u00edlies per correu electr\u00f2nic i, en paper, a aquelles que ho demanin.<br \/>\nAqu\u00ed trobareu les circulars generals que s&#8217;envien a les fam\u00edlies durant el curs. Estan organitzades per mesos i, en cada mes, per ordre invers. Aix\u00ed doncs, primer&hellip;  <a href=\"https:\/\/agora.xtec.cat\/ceipmtrespins\/curs-escolar\/circulars\/\" title=\"Read Circulars\">Llegeix m\u00e9s\u00bb<\/a><\/p>\n","protected":false},"author":1,"featured_media":0,"parent":505,"menu_order":4,"comment_status":"closed","ping_status":"closed","template":"page-templates\/side-menu.php","meta":{"_bbp_topic_count":0,"_bbp_reply_count":0,"_bbp_total_topic_count":0,"_bbp_total_reply_count":0,"_bbp_voice_count":0,"_bbp_anonymous_reply_count":0,"_bbp_topic_count_hidden":0,"_bbp_reply_count_hidden":0,"_bbp_forum_subforum_count":0,"footnotes":""},"class_list":["post-507","page","type-page","status-publish","hentry"],"post_mailing_queue_ids":[],"_links":{"self":[{"href":"https:\/\/agora.xtec.cat\/ceipmtrespins\/wp-json\/wp\/v2\/pages\/507","targetHints":{"allow":["GET"]}}],"collection":[{"href":"https:\/\/agora.xtec.cat\/ceipmtrespins\/wp-json\/wp\/v2\/pages"}],"about":[{"href":"https:\/\/agora.xtec.cat\/ceipmtrespins\/wp-json\/wp\/v2\/types\/page"}],"author":[{"embeddable":true,"href":"https:\/\/agora.xtec.cat\/ceipmtrespins\/wp-json\/wp\/v2\/users\/1"}],"replies":[{"embeddable":true,"href":"https:\/\/agora.xtec.cat\/ceipmtrespins\/wp-json\/wp\/v2\/comments?post=507"}],"version-history":[{"count":4,"href":"https:\/\/agora.xtec.cat\/ceipmtrespins\/wp-json\/wp\/v2\/pages\/507\/revisions"}],"predecessor-version":[{"id":3022,"href":"https:\/\/agora.xtec.cat\/ceipmtrespins\/wp-json\/wp\/v2\/pages\/507\/revisions\/3022"}],"up":[{"embeddable":true,"href":"https:\/\/agora.xtec.cat\/ceipmtrespins\/wp-json\/wp\/v2\/pages\/505"}],"wp:attachment":[{"href":"https:\/\/agora.xtec.cat\/ceipmtrespins\/wp-json\/wp\/v2\/media?parent=507"}],"curies":[{"name":"wp","href":"https:\/\/api.w.org\/{rel}","templated":true}]}}