{"id":506,"date":"2021-01-20T16:21:56","date_gmt":"2021-01-20T15:21:56","guid":{"rendered":"https:\/\/agora.xtec.cat\/ceipmtrespins\/?page_id=506"},"modified":"2025-09-30T12:03:56","modified_gmt":"2025-09-30T10:03:56","slug":"horari","status":"publish","type":"page","link":"https:\/\/agora.xtec.cat\/ceipmtrespins\/curs-escolar\/horari\/","title":{"rendered":"Horari"},"content":{"rendered":"<p align=\"justify\">L&#8217;horari escolar \u00e9s de 9.00\u00a0 a 16:30 h.<\/p>\n<p align=\"justify\"><strong>L&#8217;horari lectiu<\/strong> \u00e9s de 9.00 a 14.00 h. Aquesta franja lectiva \u00e9s obligat\u00f2ria, la resta \u00e9s opcional i cal ajustar-se a all\u00f2 establert per les Normes d&#8217;Organitzaci\u00f3 i Funcionament del Centre.<\/p>\n<p align=\"justify\">Un cop finalitzada la jornada lectiva, els alumnes dinen. Posteriorment realitzen els tallers i activitats de tarda. En el cas dels alumnes de 3 anys descansen una estona. Aquesta franja d&#8217;horari est\u00e0 sota la responsabilitat de l&#8217;equip de monitors amb el suport de l&#8217;equip de mestres i de l&#8217;equip directiu.<\/p>\n<p align=\"justify\">A m\u00e9s de l&#8217;horari indicat, entre les 8.00 i les 9.00, els alumnes que ho necessitin poden fer <strong>servir el SAM<\/strong> (Servei d&#8217;Acolliment Matinal) que, organitzat per <strong>l&#8217;AFA<\/strong>, permet que les fam\u00edlies deixin els seus fills o filles a l&#8217;escola a c\u00e0rrec de monitors responsables. Per a informaci\u00f3 sobre les condicions cal contactar amb la monitora responsable del servei.<\/p>\n<h4 align=\"justify\"><strong>Horari d&#8217;Educaci\u00f3 Infantil<\/strong><\/h4>\n<p>\u2022 Entrada: 9.00<\/p>\n<p>\u2022 Esbarjo: 11.30 a 12.15<\/p>\n<p>\u2022 Menjador: de 13.55 a 14.45 a les aules<\/p>\n<p>\u2022 Migdiada de I3: de 14.50 a 15.15<\/p>\n<p>\u2022 Esbarjo migdia d&#8217;I4 i I5: de 14.45 a 15.15<\/p>\n<p>\u2022 Tallers migdia d&#8217;I4 i I5: de 15.15 a 16,05<\/p>\n<p>\u2022 Sortida: 14.00 i 16:30<\/p>\n<h4><strong>Horari d&#8217;Educaci\u00f3 Prim\u00e0ria<\/strong><\/h4>\n<p>\u2022Entrada: 9.00. La porta es tanca a les<strong> 9.10<\/strong><\/p>\n<p>\u2022Esbarjo: 11.30 a 12.00. Els grups alternaran els espais d&#8217;esbarjo de l&#8217;escola.<\/p>\n<p>\u2022 Menjador: A les 14.00 l&#8217;equip de monitoratge recull els grups de Prim\u00e0ria.<\/p>\n<p>\u2022 Esbarjo migdia: entre 14.35 i 15,15<\/p>\n<p>\u2022 Tallers de Prim\u00e0ria: de 15.15 a 16.15<\/p>\n<p>\u2022 Sortida: 16,30<\/p>\n<p><strong>* <\/strong>Els dies 20 de desembre de 2025 (darrer dia de trimestre) i el 20 de juny de 2026 (darrer dia del curs) els alumnes sortiran a les 15.00, tal com s&#8217;ha aprovat al Consell Escolar.<\/p>\n<p>&nbsp;<\/p>\n<p>&nbsp;<\/p>\n<p>&nbsp;<\/p>\n<p align=\"justify\">\n","protected":false},"excerpt":{"rendered":"<p>L&#8217;horari escolar \u00e9s de 9.00\u00a0 a 16:30 h.<br \/>\nL&#8217;horari lectiu \u00e9s de 9.00 a 14.00 h. Aquesta franja lectiva \u00e9s obligat\u00f2ria, la resta \u00e9s opcional i cal ajustar-se a all\u00f2 establert per les Normes d&#8217;Organitzaci\u00f3 i Funcionament del Centre.<br \/>\nUn cop finalitzada la jornada lectiva, els alumnes&hellip;  <a href=\"https:\/\/agora.xtec.cat\/ceipmtrespins\/curs-escolar\/horari\/\" title=\"Read Horari\">Llegeix m\u00e9s\u00bb<\/a><\/p>\n","protected":false},"author":1,"featured_media":0,"parent":505,"menu_order":3,"comment_status":"closed","ping_status":"closed","template":"page-templates\/side-menu.php","meta":{"_bbp_topic_count":0,"_bbp_reply_count":0,"_bbp_total_topic_count":0,"_bbp_total_reply_count":0,"_bbp_voice_count":0,"_bbp_anonymous_reply_count":0,"_bbp_topic_count_hidden":0,"_bbp_reply_count_hidden":0,"_bbp_forum_subforum_count":0,"footnotes":""},"class_list":["post-506","page","type-page","status-publish","hentry"],"post_mailing_queue_ids":[],"_links":{"self":[{"href":"https:\/\/agora.xtec.cat\/ceipmtrespins\/wp-json\/wp\/v2\/pages\/506","targetHints":{"allow":["GET"]}}],"collection":[{"href":"https:\/\/agora.xtec.cat\/ceipmtrespins\/wp-json\/wp\/v2\/pages"}],"about":[{"href":"https:\/\/agora.xtec.cat\/ceipmtrespins\/wp-json\/wp\/v2\/types\/page"}],"author":[{"embeddable":true,"href":"https:\/\/agora.xtec.cat\/ceipmtrespins\/wp-json\/wp\/v2\/users\/1"}],"replies":[{"embeddable":true,"href":"https:\/\/agora.xtec.cat\/ceipmtrespins\/wp-json\/wp\/v2\/comments?post=506"}],"version-history":[{"count":7,"href":"https:\/\/agora.xtec.cat\/ceipmtrespins\/wp-json\/wp\/v2\/pages\/506\/revisions"}],"predecessor-version":[{"id":3301,"href":"https:\/\/agora.xtec.cat\/ceipmtrespins\/wp-json\/wp\/v2\/pages\/506\/revisions\/3301"}],"up":[{"embeddable":true,"href":"https:\/\/agora.xtec.cat\/ceipmtrespins\/wp-json\/wp\/v2\/pages\/505"}],"wp:attachment":[{"href":"https:\/\/agora.xtec.cat\/ceipmtrespins\/wp-json\/wp\/v2\/media?parent=506"}],"curies":[{"name":"wp","href":"https:\/\/api.w.org\/{rel}","templated":true}]}}