{"id":501,"date":"2021-01-20T16:21:56","date_gmt":"2021-01-20T15:21:56","guid":{"rendered":"https:\/\/agora.xtec.cat\/ceipmtrespins\/?page_id=501"},"modified":"2021-11-11T15:45:23","modified_gmt":"2021-11-11T14:45:23","slug":"projecte-deducacio-bilingue-llengua-de-signes-llengua-oral","status":"publish","type":"page","link":"https:\/\/agora.xtec.cat\/ceipmtrespins\/lescola\/documents-de-centre\/projecte-deducacio-bilingue-llengua-de-signes-llengua-oral\/","title":{"rendered":"Projecte d&#8217;Educaci\u00f3 Biling\u00fce llengua de signes-llengua oral"},"content":{"rendered":"<p>A continuaci\u00f3 trobareu el Projecte Biling\u00fce llengua de signes-llengua oral del nostre centre, el qual est\u00e0 en proc\u00e9s de revisi\u00f3.<\/p>\n<p><a href=\"https:\/\/agora.xtec.cat\/ceipmtrespins\/wp-content\/uploads\/usu2097\/2021\/10\/Projecte-Bilingue-LSC-LO-Escola-Tres-Pins-2016.pdf\">Projecte Biling\u00fce LSC LO Escola Tres Pins 2016<\/a><\/p>\n","protected":false},"excerpt":{"rendered":"<p>A continuaci\u00f3 trobareu el Projecte Biling\u00fce llengua de signes-llengua oral del nostre centre, el qual est\u00e0 en proc\u00e9s de revisi\u00f3.<br \/>\n<a href=\"https:\/\/agora.xtec.cat\/ceipmtrespins\/wp-content\/uploads\/usu2097\/2021\/10\/Projecte-Bilingue-LSC-LO-Escola-Tres-Pins-2016.pdf\">Projecte Biling\u00fce LSC LO Escola Tres Pins 2016<\/a><\/p>\n","protected":false},"author":1,"featured_media":0,"parent":497,"menu_order":1,"comment_status":"closed","ping_status":"closed","template":"page-templates\/side-menu.php","meta":{"_bbp_topic_count":0,"_bbp_reply_count":0,"_bbp_total_topic_count":0,"_bbp_total_reply_count":0,"_bbp_voice_count":0,"_bbp_anonymous_reply_count":0,"_bbp_topic_count_hidden":0,"_bbp_reply_count_hidden":0,"_bbp_forum_subforum_count":0,"footnotes":""},"class_list":["post-501","page","type-page","status-publish","hentry"],"post_mailing_queue_ids":[],"_links":{"self":[{"href":"https:\/\/agora.xtec.cat\/ceipmtrespins\/wp-json\/wp\/v2\/pages\/501","targetHints":{"allow":["GET"]}}],"collection":[{"href":"https:\/\/agora.xtec.cat\/ceipmtrespins\/wp-json\/wp\/v2\/pages"}],"about":[{"href":"https:\/\/agora.xtec.cat\/ceipmtrespins\/wp-json\/wp\/v2\/types\/page"}],"author":[{"embeddable":true,"href":"https:\/\/agora.xtec.cat\/ceipmtrespins\/wp-json\/wp\/v2\/users\/1"}],"replies":[{"embeddable":true,"href":"https:\/\/agora.xtec.cat\/ceipmtrespins\/wp-json\/wp\/v2\/comments?post=501"}],"version-history":[{"count":2,"href":"https:\/\/agora.xtec.cat\/ceipmtrespins\/wp-json\/wp\/v2\/pages\/501\/revisions"}],"predecessor-version":[{"id":794,"href":"https:\/\/agora.xtec.cat\/ceipmtrespins\/wp-json\/wp\/v2\/pages\/501\/revisions\/794"}],"up":[{"embeddable":true,"href":"https:\/\/agora.xtec.cat\/ceipmtrespins\/wp-json\/wp\/v2\/pages\/497"}],"wp:attachment":[{"href":"https:\/\/agora.xtec.cat\/ceipmtrespins\/wp-json\/wp\/v2\/media?parent=501"}],"curies":[{"name":"wp","href":"https:\/\/api.w.org\/{rel}","templated":true}]}}