{"id":497,"date":"2021-01-20T16:21:56","date_gmt":"2021-01-20T15:21:56","guid":{"rendered":"https:\/\/agora.xtec.cat\/ceipmtrespins\/?page_id=497"},"modified":"2026-03-23T11:28:44","modified_gmt":"2026-03-23T10:28:44","slug":"documents-de-centre","status":"publish","type":"page","link":"https:\/\/agora.xtec.cat\/ceipmtrespins\/lescola\/documents-de-centre\/","title":{"rendered":"Documents de centre"},"content":{"rendered":"<p>L&#8217;escola ha elaborat una s\u00e8rie de documents per al seu funcionament que poden ser d&#8217;inter\u00e8s per als membres de la comunitat escolar. Aquests documents estableixen la normativa vigent i l&#8217;adapten a les circumst\u00e0ncies del Centre o responen a necessitats de la nostra pr\u00e0ctica docent. Per a nosaltres, un document no \u00e9s una simple traducci\u00f3 mec\u00e0nica d&#8217;un estatut, \u00e9s el resultat d&#8217;un proc\u00e9s d&#8217;investigaci\u00f3 de pensament, debat i consens a llarg termini basat en els principis del treball en equip.<\/p>\n<p>L&#8217;evoluci\u00f3 normativa recent ens ha obligat a actualitzar la majoria dels nostres documents sense perdre de vista el que m\u00e9s importa, el nostre dia a dia amb els nostres alumnes.<\/p>\n<p>En cadascun dels apartats seg\u00fcents es presenten els principals documents de l&#8217;escola, siguin obligatoris o no. Alguns es publiquen aqu\u00ed, d&#8217;altres estan disponibles per a tots els membres de la comunitat escolar. Les persones interessades poden contactar directament amb el centre. Tamb\u00e9 ho poden dir a la consergeria i us indicar\u00e0 el tr\u00e0mit.<\/p>\n<h3><span style=\"color: #808080;\">DOCUMENTS DE CENTRE<\/span><\/h3>\n<ul style=\"list-style-type: square;\">\n<li><span style=\"color: #333333;\"><a style=\"color: #333333;\" href=\"https:\/\/agora.xtec.cat\/ceipmtrespins\/wp-content\/uploads\/usu2097\/2023\/02\/PEC-2016-160615.pdf\">PEC (en revisi\u00f3)<\/a><\/span><\/li>\n<li><span style=\"color: #333333;\"><a style=\"color: #333333;\" href=\"https:\/\/agora.xtec.cat\/ceipmtrespins\/lescola\/documents-de-centre\/nofc\/\"><span style=\"vertical-align: inherit;\"><span style=\"vertical-align: inherit;\">NOFC (en revisi\u00f3)<\/span><\/span><\/a><\/span><\/li>\n<li><span style=\"color: #00ccff;\"><a style=\"color: #00ccff;\" href=\"https:\/\/agora.xtec.cat\/ceipmtrespins\/documents-de-centre\/projecte-deducacio-bilingue-llengua-de-signes-llengua-oral\/\"><span style=\"color: #333333;\">Programa d&#8217;Educaci\u00f3 Biling\u00fce Llengua de Signes-Llengua Oral<\/span><\/a><\/span><\/li>\n<li><span style=\"color: #333333;\"><a style=\"color: #333333;\" href=\"https:\/\/agora.xtec.cat\/ceipmtrespins\/lescola\/documents-de-centre\/projecte-linguistic\/\"><span style=\"vertical-align: inherit;\"><span style=\"vertical-align: inherit;\">Programa ling\u00fc\u00edstic <\/span><\/span><\/a><\/span><\/li>\n<li><span style=\"color: #333333;\"><a style=\"color: #333333;\" href=\"https:\/\/sites.google.com\/xtec.cat\/edc-3pins\/p%C3%A0gina-dinici\">Estrat\u00e8gia Digital de Centre (EDC)<\/a><\/span><\/li>\n<li><span style=\"color: #333333;\"><a style=\"color: #333333;\" href=\"https:\/\/agora.xtec.cat\/ceipmtrespins\/lescola\/documents-de-centre\/projecte-de-convivencia\/\"><span style=\"vertical-align: inherit;\"><span style=\"vertical-align: inherit;\">Projecte de conviv\u00e8ncia<\/span><\/span><\/a><\/span><\/li>\n<\/ul>\n<h3><span style=\"color: #808080;\">GESTI\u00d3 ECON\u00d2MICA<\/span><\/h3>\n<ul style=\"list-style-type: square;\">\n<li><span style=\"color: #00ccff;\"><a style=\"color: #00ccff;\" href=\"https:\/\/agora.xtec.cat\/ceipmtrespins\/wp-content\/uploads\/usu2097\/2023\/02\/Pressupost-2023.pdf\"><span style=\"color: #333333;\">Pressupost <span style=\"color: #ff6600;\">2023<\/span><\/span><\/a><\/span><\/li>\n<li><span style=\"color: #333333;\"><a style=\"color: #333333;\" href=\"https:\/\/agora.xtec.cat\/ceipmtrespins\/wp-content\/uploads\/usu2097\/2024\/04\/Dades-del-pressupost-2024.pdf\">Pressupost <span style=\"color: #ff6600;\">2024<\/span><\/a><\/span><\/li>\n<li><a href=\"https:\/\/agora.xtec.cat\/ceipmtrespins\/wp-content\/uploads\/usu2097\/2025\/03\/Pressupost-2025-2.pdf\"><span style=\"color: #000000;\">Pressupost<\/span> <span style=\"color: #ff6600;\">2025<\/span><\/a><\/li>\n<li>Pressupost <a href=\"https:\/\/agora.xtec.cat\/ceipmtrespins\/wp-content\/uploads\/usu2097\/2026\/02\/Dades-del-pressupost.pdf\"><span style=\"color: #ff6600;\">2026<\/span><\/a><\/li>\n<\/ul>\n<h3><span style=\"color: #808080;\">CONSELL ESCOLAR<\/span><\/h3>\n<pre><\/pre>\n<h6><strong><span style=\"color: #ff6600;\">\u00a0curs 2022-2023<\/span><\/strong><\/h6>\n<ul style=\"list-style-type: circle;\">\n<li><a href=\"https:\/\/agora.xtec.cat\/ceipmtrespins\/wp-content\/uploads\/usu2097\/2024\/11\/SIM-080417924111816010.pdf\"><span style=\"color: #000000;\">Certificat d&#8217;acords 20 d&#8217;octubre<\/span><\/a><\/li>\n<li><span style=\"color: #000000;\"><a style=\"color: #000000;\" href=\"https:\/\/agora.xtec.cat\/ceipmtrespins\/wp-content\/uploads\/usu2097\/2024\/11\/SIM-080417924111816040.pdf\">Certificat d&#8217;acords 17 de novembre<\/a><\/span><\/li>\n<li><span style=\"color: #000000;\"><a style=\"color: #000000;\" href=\"https:\/\/agora.xtec.cat\/ceipmtrespins\/wp-content\/uploads\/usu2097\/2024\/11\/SIM-080417924111816030.pdf\">Certificat d&#8217;acords 12 de juny<\/a><\/span><\/li>\n<\/ul>\n<p><span style=\"color: #ff6600;\"><strong>\u00a0 curs 2023-2024<br \/>\n<\/strong><\/span><\/p>\n<ul style=\"list-style-type: circle;\">\n<li><a href=\"https:\/\/agora.xtec.cat\/ceipmtrespins\/wp-content\/uploads\/usu2097\/2024\/11\/SIM-080417924111810360.pdf\"><span style=\"color: #333333;\">Certificat d&#8217;acords 26 setembre<\/span><\/a><\/li>\n<li><span style=\"color: #000000;\"><a style=\"color: #000000;\" href=\"https:\/\/agora.xtec.cat\/ceipmtrespins\/wp-content\/uploads\/usu2097\/2024\/11\/SIM-080417924111811300.pdf\">Certificat d&#8217;acords 30 de novembre<\/a><\/span><\/li>\n<li><a href=\"https:\/\/agora.xtec.cat\/ceipmtrespins\/wp-content\/uploads\/usu2097\/2024\/11\/SIM-080417924111810361.pdf\"><span style=\"color: #333333;\">Certificat d&#8217;acords 21 febrer<\/span><\/a><\/li>\n<li><span style=\"color: #333333;\"><a style=\"color: #333333;\" href=\"https:\/\/agora.xtec.cat\/ceipmtrespins\/wp-content\/uploads\/usu2097\/2024\/04\/certificat.pdf\">Certificat d&#8217;acords\u00a0 2 abril\u00a0<\/a><\/span><\/li>\n<li><span style=\"color: #333333;\"><a style=\"color: #333333;\" href=\"https:\/\/agora.xtec.cat\/ceipmtrespins\/wp-content\/uploads\/usu2097\/2024\/06\/acords-Consell-escolar-20-juny.pdf\">Certificat d&#8217;a<\/a><\/span><span style=\"color: #333333;\"><a style=\"color: #333333;\" href=\"https:\/\/agora.xtec.cat\/ceipmtrespins\/wp-content\/uploads\/usu2097\/2024\/06\/acords-Consell-escolar-20-juny.pdf\">cords\u00a0 20 juny <\/a><\/span><\/li>\n<\/ul>\n<h6><span style=\"color: #333399;\"><strong><span style=\"color: #ff6600;\"> curs 2024-2025 <\/span> <\/strong><\/span><\/h6>\n<ul style=\"list-style-type: circle;\">\n<li><span style=\"color: #333333;\"><a style=\"color: #333333;\" href=\"https:\/\/agora.xtec.cat\/ceipmtrespins\/wp-content\/uploads\/usu2097\/2024\/11\/SIM-080417924111310100.pdf\">Certificat d&#8217;acords\u00a0 2 d&#8217;octubre<\/a><\/span><\/li>\n<li><a href=\"https:\/\/agora.xtec.cat\/ceipmtrespins\/wp-content\/uploads\/usu2097\/2024\/12\/3-CE-web-20.11.24.pdf\"><span style=\"color: #333333;\">Certificat d&#8217;acords 20 de novembre<\/span><\/a><\/li>\n<li><a href=\"https:\/\/agora.xtec.cat\/ceipmtrespins\/wp-content\/uploads\/usu2097\/2025\/03\/4-CE-web-12.03.25.pdf\"><span style=\"color: #000000;\">Certificat d&#8217;acords\u00a0 12 de<\/span><span style=\"color: #000000;\"> mar\u00e7<\/span><\/a><\/li>\n<li><span style=\"color: #000000;\"><a style=\"color: #000000;\" href=\"https:\/\/agora.xtec.cat\/ceipmtrespins\/wp-content\/uploads\/usu2097\/2025\/05\/5CE-web-25.04.25.pdf\">Certificats d&#8217;acords 25 d&#8217;abril<\/a><\/span><\/li>\n<li><a href=\"https:\/\/agora.xtec.cat\/ceipmtrespins\/wp-content\/uploads\/usu2097\/2025\/06\/6-CE-web-11.06.25.pdf\"><span style=\"color: #000000;\">Certificats acords 11 de juny<\/span><\/a><\/li>\n<li><a href=\"https:\/\/agora.xtec.cat\/ceipmtrespins\/wp-content\/uploads\/usu2097\/2025\/07\/7-CE-web-27.06.25.pdf\"><span style=\"color: #000000;\">Certificats d&#8217;acords 27 de juny<\/span><\/a><\/li>\n<\/ul>\n<p><strong><span style=\"color: #ff6600;\">curs 2025-2026<\/span><\/strong><\/p>\n<ul style=\"list-style-type: circle;\">\n<li><a href=\"https:\/\/agora.xtec.cat\/ceipmtrespins\/wp-content\/uploads\/usu2097\/2025\/10\/1-CE-web7.10.25.pdf\"><span style=\"color: #333333;\">Certificats d&#8217;acords 7 d&#8217;octubre\u00a0<\/span><\/a><\/li>\n<li><span style=\"color: #333333;\"><a style=\"color: #333333;\" href=\"https:\/\/agora.xtec.cat\/ceipmtrespins\/wp-content\/uploads\/usu2097\/2026\/01\/2-C.E-web-10.12.25.pdf\">Certificats d&#8217;acords 10 de desembre<\/a><\/span><\/li>\n<li><a href=\"https:\/\/agora.xtec.cat\/ceipmtrespins\/wp-content\/uploads\/usu2097\/2026\/02\/doc08177720260219110213.pdf\"><span style=\"color: #000000;\">Certificats d&#8217;acords 17 de febrer<\/span><\/a><\/li>\n<li><a href=\"https:\/\/agora.xtec.cat\/ceipmtrespins\/wp-content\/uploads\/usu2097\/2026\/03\/4-CE-web-11.3.26.pdf\"><span style=\"color: #000000;\">Certificat d&#8217;acords 11 de mar\u00e7<\/span><\/a><\/li>\n<\/ul>\n","protected":false},"excerpt":{"rendered":"<p>L&#8217;escola ha elaborat una s\u00e8rie de documents per al seu funcionament que poden ser d&#8217;inter\u00e8s per als membres de la comunitat escolar. Aquests documents estableixen la normativa vigent i l&#8217;adapten a les circumst\u00e0ncies del Centre o responen a necessitats de la nostra pr\u00e0ctica docent. Per&hellip;  <a href=\"https:\/\/agora.xtec.cat\/ceipmtrespins\/lescola\/documents-de-centre\/\" title=\"Read Documents de centre\">Llegeix m\u00e9s\u00bb<\/a><\/p>\n","protected":false},"author":1,"featured_media":0,"parent":22,"menu_order":8,"comment_status":"closed","ping_status":"closed","template":"page-templates\/side-menu.php","meta":{"_bbp_topic_count":0,"_bbp_reply_count":0,"_bbp_total_topic_count":0,"_bbp_total_reply_count":0,"_bbp_voice_count":0,"_bbp_anonymous_reply_count":0,"_bbp_topic_count_hidden":0,"_bbp_reply_count_hidden":0,"_bbp_forum_subforum_count":0,"footnotes":""},"class_list":["post-497","page","type-page","status-publish","hentry"],"post_mailing_queue_ids":[],"_links":{"self":[{"href":"https:\/\/agora.xtec.cat\/ceipmtrespins\/wp-json\/wp\/v2\/pages\/497","targetHints":{"allow":["GET"]}}],"collection":[{"href":"https:\/\/agora.xtec.cat\/ceipmtrespins\/wp-json\/wp\/v2\/pages"}],"about":[{"href":"https:\/\/agora.xtec.cat\/ceipmtrespins\/wp-json\/wp\/v2\/types\/page"}],"author":[{"embeddable":true,"href":"https:\/\/agora.xtec.cat\/ceipmtrespins\/wp-json\/wp\/v2\/users\/1"}],"replies":[{"embeddable":true,"href":"https:\/\/agora.xtec.cat\/ceipmtrespins\/wp-json\/wp\/v2\/comments?post=497"}],"version-history":[{"count":7,"href":"https:\/\/agora.xtec.cat\/ceipmtrespins\/wp-json\/wp\/v2\/pages\/497\/revisions"}],"predecessor-version":[{"id":3579,"href":"https:\/\/agora.xtec.cat\/ceipmtrespins\/wp-json\/wp\/v2\/pages\/497\/revisions\/3579"}],"up":[{"embeddable":true,"href":"https:\/\/agora.xtec.cat\/ceipmtrespins\/wp-json\/wp\/v2\/pages\/22"}],"wp:attachment":[{"href":"https:\/\/agora.xtec.cat\/ceipmtrespins\/wp-json\/wp\/v2\/media?parent=497"}],"curies":[{"name":"wp","href":"https:\/\/api.w.org\/{rel}","templated":true}]}}