{"id":496,"date":"2021-01-20T16:21:56","date_gmt":"2021-01-20T15:21:56","guid":{"rendered":"https:\/\/agora.xtec.cat\/ceipmtrespins\/?page_id=496"},"modified":"2025-09-30T11:54:02","modified_gmt":"2025-09-30T09:54:02","slug":"consell-escolar-2","status":"publish","type":"page","link":"https:\/\/agora.xtec.cat\/ceipmtrespins\/lescola\/consell-escolar-2\/","title":{"rendered":"Consell Escolar"},"content":{"rendered":"<p style=\"text-align: justify;\">El Consell Escolar de Centre \u00e9s l&#8217;\u00f2rgan col\u00b7legiat de participaci\u00f3 dels diferents sectors de la comunitat escolar en el centre. Les seves funcions, els membres, l&#8217;elecci\u00f3 i la renovaci\u00f3 estan regulades per la llei 12\/2009, de 10 de juliol, d&#8217;educaci\u00f3.<\/p>\n<p><strong>Funcions del Consell Escolar<\/strong><\/p>\n<ul>\n<li>Aprovaci\u00f3 del projecte educatiu (PEC)<\/li>\n<li>Aprovaci\u00f3 de la programaci\u00f3 general d&#8217;aula (PGA)<\/li>\n<li>Intervenci\u00f3 en el procediment d&#8217;admissi\u00f3 d&#8217;alumnes.<\/li>\n<li>Intervenci\u00f3 en el procediment de selecci\u00f3 de la direcci\u00f3.<\/li>\n<li>Intervenir en la resoluci\u00f3 dels conflictes i, si escau, revisar les sancions als alumnes.<\/li>\n<li>Aprovar les directrius per a la programaci\u00f3 d\u2019activitats escolars complement\u00e0ries i d\u2019activitats extraescolars, i avaluar-ne el desenvolupament.<\/li>\n<li>Participar en les an\u00e0lisis i les avaluacions del funcionament general del centre i con\u00e8ixer l\u2019evoluci\u00f3 del rendiment escolar.<\/li>\n<li>Aprovar els criteris de col\u00b7laboraci\u00f3 amb altres centres i amb l\u2019entorn.<\/li>\n<li>Qualsevol altre que li sigui atribu\u00efda per les normes legals o reglament\u00e0ries.<\/li>\n<\/ul>\n<p><strong>Membres del Consell Escolar<\/strong><\/p>\n<table style=\"border-collapse: collapse; width: 100%;\">\n<tbody>\n<tr>\n<td style=\"width: 100%;\">CONSELL ESCOLAR 2023-2024<\/td>\n<\/tr>\n<tr>\n<td style=\"width: 100%;\">EQUIP DIRECTIU : Sonia Bajoz (directora), Eli Prieto ( cap d&#8217;estudis), Anna Martorell ( secret\u00e0ria acad\u00e8mica)<\/td>\n<\/tr>\n<tr>\n<td style=\"width: 100%;\">REPRESENTANTS DELS MESTRES: Sonia Mari\u00f1o, Iolanda March, Toni Cabanillas i Jenifer Navarro<\/td>\n<\/tr>\n<tr>\n<td style=\"width: 100%;\">REPRESENTANT del PND: Neus Mateo<\/td>\n<\/tr>\n<tr>\n<td style=\"width: 100%;\">REPRESENTANTS DE l&#8217;AFA: Dago Albarado, Mar Espa\u00f1ol, Roberta Tavares, SamarAl-Hetawi, Xavier Bigorra i Aroa Godoy.<\/td>\n<\/tr>\n<tr>\n<td style=\"width: 100%;\">REPRESENTANT MUNICIPAL: Patricia Vazquez Garc\u00eda<\/td>\n<\/tr>\n<\/tbody>\n<\/table>\n<p><a href=\"https:\/\/agora.xtec.cat\/ceipmtrespins\/wp-content\/uploads\/usu2097\/2023\/10\/ACTA-1-CONSELL-ESCOLAR-E.M.-TRES-PINS-26-09-23-1.pdf\">Actes Consell Escolar EM Tres Pins\u00a0 Curs 23\/24<\/a><\/p>\n","protected":false},"excerpt":{"rendered":"<p>El Consell Escolar de Centre \u00e9s l&#8217;\u00f2rgan col\u00b7legiat de participaci\u00f3 dels diferents sectors de la comunitat escolar en el centre. Les seves funcions, els membres, l&#8217;elecci\u00f3 i la renovaci\u00f3 estan regulades per la llei 12\/2009, de 10 de juliol, d&#8217;educaci\u00f3.<br \/>\nFuncions del Consell Escolar<\/p>\n<ul>\n<li>Aprovaci\u00f3 del projecte&hellip;  <a href=\"https:\/\/agora.xtec.cat\/ceipmtrespins\/lescola\/consell-escolar-2\/\" title=\"Read Consell Escolar\">Llegeix m\u00e9s\u00bb<\/a><br \/>\n","protected":false},"author":1,"featured_media":0,"parent":22,"menu_order":6,"comment_status":"closed","ping_status":"closed","template":"page-templates\/side-menu.php","meta":{"_bbp_topic_count":0,"_bbp_reply_count":0,"_bbp_total_topic_count":0,"_bbp_total_reply_count":0,"_bbp_voice_count":0,"_bbp_anonymous_reply_count":0,"_bbp_topic_count_hidden":0,"_bbp_reply_count_hidden":0,"_bbp_forum_subforum_count":0,"footnotes":""},"class_list":["post-496","page","type-page","status-publish","hentry"],"post_mailing_queue_ids":[],"_links":{"self":[{"href":"https:\/\/agora.xtec.cat\/ceipmtrespins\/wp-json\/wp\/v2\/pages\/496","targetHints":{"allow":["GET"]}}],"collection":[{"href":"https:\/\/agora.xtec.cat\/ceipmtrespins\/wp-json\/wp\/v2\/pages"}],"about":[{"href":"https:\/\/agora.xtec.cat\/ceipmtrespins\/wp-json\/wp\/v2\/types\/page"}],"author":[{"embeddable":true,"href":"https:\/\/agora.xtec.cat\/ceipmtrespins\/wp-json\/wp\/v2\/users\/1"}],"replies":[{"embeddable":true,"href":"https:\/\/agora.xtec.cat\/ceipmtrespins\/wp-json\/wp\/v2\/comments?post=496"}],"version-history":[{"count":7,"href":"https:\/\/agora.xtec.cat\/ceipmtrespins\/wp-json\/wp\/v2\/pages\/496\/revisions"}],"predecessor-version":[{"id":3299,"href":"https:\/\/agora.xtec.cat\/ceipmtrespins\/wp-json\/wp\/v2\/pages\/496\/revisions\/3299"}],"up":[{"embeddable":true,"href":"https:\/\/agora.xtec.cat\/ceipmtrespins\/wp-json\/wp\/v2\/pages\/22"}],"wp:attachment":[{"href":"https:\/\/agora.xtec.cat\/ceipmtrespins\/wp-json\/wp\/v2\/media?parent=496"}],"curies":[{"name":"wp","href":"https:\/\/api.w.org\/{rel}","templated":true}]}}