{"id":487,"date":"2021-01-19T11:28:48","date_gmt":"2021-01-19T10:28:48","guid":{"rendered":"https:\/\/agora.xtec.cat\/ceipmtrespins\/?page_id=487"},"modified":"2025-09-30T11:52:49","modified_gmt":"2025-09-30T09:52:49","slug":"equip-huma","status":"publish","type":"page","link":"https:\/\/agora.xtec.cat\/ceipmtrespins\/lescola\/equip-huma\/","title":{"rendered":"Equip hum\u00e0"},"content":{"rendered":"<p style=\"text-align: center;\" align=\"justify\"><span style=\"color: #333333;\">L&#8217;Equip hum\u00e0 2025-2026 <\/span>est\u00e0 format per mestres, logopedes, t\u00e8cnics, personal auxiliar i monitoratge.<\/p>\n<p style=\"text-align: center;\" align=\"justify\">Els i les mestres i personal auxiliar s\u00f3n dotats per l&#8217;Ajuntament de Barcelona. L&#8217;equip de MALLS (mestres d&#8217;audici\u00f3 i llenguatge) i logopedes s\u00f3n personal del CREDA Pere Barnils per l&#8217;atenci\u00f3 a l&#8217;alumnat sords.<\/p>\n<p style=\"text-align: center;\" align=\"justify\">Els monitors i monitores estan contractats majorit\u00e0riament per VALORS PROJECTES EDUCATIUS, S.L., que \u00e9s l&#8217;empresa que t\u00e9 la concessi\u00f3 del servei de menjador per acord del Consell Escolar i de l&#8217;AFA.<span style=\"font-family: inherit; font-size: 1em;\">\u00a0<\/span><\/p>\n<table style=\"border-collapse: collapse; width: 100%;\">\n<tbody>\n<tr>\n<td style=\"width: 100%;\"><span style=\"color: #2f6f7d;\"><strong>Equip directiu<\/strong><\/span><\/p>\n<p>Sonia Bajoz, Eli Prieto i Anna Martorell<\/td>\n<\/tr>\n<\/tbody>\n<\/table>\n<table style=\"border-collapse: collapse; width: 100%;\">\n<tbody>\n<tr>\n<td style=\"width: 100%;\"><span style=\"color: #2f6f7d;\"><strong>Infantil &#8211; Cicle Petits<\/strong><\/span><\/p>\n<p><strong>IA<\/strong> &#8211; Meritxell Roure<\/p>\n<p><strong>IB<\/strong> &#8211; Iolanda March<\/p>\n<p><strong>IC<\/strong> &#8211; Laura Varela<\/td>\n<\/tr>\n<\/tbody>\n<\/table>\n<table style=\"border-collapse: collapse; width: 100%;\">\n<tbody>\n<tr>\n<td style=\"width: 100%;\"><span style=\"color: #2f6f7d;\"><strong>Prim\u00e0ria &#8211; Cicle Mitjans<\/strong><\/span><\/p>\n<p><strong>1r<\/strong> &#8211; Jennifer Navarro<\/p>\n<p><strong>2n<\/strong> &#8211; Alba Vicente<\/p>\n<p><strong>3r<\/strong> &#8211; Eva Guitard<\/td>\n<\/tr>\n<\/tbody>\n<\/table>\n<table style=\"border-collapse: collapse; width: 100%;\">\n<tbody>\n<tr>\n<td style=\"width: 100%;\"><span style=\"color: #2f6f7d;\"><strong>Prim\u00e0ria &#8211; Cicle Grans<\/strong><\/span><\/p>\n<p><strong>4tA<\/strong>&#8211; N\u00faria Mateu<\/p>\n<p><strong>4tB-<\/strong> Alba Gonz\u00e1lez<\/p>\n<p><strong>5\u00e8<\/strong> &#8211; Sonia Mari\u00f1o<\/p>\n<p><strong>6\u00e8<\/strong> &#8211; M. Jos\u00e9 Santos<\/td>\n<\/tr>\n<\/tbody>\n<\/table>\n<table style=\"border-collapse: collapse; width: 100%;\">\n<tbody>\n<tr>\n<td style=\"width: 100%;\"><span style=\"color: #2f6f7d;\"><strong>Mestres especialistes<\/strong><\/span><\/p>\n<p>&nbsp;<\/p>\n<p><strong>Suport a Infantil<\/strong> &#8211;\u00a0 Silvia Moreno (<strong>TEI<\/strong>)<\/p>\n<p><strong>Mestra d&#8217;Educaci\u00f3 Especial (MEE<\/strong>) &#8211; Pepi Daniel<\/p>\n<p><strong>Mestra d&#8217;Audici\u00f3 i Llenguatge ( MALL<\/strong>) &#8211; Jennifer Navarro i Eli Prieto<\/p>\n<p><strong>Psicomotricitat Infantil i Educaci\u00f3 F\u00edsica Prim\u00e0ria<\/strong> &#8211; M. Jos\u00e9 Lauwaert i Sonia Bajoz<\/p>\n<p><strong>Llengua Anglesa I4-I5 i Prim\u00e0ria<\/strong> &#8211; Andrea Adalid<\/p>\n<p><strong>LSC Mitjans <\/strong>&#8211; Sonia Mari\u00f1o<\/p>\n<p><strong>Educaci\u00f3 Art\u00edstica i Pl\u00e0stica Prim\u00e0ria<\/strong> &#8211; Pilar Soler<\/p>\n<p>&nbsp;<\/td>\n<\/tr>\n<\/tbody>\n<\/table>\n<table style=\"border-collapse: collapse; width: 99.7992%; height: 294px;\">\n<tbody>\n<tr>\n<td style=\"width: 100%;\">\n<p style=\"text-align: left;\"><span style=\"color: #2f6f7d;\"><strong>Equip de logopedes i de malls CREDA<\/strong><\/span><\/p>\n<p style=\"text-align: left;\"><strong>Agrupaments d&#8217;alumnes sords i d&#8217;alumnes amb dificultats de llenguatge o parla.<\/strong><\/p>\n<p><strong>Educaci\u00f3 Infantil &#8211; <\/strong><strong>Malls &#8211;<\/strong> Gema Gavil\u00e1n i Laura Vila.<\/p>\n<p><strong>Cicle Mitjans &#8211; Malls &#8211; <\/strong><strong>\u00a0<\/strong>Mireia Mart\u00edn<strong>, <\/strong>Judith Castillo i Helena Conesa<\/p>\n<p><strong>Llengua Oral &#8211; <\/strong>\u00a0Merc\u00e8 Lafont.<\/p>\n<p><strong>Cicle Grans &#8211; <\/strong>Elvira Moral,Toni Cabanillas i Nadia Trojaola<\/p>\n<p>&nbsp;<\/td>\n<\/tr>\n<\/tbody>\n<\/table>\n<table style=\"border-collapse: collapse; width: 100%;\">\n<tbody>\n<tr>\n<td style=\"width: 100%;\"><span style=\"color: #2f6d8a;\"><strong>Monitoratge de suport a les necessitats educatives especials\u00a0 &#8211; (vetlladores)<\/strong><\/span><\/p>\n<p><strong>Alumnat Sord<\/strong> &#8211; M. Tiscar Ruiz<\/p>\n<p><strong>Alumnat O\u00efdor<\/strong> &#8211; Alba Querol<\/td>\n<\/tr>\n<\/tbody>\n<\/table>\n<p>&nbsp;<\/p>\n<p style=\"text-align: center;\" align=\"justify\"><span style=\"font-family: inherit; font-size: 1em;\">\u00a0 \u00a0 \u00a0<\/span><span style=\"font-family: inherit; font-size: 1em;\">\u00a0 \u00a0 \u00a0\u00a0<\/span><\/p>\n<p>&nbsp;<\/p>\n<p>&nbsp;<\/p>\n<p>&nbsp;<\/p>\n","protected":false},"excerpt":{"rendered":"<p>L&#8217;Equip hum\u00e0 2025-2026 est\u00e0 format per mestres, logopedes, t\u00e8cnics, personal auxiliar i monitoratge.<br \/>\nEls i les mestres i personal auxiliar s\u00f3n dotats per l&#8217;Ajuntament de Barcelona. L&#8217;equip de MALLS (mestres d&#8217;audici\u00f3 i llenguatge) i logopedes s\u00f3n personal del CREDA Pere Barnils per l&#8217;atenci\u00f3 a l&#8217;alumnat sords.<br \/>\nEls&hellip;  <a href=\"https:\/\/agora.xtec.cat\/ceipmtrespins\/lescola\/equip-huma\/\" title=\"Read Equip hum\u00e0\">Llegeix m\u00e9s\u00bb<\/a><\/p>\n","protected":false},"author":1,"featured_media":0,"parent":22,"menu_order":5,"comment_status":"closed","ping_status":"closed","template":"page-templates\/side-menu.php","meta":{"_bbp_topic_count":0,"_bbp_reply_count":0,"_bbp_total_topic_count":0,"_bbp_total_reply_count":0,"_bbp_voice_count":0,"_bbp_anonymous_reply_count":0,"_bbp_topic_count_hidden":0,"_bbp_reply_count_hidden":0,"_bbp_forum_subforum_count":0,"footnotes":""},"class_list":["post-487","page","type-page","status-publish","hentry"],"post_mailing_queue_ids":[],"_links":{"self":[{"href":"https:\/\/agora.xtec.cat\/ceipmtrespins\/wp-json\/wp\/v2\/pages\/487","targetHints":{"allow":["GET"]}}],"collection":[{"href":"https:\/\/agora.xtec.cat\/ceipmtrespins\/wp-json\/wp\/v2\/pages"}],"about":[{"href":"https:\/\/agora.xtec.cat\/ceipmtrespins\/wp-json\/wp\/v2\/types\/page"}],"author":[{"embeddable":true,"href":"https:\/\/agora.xtec.cat\/ceipmtrespins\/wp-json\/wp\/v2\/users\/1"}],"replies":[{"embeddable":true,"href":"https:\/\/agora.xtec.cat\/ceipmtrespins\/wp-json\/wp\/v2\/comments?post=487"}],"version-history":[{"count":6,"href":"https:\/\/agora.xtec.cat\/ceipmtrespins\/wp-json\/wp\/v2\/pages\/487\/revisions"}],"predecessor-version":[{"id":3298,"href":"https:\/\/agora.xtec.cat\/ceipmtrespins\/wp-json\/wp\/v2\/pages\/487\/revisions\/3298"}],"up":[{"embeddable":true,"href":"https:\/\/agora.xtec.cat\/ceipmtrespins\/wp-json\/wp\/v2\/pages\/22"}],"wp:attachment":[{"href":"https:\/\/agora.xtec.cat\/ceipmtrespins\/wp-json\/wp\/v2\/media?parent=487"}],"curies":[{"name":"wp","href":"https:\/\/api.w.org\/{rel}","templated":true}]}}