{"id":36,"date":"2014-09-18T12:33:11","date_gmt":"2014-09-18T10:33:11","guid":{"rendered":"http:\/\/agora.xtec.cat\/ceipmtrespins\/?page_id=36"},"modified":"2022-02-17T15:36:03","modified_gmt":"2022-02-17T14:36:03","slug":"material-escolar","status":"publish","type":"page","link":"https:\/\/agora.xtec.cat\/ceipmtrespins\/curs-escolar\/material-escolar\/","title":{"rendered":"Material escolar"},"content":{"rendered":"<p align=\"justify\">L&#8217;alumnat de l&#8217;escola han de disposar d&#8217;una s\u00e8rie de materials pel seu treball i fer servir un equipament espec\u00edfic per desenvolupar algunes activitats. De tot aix\u00f2 seran convenientment informats a trav\u00e9s de les circulars corresponents.<\/p>\n<p>Principalment, els infants disposen de:<\/p>\n<ul class=\"listado\">\n<li>Agenda escolar, a partir de prim\u00e0ria.<\/li>\n<li>Equip de piscina pels alumnes d&#8217;educaci\u00f3 infantil, 1r i 2n d&#8217;educaci\u00f3 prim\u00e0ria.<\/li>\n<li>Equip d&#8217;educaci\u00f3 f\u00edsica i d&#8217;higiene personal per a tot l&#8217;alumnat d&#8217;educaci\u00f3 prim\u00e0ria.<\/li>\n<li>Bata de pl\u00e0stica, necess\u00e0ria per l&#8217;alumnat d&#8217;educaci\u00f3 infantil i volunt\u00e0ria per als cursos d&#8217;educaci\u00f3 prim\u00e0ria.<\/li>\n<\/ul>\n","protected":false},"excerpt":{"rendered":"<p>L&#8217;alumnat de l&#8217;escola han de disposar d&#8217;una s\u00e8rie de materials pel seu treball i fer servir un equipament espec\u00edfic per desenvolupar algunes activitats. De tot aix\u00f2 seran convenientment informats a trav\u00e9s de les circulars corresponents.<br \/>\nPrincipalment, els infants disposen de:<\/p>\n<ul class=\"listado\">\n<li>Agenda escolar, a partir de prim\u00e0ria.<\/li>\n<li>Equip&hellip;  <a href=\"https:\/\/agora.xtec.cat\/ceipmtrespins\/curs-escolar\/material-escolar\/\" title=\"Read Material escolar\">Llegeix m\u00e9s\u00bb<\/a><br \/>\n","protected":false},"author":1,"featured_media":0,"parent":505,"menu_order":2,"comment_status":"closed","ping_status":"closed","template":"page-templates\/side-menu.php","meta":{"_bbp_topic_count":0,"_bbp_reply_count":0,"_bbp_total_topic_count":0,"_bbp_total_reply_count":0,"_bbp_voice_count":0,"_bbp_anonymous_reply_count":0,"_bbp_topic_count_hidden":0,"_bbp_reply_count_hidden":0,"_bbp_forum_subforum_count":0,"footnotes":""},"class_list":["post-36","page","type-page","status-publish","hentry"],"post_mailing_queue_ids":[],"_links":{"self":[{"href":"https:\/\/agora.xtec.cat\/ceipmtrespins\/wp-json\/wp\/v2\/pages\/36","targetHints":{"allow":["GET"]}}],"collection":[{"href":"https:\/\/agora.xtec.cat\/ceipmtrespins\/wp-json\/wp\/v2\/pages"}],"about":[{"href":"https:\/\/agora.xtec.cat\/ceipmtrespins\/wp-json\/wp\/v2\/types\/page"}],"author":[{"embeddable":true,"href":"https:\/\/agora.xtec.cat\/ceipmtrespins\/wp-json\/wp\/v2\/users\/1"}],"replies":[{"embeddable":true,"href":"https:\/\/agora.xtec.cat\/ceipmtrespins\/wp-json\/wp\/v2\/comments?post=36"}],"version-history":[{"count":3,"href":"https:\/\/agora.xtec.cat\/ceipmtrespins\/wp-json\/wp\/v2\/pages\/36\/revisions"}],"predecessor-version":[{"id":857,"href":"https:\/\/agora.xtec.cat\/ceipmtrespins\/wp-json\/wp\/v2\/pages\/36\/revisions\/857"}],"up":[{"embeddable":true,"href":"https:\/\/agora.xtec.cat\/ceipmtrespins\/wp-json\/wp\/v2\/pages\/505"}],"wp:attachment":[{"href":"https:\/\/agora.xtec.cat\/ceipmtrespins\/wp-json\/wp\/v2\/media?parent=36"}],"curies":[{"name":"wp","href":"https:\/\/api.w.org\/{rel}","templated":true}]}}