{"id":34,"date":"2014-09-18T12:32:18","date_gmt":"2014-09-18T10:32:18","guid":{"rendered":"http:\/\/agora.xtec.cat\/ceipmtrespins\/?page_id=34"},"modified":"2024-06-27T22:05:22","modified_gmt":"2024-06-27T20:05:22","slug":"oferta-educativa","status":"publish","type":"page","link":"https:\/\/agora.xtec.cat\/ceipmtrespins\/lescola\/oferta-educativa\/","title":{"rendered":"Oferta educativa"},"content":{"rendered":"<p>L&#8217;Escola Municipal\u00a0<strong>TRES PINS<\/strong> \u00e9s una escola p\u00fablica on s&#8217;imparteixen les etapes d&#8217;educaci\u00f3 infantil (de 3 a 6 anys) i prim\u00e0ria (de 6 a 12 anys).<\/p>\n<p>&nbsp;<\/p>\n<p><strong>ETAPA INFANTIL:<\/strong> L&#8217;alumnat d&#8217;aquesta etapa est\u00e0 agrupat per interedats, a I4 i I5, \u00e9s a dir,\u00a0 a l&#8217;aula conviuen dos\u00a0 grups d&#8217;edats diferenciades (4 i 5 anys). El grup d&#8217;I3 forma un\u00a0 sol grup classe, tot i que realitza activitats globalitzades amb els altres grups d&#8217;infantil. El nostre projecte d&#8217;interedats, pret\u00e9n fomentar la gesti\u00f3 emocional dels m\u00e9s petits de l&#8217;escola, potenciant les capacitats del m\u00e9s petits i augmentant l&#8217;autoestima dels m\u00e9s grans. Amb l&#8217;objectiu de tenir una experi\u00e8ncia activa, durant una franja hor\u00e0ria setmanal es treballa per ambients, donant resposta als interessos i necessitats dels infants, sempre respectant els diferents ritmes d&#8217;aprenentatge i afavorint l&#8217;autonomia en els h\u00e0bits d&#8217;higiene i ordre.<\/p>\n<p>Centrem l&#8217;infant com a protagonista del seu propi aprenentatge, amb l&#8217;objectiu de desenvolupar les seves capacitats mitjan\u00e7ant:<\/p>\n<ul>\n<li>la descoberta d&#8217;un mateix, aix\u00ed com dels seus iguals i adults que l&#8217;envolten.<\/li>\n<li>la construcci\u00f3 progressiva del llenguatge, tant l&#8217;oral com la llengua de signes.<\/li>\n<li>la descoberta de l&#8217;entorn natural, aprofitant la situaci\u00f3 privilegiada on es troba l&#8217;escola.<\/li>\n<\/ul>\n<p>&nbsp;<\/p>\n<p><strong>ETAPA PRIMARIA<\/strong>: Al llarg de sis cursos (6 a 12 anys) treballem amb els nostres alumnes per oferir-los coneixements, per\u00f2 tamb\u00e9 per formar-los emocionalment com a persones resilients. Per fer possible aquest proc\u00e9s, l&#8217;escola se situa dins un marc te\u00f2ric ampli sobre les intel\u00b7lig\u00e8ncies m\u00faltiples i aix\u00ed potenciar les habilitats i capacitats de cada infant fomentant sempre la reflexi\u00f3 i el pensament cr\u00edtic.<\/p>\n<p>Com a escola atenem a la diversitat mitjan\u00e7ant diferents metodologies i projectes que a l&#8217;hora estableixen i reforcen el treball cooperatiu.<\/p>\n<p>&nbsp;<\/p>\n","protected":false},"excerpt":{"rendered":"<p>L&#8217;Escola Municipal\u00a0TRES PINS \u00e9s una escola p\u00fablica on s&#8217;imparteixen les etapes d&#8217;educaci\u00f3 infantil (de 3 a 6 anys) i prim\u00e0ria (de 6 a 12 anys).<br \/>\n&nbsp;<br \/>\nETAPA INFANTIL: L&#8217;alumnat d&#8217;aquesta etapa est\u00e0 agrupat per interedats, a I4 i I5, \u00e9s a dir,\u00a0 a l&#8217;aula conviuen dos\u00a0 grups&hellip;  <a href=\"https:\/\/agora.xtec.cat\/ceipmtrespins\/lescola\/oferta-educativa\/\" title=\"Read Oferta educativa\">Llegeix m\u00e9s\u00bb<\/a><\/p>\n","protected":false},"author":1,"featured_media":0,"parent":22,"menu_order":4,"comment_status":"closed","ping_status":"closed","template":"page-templates\/side-menu.php","meta":{"_bbp_topic_count":0,"_bbp_reply_count":0,"_bbp_total_topic_count":0,"_bbp_total_reply_count":0,"_bbp_voice_count":0,"_bbp_anonymous_reply_count":0,"_bbp_topic_count_hidden":0,"_bbp_reply_count_hidden":0,"_bbp_forum_subforum_count":0,"footnotes":""},"class_list":["post-34","page","type-page","status-publish","hentry"],"post_mailing_queue_ids":[],"_links":{"self":[{"href":"https:\/\/agora.xtec.cat\/ceipmtrespins\/wp-json\/wp\/v2\/pages\/34","targetHints":{"allow":["GET"]}}],"collection":[{"href":"https:\/\/agora.xtec.cat\/ceipmtrespins\/wp-json\/wp\/v2\/pages"}],"about":[{"href":"https:\/\/agora.xtec.cat\/ceipmtrespins\/wp-json\/wp\/v2\/types\/page"}],"author":[{"embeddable":true,"href":"https:\/\/agora.xtec.cat\/ceipmtrespins\/wp-json\/wp\/v2\/users\/1"}],"replies":[{"embeddable":true,"href":"https:\/\/agora.xtec.cat\/ceipmtrespins\/wp-json\/wp\/v2\/comments?post=34"}],"version-history":[{"count":6,"href":"https:\/\/agora.xtec.cat\/ceipmtrespins\/wp-json\/wp\/v2\/pages\/34\/revisions"}],"predecessor-version":[{"id":3093,"href":"https:\/\/agora.xtec.cat\/ceipmtrespins\/wp-json\/wp\/v2\/pages\/34\/revisions\/3093"}],"up":[{"embeddable":true,"href":"https:\/\/agora.xtec.cat\/ceipmtrespins\/wp-json\/wp\/v2\/pages\/22"}],"wp:attachment":[{"href":"https:\/\/agora.xtec.cat\/ceipmtrespins\/wp-json\/wp\/v2\/media?parent=34"}],"curies":[{"name":"wp","href":"https:\/\/api.w.org\/{rel}","templated":true}]}}