{"id":32,"date":"2014-09-18T12:31:33","date_gmt":"2014-09-18T10:31:33","guid":{"rendered":"http:\/\/agora.xtec.cat\/ceipmtrespins\/?page_id=32"},"modified":"2025-09-30T12:03:00","modified_gmt":"2025-09-30T10:03:00","slug":"calendari-del-curs","status":"publish","type":"page","link":"https:\/\/agora.xtec.cat\/ceipmtrespins\/curs-escolar\/calendari-del-curs\/","title":{"rendered":"Calendari del curs"},"content":{"rendered":"<p align=\"justify\">El curs escolar 2023-24 comen\u00e7a el dilluns, 6 de setembre de 2023 i acaba el dijous 21de juny de 2024.<\/p>\n<h4 align=\"justify\">Dies festius<\/h4>\n<p align=\"justify\">Els dies festius s\u00f3n els que estableix el calendari laboral a m\u00e9s d&#8217;incorporar cinc de lliure disposici\u00f3 que ha aprovat el Consell Escolar de Centre. Per a aquest curs 2025-26 s\u00f3n dies festius els seg\u00fcents:<\/p>\n<table style=\"border-collapse: collapse; width: 100.9%; height: 352px;\">\n<tbody>\n<tr style=\"height: 32px;\">\n<td style=\"width: 100%; height: 32px;\"><b>Dijous 11<\/b> de setembre: La Diada<\/td>\n<\/tr>\n<tr style=\"height: 32px;\">\n<td style=\"width: 100%; height: 32px;\"><b>Dimecres 24<\/b> de setembre: LA MERC\u00c8<\/td>\n<\/tr>\n<tr style=\"height: 32px;\">\n<td style=\"width: 100%; height: 32px;\"><strong>Divendres 10<\/strong> d&#8217;octubre de 2025: Lliure Disposici\u00f3 * Aprovat pel Consell Escolar<\/td>\n<\/tr>\n<tr style=\"height: 32px;\">\n<td style=\"width: 100%; height: 32px;\"><strong>Dilluns 3 <\/strong>de novembre de 2025: Tots Sants<\/td>\n<\/tr>\n<tr style=\"height: 32px;\">\n<td style=\"width: 100%; height: 32px;\"><b>Dilluns 8<\/b> de desembre de 2025: Dia de la Immaculada<\/td>\n<\/tr>\n<tr style=\"height: 32px;\">\n<td style=\"width: 100%; height: 32px;\"><strong>Dilluns 16<\/strong> de febrer de 2026: Lliure Disposici\u00f3 * Aprovat pel consell Escolar<\/td>\n<\/tr>\n<tr style=\"height: 32px;\">\n<td style=\"width: 100%; height: 32px;\"><b>Divendres 1<\/b> de maig de 2026: Dia Internacional dels treballadors i les treballadores<\/td>\n<\/tr>\n<tr style=\"height: 32px;\">\n<td style=\"width: 100%; height: 32px;\"><strong>Dilluns 25 <\/strong>de maig de 2026: 2a. Pasqua<\/td>\n<\/tr>\n<tr style=\"height: 32px;\">\n<td style=\"width: 100%; height: 32px;\"><strong>Dimarts 26<\/strong> de maig de 2026: Lliure Disposici\u00f3 * Aprovat pel Consell Escolar<\/td>\n<\/tr>\n<\/tbody>\n<\/table>\n<h4>Dies de vacances<\/h4>\n<table style=\"border-collapse: collapse; width: 100%; height: 96px;\">\n<tbody>\n<tr style=\"height: 32px;\">\n<td style=\"width: 100%; height: 32px;\"><strong>Nadal<\/strong>: del 20 de desembre de 2025 al 7 de gener de 2026, ambd\u00f3s inclosos.<\/td>\n<\/tr>\n<tr style=\"height: 32px;\">\n<td style=\"width: 100%; height: 32px;\"><strong>Setman Santa<\/strong>: del 28 de mar\u00e7 al 6 d&#8217;abril de 2026, ambd\u00f3s inclosos.<\/td>\n<\/tr>\n<tr style=\"height: 32px;\">\n<td style=\"width: 100%; height: 32px;\"><strong>Estiu: <\/strong>a partir del 20 de juny de 2026<\/td>\n<\/tr>\n<\/tbody>\n<\/table>\n<p>&nbsp;<\/p>\n","protected":false},"excerpt":{"rendered":"<p>El curs escolar 2023-24 comen\u00e7a el dilluns, 6 de setembre de 2023 i acaba el dijous 21de juny de 2024.<br \/>\nDies festius<br \/>\nEls dies festius s\u00f3n els que estableix el calendari laboral a m\u00e9s d&#8217;incorporar cinc de lliure disposici\u00f3 que ha aprovat el Consell Escolar de Centre.&hellip;  <a href=\"https:\/\/agora.xtec.cat\/ceipmtrespins\/curs-escolar\/calendari-del-curs\/\" title=\"Read Calendari del curs\">Llegeix m\u00e9s\u00bb<\/a><\/p>\n","protected":false},"author":1,"featured_media":0,"parent":505,"menu_order":1,"comment_status":"closed","ping_status":"closed","template":"page-templates\/side-menu.php","meta":{"_bbp_topic_count":0,"_bbp_reply_count":0,"_bbp_total_topic_count":0,"_bbp_total_reply_count":0,"_bbp_voice_count":0,"_bbp_anonymous_reply_count":0,"_bbp_topic_count_hidden":0,"_bbp_reply_count_hidden":0,"_bbp_forum_subforum_count":0,"footnotes":""},"class_list":["post-32","page","type-page","status-publish","hentry"],"post_mailing_queue_ids":[],"_links":{"self":[{"href":"https:\/\/agora.xtec.cat\/ceipmtrespins\/wp-json\/wp\/v2\/pages\/32","targetHints":{"allow":["GET"]}}],"collection":[{"href":"https:\/\/agora.xtec.cat\/ceipmtrespins\/wp-json\/wp\/v2\/pages"}],"about":[{"href":"https:\/\/agora.xtec.cat\/ceipmtrespins\/wp-json\/wp\/v2\/types\/page"}],"author":[{"embeddable":true,"href":"https:\/\/agora.xtec.cat\/ceipmtrespins\/wp-json\/wp\/v2\/users\/1"}],"replies":[{"embeddable":true,"href":"https:\/\/agora.xtec.cat\/ceipmtrespins\/wp-json\/wp\/v2\/comments?post=32"}],"version-history":[{"count":6,"href":"https:\/\/agora.xtec.cat\/ceipmtrespins\/wp-json\/wp\/v2\/pages\/32\/revisions"}],"predecessor-version":[{"id":3300,"href":"https:\/\/agora.xtec.cat\/ceipmtrespins\/wp-json\/wp\/v2\/pages\/32\/revisions\/3300"}],"up":[{"embeddable":true,"href":"https:\/\/agora.xtec.cat\/ceipmtrespins\/wp-json\/wp\/v2\/pages\/505"}],"wp:attachment":[{"href":"https:\/\/agora.xtec.cat\/ceipmtrespins\/wp-json\/wp\/v2\/media?parent=32"}],"curies":[{"name":"wp","href":"https:\/\/api.w.org\/{rel}","templated":true}]}}