{"id":22,"date":"2014-09-18T12:19:57","date_gmt":"2014-09-18T11:19:57","guid":{"rendered":"http:\/\/agora.xtec.cat\/ceipmtrespins\/?page_id=22"},"modified":"2023-01-09T09:50:01","modified_gmt":"2023-01-09T08:50:01","slug":"lescola","status":"publish","type":"page","link":"https:\/\/agora.xtec.cat\/ceipmtrespins\/lescola\/","title":{"rendered":"L&#8217;escola"},"content":{"rendered":"<p align=\"justify\">\r\n\t<div class=\"slideshow_container slideshow_container_style-light\" style=\"height: 300px; \" data-slideshow-id=\"864\" data-style-name=\"style-light\" data-style-version=\"2.3.1\" >\r\n\r\n\t\t\t\t\t<div class=\"slideshow_loading_icon\"><\/div>\r\n\t\t\r\n\t\t<div class=\"slideshow_content\" style=\"display: none;\">\r\n\r\n\t\t\t<div class=\"slideshow_view\">\r\n\t\t\t\t<div class=\"slideshow_slide slideshow_slide_image\">\r\n\t\t\t\t\t\t\t\t\t\t\t<img src=\"https:\/\/agora.xtec.cat\/ceipmtrespins\/wp-content\/uploads\/usu2097\/2014\/09\/joan_turu.png\" alt=\"joan_turu\" width=\"640\" height=\"218\" \/>\r\n\t\t\t\t\t\t\t\t\t\t<div class=\"slideshow_description_box slideshow_transparent\">\r\n\t\t\t\t\t\t<div class=\"slideshow_title\">joan_turu<\/div>\t\t\t\t\t\t\t\t\t\t\t<\/div>\r\n\t\t\t\t<\/div>\r\n\r\n\t\t\t\t\t\t<div style=\"clear: both;\"><\/div><\/div><div class=\"slideshow_view\">\r\n\t\t\t\t<div class=\"slideshow_slide slideshow_slide_image\">\r\n\t\t\t\t\t\t\t\t\t\t\t<img src=\"https:\/\/agora.xtec.cat\/ceipmtrespins\/wp-content\/uploads\/usu2097\/2014\/09\/screeshot.png\" alt=\"screeshot\" width=\"524\" height=\"392\" \/>\r\n\t\t\t\t\t\t\t\t\t\t<div class=\"slideshow_description_box slideshow_transparent\">\r\n\t\t\t\t\t\t<div class=\"slideshow_title\">screeshot<\/div>\t\t\t\t\t\t\t\t\t\t\t<\/div>\r\n\t\t\t\t<\/div>\r\n\r\n\t\t\t\t\t\t<div style=\"clear: both;\"><\/div><\/div><div class=\"slideshow_view\">\r\n\t\t\t\t<div class=\"slideshow_slide slideshow_slide_image\">\r\n\t\t\t\t\t\t\t\t\t\t\t<img src=\"https:\/\/agora.xtec.cat\/ceipmtrespins\/wp-content\/uploads\/usu2097\/2014\/09\/Photo-by-Nick-Amoscato.jpg\" alt=\"Photo by Nick Amoscato\" width=\"638\" height=\"215\" \/>\r\n\t\t\t\t\t\t\t\t\t\t<div class=\"slideshow_description_box slideshow_transparent\">\r\n\t\t\t\t\t\t<div class=\"slideshow_title\">Photo by Nick Amoscato<\/div>\t\t\t\t\t\t\t\t\t\t\t<\/div>\r\n\t\t\t\t<\/div>\r\n\r\n\t\t\t\t\t\t<div style=\"clear: both;\"><\/div><\/div>\r\n\t\t<\/div>\r\n\r\n\t\t<div class=\"slideshow_controlPanel slideshow_transparent\" style=\"display: none;\"><ul><li class=\"slideshow_togglePlay\" data-play-text=\"Visualitza\" data-pause-text=\"Pausa\"><\/li><\/ul><\/div>\r\n\r\n\t\t<div class=\"slideshow_button slideshow_previous slideshow_transparent\" role=\"button\" data-previous-text=\"Anterior\" style=\"display: none;\"><\/div>\r\n\t\t<div class=\"slideshow_button slideshow_next slideshow_transparent\" role=\"button\" data-next-text=\"Seg\u00fcent\" style=\"display: none;\"><\/div>\r\n\r\n\t\t<div class=\"slideshow_pagination\" style=\"display: none;\" data-go-to-text=\"V\u00e9s a la diapositiva\"><div class=\"slideshow_pagination_center\"><\/div><\/div>\r\n\r\n\t\t<!-- WordPress Slideshow Version 2.3.1 -->\r\n\r\n\t\t\t<\/div>\r\n\r\n<\/p>\n<p align=\"justify\">L&#8217;Escola Municipal\u00a0<strong>TRES PINS<\/strong> \u00e9s una escola p\u00fablica municipal, integrada en el &#8220;Consorci d&#8217;Educaci\u00f3 de Barcelona&#8221;, on s&#8217;imparteixen les etapes d&#8217;educaci\u00f3 infantil i prim\u00e0ria, \u00e9s a dir, els infants s\u00f3n aqu\u00ed des dels 3 fins els 12 anys.<\/p>\n<p align=\"justify\">Ens definim com a escola inclusiva, catalana i laica que valora la participaci\u00f3 de tots els sectors que la formem i que fomenta els valors democr\u00e0tics, de civisme, de conviv\u00e8ncia, de responsabilitat, d&#8217;esfor\u00e7, de respecte i que treballa per a evitar qualsevol tipus de discriminaci\u00f3. La nostra escola est\u00e0 formada per un col\u00b7lectiu de mestres que treballem en equip per a desenvolupar la nostra feina. El nostre prop\u00f2sit \u00e9s que tot l&#8217;alumnat formi part d&#8217;un projecte en el qu\u00e8 es sentin acollits i estimulats i puguin cr\u00e9ixer, aprendre i formar-se en un ambient favorable. Per a que aix\u00f2 sigui possible cal, i conv\u00e9, la col\u00b7laboraci\u00f3 de tothom, cadasc\u00fa des del seu lloc i la seva responsabilitat, animats per l&#8217;assoliment d&#8217;aquests objectius.<\/p>\n<p align=\"justify\">Treballem cada dia, en els diferents moments de la jornada escolar, per a assolir un centre de qualitat que ofereixi a l&#8217;alumnat una formaci\u00f3 rica en l&#8217;aspecte acad\u00e8mic i en l&#8217;hum\u00e0. Igualment volem desenvolupar tots els aspectes de la seva personalitat, com alumnat i com a ciutadans, que adquireixin uns bons h\u00e0bits i unes t\u00e8cniques de treball apropiades per a poder accedir a les seg\u00fcents etapes educatives amb garanties i que, al mateix temps, gaudeixin del que l&#8217;entorn natural, social i cultural ens ofereix. Tot aix\u00f2 respectant les difer\u00e8ncies individuals i les caracter\u00edstiques particulars.<\/p>\n<p align=\"justify\">Un del aspectes que singularitzen la nostra escola \u00e9s el treball amb alumnat sord. A la major part de les classes, juntament amb la resta d&#8217;infants o\u00efdors, hi ha un grup d&#8217;alumnes sords que comparteixen l&#8217;aula, les activitats i el treball de cada dia. S\u00f3n atesos per personal especialitzat, els i les MALLS i logopedes assignades pel CREDAC Pere Barnils, que actuen com a docents referents de l&#8217;agrupament, coordinant el seu treball amb la mestra o mestre tutor de la classe.<\/p>\n<p align=\"justify\">La intervenci\u00f3 educativa amb l&#8217;alumnat sord es realitza en modalitat biling\u00fce: llengua de signes catalana (LSC) &#8211; llengua oral escrita i parlada. La llengua de signes garanteix la comunicaci\u00f3 primerenca, l&#8217;adquisici\u00f3 de llenguatge de manera cronol\u00f2gicament normalitzada i l&#8217;acc\u00e9s a la informaci\u00f3 i al curr\u00edculum. La LSC est\u00e0 present a l&#8217;aula ordin\u00e0ria mitjan\u00e7ant la traducci\u00f3-interpretaci\u00f3 del logopeda referent de l&#8217;agrupament.<\/p>\n<p align=\"justify\">L&#8217;ensenyament espec\u00edfic de la LSC per l&#8217;alumnat sords es realitza en petit grup d&#8217;infants sords, a c\u00e0rrec d&#8217;una logopeda del CREDAC. En el nostre cas \u00e9s una mestra sorda.<\/p>\n","protected":false},"excerpt":{"rendered":"<p>\t\t\t\t\t\tjoan_turu\t\t\t\t\t\t\t\t\t\t\t<\/p>\n<p>\t\t\t\t\t\tscreeshot\t\t\t\t\t\t\t\t\t\t\t<\/p>\n<p>\t\t\t\t\t\tPhoto by Nick Amoscato\t\t\t\t\t\t\t\t\t\t\t<\/p>\n<ul>\n<li class=\"slideshow_togglePlay\" data-play-text=\"Visualitza\" data-pause-text=\"Pausa\"><\/li>\n<\/ul>\n<p>L&#8217;Escola Municipal\u00a0TRES PINS \u00e9s una escola p\u00fablica municipal, integrada en el &#8220;Consorci d&#8217;Educaci\u00f3 de Barcelona&#8221;, on s&#8217;imparteixen les etapes d&#8217;educaci\u00f3 infantil i prim\u00e0ria, \u00e9s a dir, els infants s\u00f3n aqu\u00ed des dels 3 fins els 12 anys.<br \/>\nEns definim com&hellip;  <a href=\"https:\/\/agora.xtec.cat\/ceipmtrespins\/lescola\/\" title=\"Read L&#8217;escola\">Llegeix m\u00e9s\u00bb<\/a><\/p>\n","protected":false},"author":1,"featured_media":0,"parent":0,"menu_order":0,"comment_status":"closed","ping_status":"closed","template":"page-templates\/side-menu.php","meta":{"_bbp_topic_count":0,"_bbp_reply_count":0,"_bbp_total_topic_count":0,"_bbp_total_reply_count":0,"_bbp_voice_count":0,"_bbp_anonymous_reply_count":0,"_bbp_topic_count_hidden":0,"_bbp_reply_count_hidden":0,"_bbp_forum_subforum_count":0,"footnotes":""},"class_list":["post-22","page","type-page","status-publish","hentry"],"post_mailing_queue_ids":[],"_links":{"self":[{"href":"https:\/\/agora.xtec.cat\/ceipmtrespins\/wp-json\/wp\/v2\/pages\/22","targetHints":{"allow":["GET"]}}],"collection":[{"href":"https:\/\/agora.xtec.cat\/ceipmtrespins\/wp-json\/wp\/v2\/pages"}],"about":[{"href":"https:\/\/agora.xtec.cat\/ceipmtrespins\/wp-json\/wp\/v2\/types\/page"}],"author":[{"embeddable":true,"href":"https:\/\/agora.xtec.cat\/ceipmtrespins\/wp-json\/wp\/v2\/users\/1"}],"replies":[{"embeddable":true,"href":"https:\/\/agora.xtec.cat\/ceipmtrespins\/wp-json\/wp\/v2\/comments?post=22"}],"version-history":[{"count":3,"href":"https:\/\/agora.xtec.cat\/ceipmtrespins\/wp-json\/wp\/v2\/pages\/22\/revisions"}],"predecessor-version":[{"id":865,"href":"https:\/\/agora.xtec.cat\/ceipmtrespins\/wp-json\/wp\/v2\/pages\/22\/revisions\/865"}],"wp:attachment":[{"href":"https:\/\/agora.xtec.cat\/ceipmtrespins\/wp-json\/wp\/v2\/media?parent=22"}],"curies":[{"name":"wp","href":"https:\/\/api.w.org\/{rel}","templated":true}]}}