{"id":1976,"date":"2023-02-15T11:58:52","date_gmt":"2023-02-15T10:58:52","guid":{"rendered":"https:\/\/agora.xtec.cat\/ceipmtrespins\/?page_id=1976"},"modified":"2023-02-15T12:15:27","modified_gmt":"2023-02-15T11:15:27","slug":"activitats-espai-migdia","status":"publish","type":"page","link":"https:\/\/agora.xtec.cat\/ceipmtrespins\/serveis\/activitats-espai-migdia\/","title":{"rendered":"Activitats espai migdia"},"content":{"rendered":"<p>Informaci\u00f3 detallada del contingut dels tallers:<\/p>\n<p>&nbsp;<\/p>\n<p style=\"text-align: center;\"><strong>CONTE<\/strong><\/p>\n<p style=\"text-align: center;\">Els nens i les nenes gaudiran d&#8217;una estona de conte a la setmana on treballaran l\u2019atenci\u00f3 auditiva i<br \/>\nvisual. S&#8217;explicaran diferents contes durant el curs i faran una activitat l\u00fadica relacionada amb el<br \/>\nconte.<\/p>\n<p style=\"text-align: center;\"><strong>JOCS DIRIGITS<\/strong><\/p>\n<p style=\"text-align: center;\">En jocs dirigits podran jugar a diversos jocs on aprendran les normes dels jocs, comen\u00e7aran a<br \/>\nseguir-ne les regles, a perfeccionar la motricitat, etc.<br \/>\nEls m\u00e9s grans treballaran la cohesi\u00f3 de grup, el treball en equip aix\u00ed com a acceptar les regles del<br \/>\njoc, saber perdre&#8230; i sobretot que gaudeixin jugant a altres jocs.<\/p>\n<p style=\"text-align: center;\"><strong>MANUALITATS<\/strong><\/p>\n<p style=\"text-align: center;\">Durant aquests tallers, els nenes i les nenes faran manualitats relacionades amb les estacions de<br \/>\nl\u2019any i algunes festivitats com ara Sant Jordi i Carnestoltes, amb les quals guarniran els<br \/>\npassadissos i el vest\u00edbul de l\u2019escola.<\/p>\n<p style=\"text-align: center;\"><strong>EXPRESSI\u00d3 CORPORAL<\/strong><\/p>\n<p style=\"text-align: center;\">En aquest taller els infants desenvoluparan la part comunicativa per mitj\u00e0 del cos. Prendran<br \/>\nconsci\u00e8ncia de que tot i que la paraula \u00e9s l\u2019eina m\u00e9s utilitzada, la postura i el moviment del cos<br \/>\ntamb\u00e9 tenen molt a dir.<\/p>\n<p style=\"text-align: center;\"><strong>PINTA, DIBUIXA I RELAXA\u2019T!<\/strong><\/p>\n<p style=\"text-align: center;\">En aquest taller els nens i les nenes dedicaran una estona a dibuixar i\/o a pintar amb m\u00fasica de<br \/>\nfons relaxada, per que hi hagi un ambient tranquil en el qu\u00e8 puguin gaudir colorejant i expressant<br \/>\nper mitj\u00e0 del dibuix i els colors.<\/p>\n<p style=\"text-align: center;\"><strong>CASETA DEL SORRAL<\/strong><\/p>\n<p style=\"text-align: center;\">La caseta del sorral \u00e9s un espai de sorra que esta al pati d\u2019abaix on hi ha una caseta\/cabana de<br \/>\nfusta i que als nens i nenes els hi agrada estar-hi, aix\u00ed quededicarem una estona a aquest espai.<\/p>\n<p style=\"text-align: center;\"><strong>ESTUDI<\/strong><\/p>\n<p style=\"text-align: center;\">Els divendres, els nens i nenes de Cicle Superior, el destinaran a fer els deures per tal de tenir el<br \/>\ncap de setmana lliure. Podran preguntar dubtes als companys i companyes i estar\u00e0 el monitor\/a<br \/>\nper ajudar-los si els hi cal.<\/p>\n<p style=\"text-align: center;\"><strong>CAMPIONAT<\/strong><\/p>\n<p style=\"text-align: center;\">Dedicarem un dia a la setmana a fer un campionat de dos esports diferents al trimestre.<br \/>\n\u00c9s una manera de qu\u00e8 els nens i nenes estiguin motivades, s\u2019ho passin b\u00e9 i facin equip. Tot aix\u00f2<br \/>\ntenint en compte que s\u2019han de seguir certes normes per tal de garantir un campionat pac\u00edfic, en el<br \/>\nqu\u00e8 ajudar\u00e0 a treballar el respecte, l\u2019actitud i el companyerisme.<\/p>\n<p style=\"text-align: center;\"><strong>PATI LLIURE<\/strong><\/p>\n<p style=\"text-align: center;\">Un dia destinat a la lliure elecci\u00f3 del joc.<\/p>\n<p style=\"text-align: center;\">OBSERVACIONS: Els tallers podran variar de dies segons les necessitats del grup.<br \/>\nAquests tallers s\u00f3n rotatius, \u00e9s a dir, cada grup passa per un taller\/espai els dilluns.<\/p>\n<p><a href=\"https:\/\/agora.xtec.cat\/ceipmtrespins\/wp-content\/uploads\/usu2097\/2023\/02\/2023-02-15-12_00_36-tallers-22-23.png\"><img loading=\"lazy\" decoding=\"async\" class=\"size-full wp-image-1984 aligncenter\" src=\"https:\/\/agora.xtec.cat\/ceipmtrespins\/wp-content\/uploads\/usu2097\/2023\/02\/2023-02-15-12_00_36-tallers-22-23.png\" alt=\"\" width=\"468\" height=\"591\" srcset=\"https:\/\/agora.xtec.cat\/ceipmtrespins\/wp-content\/uploads\/usu2097\/2023\/02\/2023-02-15-12_00_36-tallers-22-23.png 468w, https:\/\/agora.xtec.cat\/ceipmtrespins\/wp-content\/uploads\/usu2097\/2023\/02\/2023-02-15-12_00_36-tallers-22-23-238x300.png 238w\" sizes=\"auto, (max-width: 468px) 100vw, 468px\" \/><\/a><\/p>\n","protected":false},"excerpt":{"rendered":"<p>Informaci\u00f3 detallada del contingut dels tallers:<br \/>\n&nbsp;<br \/>\nCONTE<br \/>\nEls nens i les nenes gaudiran d&#8217;una estona de conte a la setmana on treballaran l\u2019atenci\u00f3 auditiva i<br \/>\nvisual. S&#8217;explicaran diferents contes durant el curs i faran una activitat l\u00fadica relacionada amb el<br \/>\nconte.<br \/>\nJOCS DIRIGITS<br \/>\nEn jocs dirigits podran jugar a diversos jocs&hellip;  <a href=\"https:\/\/agora.xtec.cat\/ceipmtrespins\/serveis\/activitats-espai-migdia\/\" title=\"Read Activitats espai migdia\">Llegeix m\u00e9s\u00bb<\/a><\/p>\n","protected":false},"author":1,"featured_media":0,"parent":66,"menu_order":0,"comment_status":"closed","ping_status":"closed","template":"page-templates\/side-menu.php","meta":{"_bbp_topic_count":0,"_bbp_reply_count":0,"_bbp_total_topic_count":0,"_bbp_total_reply_count":0,"_bbp_voice_count":0,"_bbp_anonymous_reply_count":0,"_bbp_topic_count_hidden":0,"_bbp_reply_count_hidden":0,"_bbp_forum_subforum_count":0,"footnotes":""},"class_list":["post-1976","page","type-page","status-publish","hentry"],"post_mailing_queue_ids":[],"_links":{"self":[{"href":"https:\/\/agora.xtec.cat\/ceipmtrespins\/wp-json\/wp\/v2\/pages\/1976","targetHints":{"allow":["GET"]}}],"collection":[{"href":"https:\/\/agora.xtec.cat\/ceipmtrespins\/wp-json\/wp\/v2\/pages"}],"about":[{"href":"https:\/\/agora.xtec.cat\/ceipmtrespins\/wp-json\/wp\/v2\/types\/page"}],"author":[{"embeddable":true,"href":"https:\/\/agora.xtec.cat\/ceipmtrespins\/wp-json\/wp\/v2\/users\/1"}],"replies":[{"embeddable":true,"href":"https:\/\/agora.xtec.cat\/ceipmtrespins\/wp-json\/wp\/v2\/comments?post=1976"}],"version-history":[{"count":3,"href":"https:\/\/agora.xtec.cat\/ceipmtrespins\/wp-json\/wp\/v2\/pages\/1976\/revisions"}],"predecessor-version":[{"id":1986,"href":"https:\/\/agora.xtec.cat\/ceipmtrespins\/wp-json\/wp\/v2\/pages\/1976\/revisions\/1986"}],"up":[{"embeddable":true,"href":"https:\/\/agora.xtec.cat\/ceipmtrespins\/wp-json\/wp\/v2\/pages\/66"}],"wp:attachment":[{"href":"https:\/\/agora.xtec.cat\/ceipmtrespins\/wp-json\/wp\/v2\/media?parent=1976"}],"curies":[{"name":"wp","href":"https:\/\/api.w.org\/{rel}","templated":true}]}}