{"id":1147,"date":"2022-11-24T12:47:59","date_gmt":"2022-11-24T11:47:59","guid":{"rendered":"https:\/\/agora.xtec.cat\/ceipmtrespins\/?page_id=1147"},"modified":"2022-12-15T16:24:35","modified_gmt":"2022-12-15T15:24:35","slug":"on-som","status":"publish","type":"page","link":"https:\/\/agora.xtec.cat\/ceipmtrespins\/lescola\/on-som\/","title":{"rendered":"On som"},"content":{"rendered":"<p>L&#8217;escola\u00a0<strong>TRES PINS<\/strong> est\u00e0 situada en el cor del parc de Montju\u00efc envoltada de natura, a prop de l&#8217;estadi Ol\u00edmpic i davant de la fundaci\u00f3 Mir\u00f3.<\/p>\n<p style=\"color: #666666;\"><strong>Escola Municipal Tres Pins<\/strong><br \/>\nCarrer dels Tres Pins, 28<br \/>\n08038 Barcelona<\/p>\n<p>Tel. 93 423 92 10<br \/>\na8041970@xtec.cat<\/p>\n<div style=\"width: 100%;\">\n<p><iframe loading=\"lazy\" src=\"https:\/\/maps.google.com\/maps?width=100%25&amp;height=600&amp;hl=es&amp;q=Carrer%20dels%20tres%20pins%2028,%20barcelona+(Escola%20Tres%20Pins)&amp;t=&amp;z=16&amp;ie=UTF8&amp;iwloc=B&amp;output=embed\" width=\"100%\" height=\"600\" frameborder=\"0\" data-mce-fragment=\"1\"><\/iframe><\/p>\n<p><strong>COM ARRIBAR-HI\u00a0 \ud83d\ude8f<\/strong><\/p>\n<p><strong>Metro \ud83d\ude87 i Funicular \ud83d\ude8e<\/strong><\/p>\n<p>L3 Paral\u00b7lel i enlla\u00e7 amb funicular de Montju\u00efc<\/p>\n<p>L1 i L3 Pla\u00e7a Espanya i enlla\u00e7 amb bus 13 i 150<\/p>\n<p><strong>Bus \ud83d\ude8c<\/strong><\/p>\n<p>L\u00ednies 13, 55 i 150<\/p>\n<p><strong>FGC \ud83d\ude8a <\/strong><\/p>\n<p>Pla\u00e7a Espanya i enlla\u00e7 amb bus 13 i 150<\/p>\n<p>&nbsp;<\/p>\n<\/div>\n","protected":false},"excerpt":{"rendered":"<p>L&#8217;escola\u00a0TRES PINS est\u00e0 situada en el cor del parc de Montju\u00efc envoltada de natura, a prop de l&#8217;estadi Ol\u00edmpic i davant de la fundaci\u00f3 Mir\u00f3.<br \/>\nEscola Municipal Tres Pins<br \/>\nCarrer dels Tres Pins, 28<br \/>\n08038 Barcelona<br \/>\nTel. 93 423 92 10<br \/>\na8041970@xtec.cat<\/p>\n<p>COM ARRIBAR-HI\u00a0 \ud83d\ude8f<br \/>\nMetro \ud83d\ude87 i Funicular \ud83d\ude8e<br \/>\nL3 Paral\u00b7lel i&hellip;  <a href=\"https:\/\/agora.xtec.cat\/ceipmtrespins\/lescola\/on-som\/\" title=\"Read On som\">Llegeix m\u00e9s\u00bb<\/a><\/p>\n","protected":false},"author":1,"featured_media":0,"parent":22,"menu_order":0,"comment_status":"closed","ping_status":"closed","template":"page-templates\/side-menu.php","meta":{"_bbp_topic_count":0,"_bbp_reply_count":0,"_bbp_total_topic_count":0,"_bbp_total_reply_count":0,"_bbp_voice_count":0,"_bbp_anonymous_reply_count":0,"_bbp_topic_count_hidden":0,"_bbp_reply_count_hidden":0,"_bbp_forum_subforum_count":0,"footnotes":""},"class_list":["post-1147","page","type-page","status-publish","hentry"],"post_mailing_queue_ids":[],"_links":{"self":[{"href":"https:\/\/agora.xtec.cat\/ceipmtrespins\/wp-json\/wp\/v2\/pages\/1147","targetHints":{"allow":["GET"]}}],"collection":[{"href":"https:\/\/agora.xtec.cat\/ceipmtrespins\/wp-json\/wp\/v2\/pages"}],"about":[{"href":"https:\/\/agora.xtec.cat\/ceipmtrespins\/wp-json\/wp\/v2\/types\/page"}],"author":[{"embeddable":true,"href":"https:\/\/agora.xtec.cat\/ceipmtrespins\/wp-json\/wp\/v2\/users\/1"}],"replies":[{"embeddable":true,"href":"https:\/\/agora.xtec.cat\/ceipmtrespins\/wp-json\/wp\/v2\/comments?post=1147"}],"version-history":[{"count":3,"href":"https:\/\/agora.xtec.cat\/ceipmtrespins\/wp-json\/wp\/v2\/pages\/1147\/revisions"}],"predecessor-version":[{"id":1612,"href":"https:\/\/agora.xtec.cat\/ceipmtrespins\/wp-json\/wp\/v2\/pages\/1147\/revisions\/1612"}],"up":[{"embeddable":true,"href":"https:\/\/agora.xtec.cat\/ceipmtrespins\/wp-json\/wp\/v2\/pages\/22"}],"wp:attachment":[{"href":"https:\/\/agora.xtec.cat\/ceipmtrespins\/wp-json\/wp\/v2\/media?parent=1147"}],"curies":[{"name":"wp","href":"https:\/\/api.w.org\/{rel}","templated":true}]}}