{"id":6590,"date":"2019-03-10T21:21:08","date_gmt":"2019-03-10T20:21:08","guid":{"rendered":"http:\/\/agora.xtec.cat\/ceipmowgli\/?page_id=6590"},"modified":"2022-02-01T19:28:11","modified_gmt":"2022-02-01T18:28:11","slug":"projecte-linguistic","status":"publish","type":"page","link":"https:\/\/agora.xtec.cat\/ceipmowgli\/projectes\/projecte-linguistic\/","title":{"rendered":"Projecte Educatiu i Projecte ling\u00fc\u00edstic"},"content":{"rendered":"<p><a href=\"https:\/\/drive.google.com\/open?id=1nLRu5TQXTcAvyh1KM9tm-Rbah01zScSA\">Projecte Educatiu (clica aqu\u00ed per veure el document)<\/a><\/p>\n<p><a href=\"https:\/\/drive.google.com\/file\/d\/1g4e8B8QsQ4wCwjexh8rdo1G28vmxqH8o\/view?usp=sharing\">Projecte ling\u00fc\u00edstic 2019 (clica aqu\u00ed per veure el document)<\/a><\/p>\n","protected":false},"excerpt":{"rendered":"<p><a href=\"https:\/\/drive.google.com\/open?id=1nLRu5TQXTcAvyh1KM9tm-Rbah01zScSA\">Projecte Educatiu (clica aqu\u00ed per veure el document)<\/a><br \/>\n<a href=\"https:\/\/drive.google.com\/file\/d\/1g4e8B8QsQ4wCwjexh8rdo1G28vmxqH8o\/view?usp=sharing\">Projecte ling\u00fc\u00edstic 2019 (clica aqu\u00ed per veure el document)<\/a><\/p>\n","protected":false},"author":1,"featured_media":0,"parent":3969,"menu_order":0,"comment_status":"closed","ping_status":"closed","template":"","meta":{"_bbp_topic_count":0,"_bbp_reply_count":0,"_bbp_total_topic_count":0,"_bbp_total_reply_count":0,"_bbp_voice_count":0,"_bbp_anonymous_reply_count":0,"_bbp_topic_count_hidden":0,"_bbp_reply_count_hidden":0,"_bbp_forum_subforum_count":0,"footnotes":""},"class_list":["post-6590","page","type-page","status-publish","hentry"],"post_mailing_queue_ids":[],"_links":{"self":[{"href":"https:\/\/agora.xtec.cat\/ceipmowgli\/wp-json\/wp\/v2\/pages\/6590","targetHints":{"allow":["GET"]}}],"collection":[{"href":"https:\/\/agora.xtec.cat\/ceipmowgli\/wp-json\/wp\/v2\/pages"}],"about":[{"href":"https:\/\/agora.xtec.cat\/ceipmowgli\/wp-json\/wp\/v2\/types\/page"}],"author":[{"embeddable":true,"href":"https:\/\/agora.xtec.cat\/ceipmowgli\/wp-json\/wp\/v2\/users\/1"}],"replies":[{"embeddable":true,"href":"https:\/\/agora.xtec.cat\/ceipmowgli\/wp-json\/wp\/v2\/comments?post=6590"}],"version-history":[{"count":4,"href":"https:\/\/agora.xtec.cat\/ceipmowgli\/wp-json\/wp\/v2\/pages\/6590\/revisions"}],"predecessor-version":[{"id":7658,"href":"https:\/\/agora.xtec.cat\/ceipmowgli\/wp-json\/wp\/v2\/pages\/6590\/revisions\/7658"}],"up":[{"embeddable":true,"href":"https:\/\/agora.xtec.cat\/ceipmowgli\/wp-json\/wp\/v2\/pages\/3969"}],"wp:attachment":[{"href":"https:\/\/agora.xtec.cat\/ceipmowgli\/wp-json\/wp\/v2\/media?parent=6590"}],"curies":[{"name":"wp","href":"https:\/\/api.w.org\/{rel}","templated":true}]}}