{"id":3981,"date":"2016-07-28T16:55:45","date_gmt":"2016-07-28T14:55:45","guid":{"rendered":"http:\/\/agora.xtec.cat\/ceipmowgli\/?page_id=3981"},"modified":"2016-08-02T21:31:31","modified_gmt":"2016-08-02T19:31:31","slug":"competencies-i-habilitats-socials","status":"publish","type":"page","link":"https:\/\/agora.xtec.cat\/ceipmowgli\/projectes\/competencies-i-habilitats-socials\/","title":{"rendered":"Compet\u00e8ncies i Habilitats socials"},"content":{"rendered":"<p>Els professors ens plantegem en el treball del dia a dia amb els nostres alumnes com arribar a aconseguir que assoleixin els continguts necessaris perqu\u00e8 tinguin un bon nivell intel\u00b7lectual i siguin millors com a persones. Moltes vegades, per\u00f2, ens trobem en situacions tant de desmotivaci\u00f3, com de dificultats d\u2019organitzaci\u00f3 i d\u2019aprenentatge, d\u2019agressivitat, manca de respecte, massa impulsivitat, manca d\u2019autocontrol, ansietat o poc respecte a les normes de conviv\u00e8ncia.<\/p>\n<p>Com a Claustre creiem que \u00e9s necessari posar en marxa un treball sistem\u00e0tic, unitari i progressiu perqu\u00e8 l\u2019alumnat aprengui a buscar solucions adequades als seus problemes interpersonals tant amb els altres nens i nenes com amb els pares i adults en general. El Claustre proposa un treball sobre les habilitats socials que pret\u00e9n entrenar i a la vegada ajudar els nens i nenes a estructurar-se mentalment, a raonar i a expressar d\u2019una manera correcta el que cadasc\u00fa pensa. I no solament va dirigit a canviar i a ajudar en la formaci\u00f3 de la relaci\u00f3 entre ells sin\u00f3 tamb\u00e9 els ajudar\u00e0 en el treball diari, en la distribuci\u00f3 de la feina, en les t\u00e8cniques d\u2019estudi i en l\u2019estructuraci\u00f3 mental per atendre qualsevol dificultat.<\/p>\n<p>L\u2019objectiu no \u00e9s educar en la competitivitat sin\u00f3 fer persones competents que puguin viure en la societat i relacionar-se amb els altres:<\/p>\n<ul>\n<li>centrar l\u2019atenci\u00f3 dels alumnes per tal que siguin capa\u00e7os de treballar sols.<\/li>\n<li>aprendre a pensar per resoldre conflictes.<\/li>\n<li>aconseguir una relaci\u00f3 interpersonal basada en<span style=\"color: #094098;\"> <strong>l<\/strong><strong>\u2019<\/strong><b>assertivitat<\/b><\/span>.<\/li>\n<\/ul>\n<p>Els resultats despr\u00e9s de posar en funcionament d\u2019una manera seriosa el treball, haur\u00e0 de ser la disminuci\u00f3 de l\u2019agressivitat, la millora en el rendiment acad\u00e8mic i de la conviv\u00e8ncia entre ells.<\/p>\n","protected":false},"excerpt":{"rendered":"<p>Els professors ens plantegem en el treball del dia a dia amb els nostres alumnes com arribar a aconseguir que assoleixin els continguts necessaris perqu\u00e8 tinguin un bon nivell intel\u00b7lectual i siguin millors com a persones. Moltes vegades, per\u00f2, ens trobem en situacions tant de&hellip;  <a href=\"https:\/\/agora.xtec.cat\/ceipmowgli\/projectes\/competencies-i-habilitats-socials\/\" title=\"Read Compet\u00e8ncies i Habilitats socials\">Llegeix m\u00e9s\u00bb<\/a><\/p>\n","protected":false},"author":1,"featured_media":0,"parent":3969,"menu_order":4,"comment_status":"closed","ping_status":"closed","template":"page-templates\/side-menu.php","meta":{"_bbp_topic_count":0,"_bbp_reply_count":0,"_bbp_total_topic_count":0,"_bbp_total_reply_count":0,"_bbp_voice_count":0,"_bbp_anonymous_reply_count":0,"_bbp_topic_count_hidden":0,"_bbp_reply_count_hidden":0,"_bbp_forum_subforum_count":0,"footnotes":""},"class_list":["post-3981","page","type-page","status-publish","hentry"],"post_mailing_queue_ids":[],"_links":{"self":[{"href":"https:\/\/agora.xtec.cat\/ceipmowgli\/wp-json\/wp\/v2\/pages\/3981","targetHints":{"allow":["GET"]}}],"collection":[{"href":"https:\/\/agora.xtec.cat\/ceipmowgli\/wp-json\/wp\/v2\/pages"}],"about":[{"href":"https:\/\/agora.xtec.cat\/ceipmowgli\/wp-json\/wp\/v2\/types\/page"}],"author":[{"embeddable":true,"href":"https:\/\/agora.xtec.cat\/ceipmowgli\/wp-json\/wp\/v2\/users\/1"}],"replies":[{"embeddable":true,"href":"https:\/\/agora.xtec.cat\/ceipmowgli\/wp-json\/wp\/v2\/comments?post=3981"}],"version-history":[{"count":1,"href":"https:\/\/agora.xtec.cat\/ceipmowgli\/wp-json\/wp\/v2\/pages\/3981\/revisions"}],"predecessor-version":[{"id":3982,"href":"https:\/\/agora.xtec.cat\/ceipmowgli\/wp-json\/wp\/v2\/pages\/3981\/revisions\/3982"}],"up":[{"embeddable":true,"href":"https:\/\/agora.xtec.cat\/ceipmowgli\/wp-json\/wp\/v2\/pages\/3969"}],"wp:attachment":[{"href":"https:\/\/agora.xtec.cat\/ceipmowgli\/wp-json\/wp\/v2\/media?parent=3981"}],"curies":[{"name":"wp","href":"https:\/\/api.w.org\/{rel}","templated":true}]}}