{"id":3976,"date":"2016-07-28T16:49:20","date_gmt":"2016-07-28T14:49:20","guid":{"rendered":"http:\/\/agora.xtec.cat\/ceipmowgli\/?page_id=3976"},"modified":"2016-08-02T21:31:39","modified_gmt":"2016-08-02T19:31:39","slug":"projecte-de-reutilitzacio-i-socialitzacio-de-llibres-de-text","status":"publish","type":"page","link":"https:\/\/agora.xtec.cat\/ceipmowgli\/projectes\/projecte-de-reutilitzacio-i-socialitzacio-de-llibres-de-text\/","title":{"rendered":"Projecte de Reutilitzaci\u00f3 i Socialitzaci\u00f3 de llibres de text"},"content":{"rendered":"<p style=\"text-align: justify;\">L&#8217;\u00fas compartit i la reutilitzaci\u00f3 dels llibres de text contribueixen al foment de l&#8217;equitat i fan vius, entre l&#8217;alumnat i les seves fam\u00edlies, valors com ara la coresponsabilitat i la solidaritat. A m\u00e9s, la cura dels llibres i del material did\u00e0ctic d&#8217;\u00fas com\u00fa i la seva conservaci\u00f3 per a una reutilitzaci\u00f3 posterior suposa un estalvi econ\u00f2mic per a les fam\u00edlies i aprofundeix en la idea de societat sostenible.<\/p>\n<p><span style=\"color: #094098;\"><strong>Objectius<\/strong><\/span>:<\/p>\n<p style=\"padding-left: 60px;\"><span style=\"font-family: inherit; font-size: 1em; line-height: 1.6; text-align: justify;\">Reduir significativament la despesa familiar en concepte de llibres de text i material did\u00e0ctic complementari, rendibilitzant els costos.<\/span><\/p>\n<p style=\"padding-left: 60px;\">Introduir d\u2019una manera pr\u00e0ctica en l\u2019educaci\u00f3 dels nens i nenes valors com:<\/p>\n<p style=\"padding-left: 120px;\">el saber compartir,<\/p>\n<p style=\"padding-left: 120px;\">la solidaritat,<\/p>\n<p style=\"padding-left: 120px;\">la igualtat,<\/p>\n<p style=\"padding-left: 120px;\">el respecte al b\u00e9 com\u00fa,<\/p>\n<p style=\"padding-left: 120px;\">la responsabilitat i la cura dels materials comunitaris,<\/p>\n<p style=\"padding-left: 120px;\">la cultura del reciclatge i la reutilitzaci\u00f3 dels recursos,<\/p>\n<p style=\"padding-left: 120px;\">el consum racional i sostenible, i l\u2019estalvi ecol\u00f2gic i econ\u00f2mic.<\/p>\n<p style=\"padding-left: 60px;\">Afavorir la cohesi\u00f3 social i l\u2019equitat educativa, garantint la igualtat d\u2019oportunitats en les condicions d\u2019escolaritzaci\u00f3 a tot l\u2019alumnat.<\/p>\n<p style=\"padding-left: 60px;\">Fomentar la cooperaci\u00f3 i col\u00b7laboraci\u00f3 entre els estaments de la comunitat educativa: alumnat, fam\u00edlies i professorat.<\/p>\n<p style=\"padding-left: 60px;\">Fomentar la solidaritat i la integraci\u00f3 entre fam\u00edlies a trav\u00e9s de la participaci\u00f3 d\u2019un projecte com\u00fa.<\/p>\n<p style=\"padding-left: 60px;\">Millorar quantitativament i qualitativa els recursos did\u00e0ctics disponibles al centre.<\/p>\n<p style=\"text-align: justify;\">\u00a0En definitiva, des d\u2019una idea inicial sustentada en avantatges econ\u00f2mics s\u2019ha passat a un refor\u00e7 de l\u2019educaci\u00f3 en valors com s\u00f3n el respecte per all\u00f2 que \u00e9s de tots, el compartir materials comuns, la solidaritat i l\u2019esperit cooperatiu.<\/p>\n<p><span style=\"color: #094098;\">\u00a0<strong>Antecedents<\/strong>.<\/span><\/p>\n<p>El Ceip Mowgli va iniciar l\u2019experi\u00e8ncia de socialitzar els llibres de text el curs 1997-1998 arran d\u2019una proposta del Claustre de Mestres. Un cop posats d\u2019acord tots els estaments de la comunitat educativa (Consell Escolar i AMPA) es decid\u00ed que fos aquesta \u00faltima l\u2019encarregada de gestionar el projecte.<\/p>\n<p>Donat que \u00e9s a partir de Cicle Mitj\u00e0 on els llibres de text no s\u00f3n fungibles es restring\u00ed aquest Projecte als cursos de 3r a 6\u00e8 d\u2019Educaci\u00f3 Prim\u00e0ria. El Claustre de Mestres va aprovar el llistat de material no fungible necessari i l\u2019AMPA va procedir a la seva compra. El mes de setembre es procedeix al lliurament dels llibres de text a tots els associats de l\u2019AMPA, juntament amb la compra que aquests realitzen de la resta de material (quaderns i llibres d\u2019activitats) que s\u00f3n fungibles.<\/p>\n<p><strong><span style=\"color: #094098;\">\u00a0<\/span><span style=\"color: #094098;\">Funcionament<\/span><span style=\"color: #094098;\">.<\/span><\/strong><\/p>\n<p>En iniciar els alumnes el 3r curs es comprometen per escrit, juntament amb els seus pares o tutors, a tenir cura dels llibres rebuts i a fer-ne efectiu el reintegrament si s\u00f3n retornats malmesos per qualsevol altra causa que no sigui la produ\u00efda pel natural desgast. De totes maneres, tant en iniciar el curs com durant el mateix es recorda als alumnes la necessitat que tenen de tenir cura dels llibres i del seu bon \u00fas.<\/p>\n<p>A final de curs els tutors examinen l\u2019estat dels llibres que si \u00e9s satisfactori s\u00f3n recollits i guardats per al curs seg\u00fcent. En cas contrari s\u00f3n retornats a l\u2019alumne juntament amb una nota per als pares perqu\u00e8 en facin efectiu el seu reemborsament.<\/p>\n<p>A partir de la participaci\u00f3 en el \u2018Programa Cooperatiu per al foment de la reutilitzaci\u00f3 de llibres de text i material did\u00e0ctic complementari\u2019 convocat segons la Resoluci\u00f3 EDC\/1434\/2005 de 9 de maig (DOGC 4384 \u2013 13\/05\/2005), s\u2019estableix una Comissi\u00f3 de seguiment i gesti\u00f3 de llibres de text al s\u00ed del Consell Escolar del centre.<\/p>\n<p><strong><span style=\"color: #094098;\">\u00a0<\/span><span style=\"color: #094098;\">Valoraci\u00f3<\/span><span style=\"color: #094098;\">.<\/span><\/strong><\/p>\n<p>La valoraci\u00f3 de la marxa del Projecte despr\u00e9s de tots aquests cursos \u00e9s positiva. A hores d\u2019ara ning\u00fa es q\u00fcestiona la viabilitat del projecte, tothom ho considera el m\u00e9s natural i \u00e9s considerat una experi\u00e8ncia positiva, tant per als alumnes (que treballen de forma pr\u00e0ctica els valors esmentats en els Objectius) com pels pares (que s\u2019estalvien una bona pila de diners).<\/p>\n","protected":false},"excerpt":{"rendered":"<p>L&#8217;\u00fas compartit i la reutilitzaci\u00f3 dels llibres de text contribueixen al foment de l&#8217;equitat i fan vius, entre l&#8217;alumnat i les seves fam\u00edlies, valors com ara la coresponsabilitat i la solidaritat. A m\u00e9s, la cura dels llibres i del material did\u00e0ctic d&#8217;\u00fas com\u00fa i la&hellip;  <a href=\"https:\/\/agora.xtec.cat\/ceipmowgli\/projectes\/projecte-de-reutilitzacio-i-socialitzacio-de-llibres-de-text\/\" title=\"Read Projecte de Reutilitzaci\u00f3 i Socialitzaci\u00f3 de llibres de text\">Llegeix m\u00e9s\u00bb<\/a><\/p>\n","protected":false},"author":1,"featured_media":0,"parent":3969,"menu_order":5,"comment_status":"closed","ping_status":"closed","template":"page-templates\/side-menu.php","meta":{"_bbp_topic_count":0,"_bbp_reply_count":0,"_bbp_total_topic_count":0,"_bbp_total_reply_count":0,"_bbp_voice_count":0,"_bbp_anonymous_reply_count":0,"_bbp_topic_count_hidden":0,"_bbp_reply_count_hidden":0,"_bbp_forum_subforum_count":0,"footnotes":""},"class_list":["post-3976","page","type-page","status-publish","hentry"],"post_mailing_queue_ids":[],"_links":{"self":[{"href":"https:\/\/agora.xtec.cat\/ceipmowgli\/wp-json\/wp\/v2\/pages\/3976","targetHints":{"allow":["GET"]}}],"collection":[{"href":"https:\/\/agora.xtec.cat\/ceipmowgli\/wp-json\/wp\/v2\/pages"}],"about":[{"href":"https:\/\/agora.xtec.cat\/ceipmowgli\/wp-json\/wp\/v2\/types\/page"}],"author":[{"embeddable":true,"href":"https:\/\/agora.xtec.cat\/ceipmowgli\/wp-json\/wp\/v2\/users\/1"}],"replies":[{"embeddable":true,"href":"https:\/\/agora.xtec.cat\/ceipmowgli\/wp-json\/wp\/v2\/comments?post=3976"}],"version-history":[{"count":2,"href":"https:\/\/agora.xtec.cat\/ceipmowgli\/wp-json\/wp\/v2\/pages\/3976\/revisions"}],"predecessor-version":[{"id":3978,"href":"https:\/\/agora.xtec.cat\/ceipmowgli\/wp-json\/wp\/v2\/pages\/3976\/revisions\/3978"}],"up":[{"embeddable":true,"href":"https:\/\/agora.xtec.cat\/ceipmowgli\/wp-json\/wp\/v2\/pages\/3969"}],"wp:attachment":[{"href":"https:\/\/agora.xtec.cat\/ceipmowgli\/wp-json\/wp\/v2\/media?parent=3976"}],"curies":[{"name":"wp","href":"https:\/\/api.w.org\/{rel}","templated":true}]}}