{"id":64,"date":"2014-09-18T12:39:08","date_gmt":"2014-09-18T11:39:08","guid":{"rendered":"http:\/\/agora.xtec.cat\/ceipmoradebre\/?page_id=64"},"modified":"2025-12-11T16:00:01","modified_gmt":"2025-12-11T15:00:01","slug":"projecte-educatiu","status":"publish","type":"page","link":"https:\/\/agora.xtec.cat\/ceipmoradebre\/projecte-educatiu\/","title":{"rendered":"Projectes del centre"},"content":{"rendered":"<p data-start=\"112\" data-end=\"401\">Els projectes de centre recullen les l\u00ednies d\u2019actuaci\u00f3 que defineixen la nostra manera d\u2019entendre i organitzar l\u2019educaci\u00f3. A trav\u00e9s d\u2019aquests projectes impulsem iniciatives que reforcen els aprenentatges, la participaci\u00f3 de la comunitat educativa i la coher\u00e8ncia pedag\u00f2gica del centre.<\/p>\n<p data-start=\"403\" data-end=\"729\">Cada projecte respon a objectius concrets i est\u00e0 planificat per donar continu\u00eftat al treball que es realitza en els diferents nivells educatius. Treballem de manera coordinada per garantir que totes les actuacions contribueixin a millorar la qualitat educativa i a oferir un entorn d\u2019aprenentatge consistent i ben estructurat.<\/p>\n<p data-start=\"731\" data-end=\"890\">Els projectes de centre s\u00f3n, doncs, una eina essencial per avan\u00e7ar cap a una escola organitzada, eficient i orientada al desenvolupament integral de l\u2019alumnat.<\/p>\n","protected":false},"excerpt":{"rendered":"<p>Els projectes de centre recullen les l\u00ednies d\u2019actuaci\u00f3 que defineixen la nostra manera d\u2019entendre i organitzar l\u2019educaci\u00f3. A trav\u00e9s d\u2019aquests projectes impulsem iniciatives que reforcen els aprenentatges, la participaci\u00f3 de la comunitat educativa i la coher\u00e8ncia pedag\u00f2gica del centre. Cada projecte respon a objectius concrets i est\u00e0 planificat per donar continu\u00eftat al treball que es [&hellip;]<\/p>\n","protected":false},"author":1,"featured_media":0,"parent":0,"menu_order":0,"comment_status":"closed","ping_status":"closed","template":"","meta":{"_bbp_topic_count":0,"_bbp_reply_count":0,"_bbp_total_topic_count":0,"_bbp_total_reply_count":0,"_bbp_voice_count":0,"_bbp_anonymous_reply_count":0,"_bbp_topic_count_hidden":0,"_bbp_reply_count_hidden":0,"_bbp_forum_subforum_count":0,"site-sidebar-layout":"default","site-content-layout":"","ast-site-content-layout":"default","site-content-style":"default","site-sidebar-style":"default","ast-global-header-display":"","ast-banner-title-visibility":"","ast-main-header-display":"","ast-hfb-above-header-display":"","ast-hfb-below-header-display":"","ast-hfb-mobile-header-display":"","site-post-title":"","ast-breadcrumbs-content":"","ast-featured-img":"","footer-sml-layout":"","theme-transparent-header-meta":"default","adv-header-id-meta":"","stick-header-meta":"","header-above-stick-meta":"","header-main-stick-meta":"","header-below-stick-meta":"","astra-migrate-meta-layouts":"set","ast-page-background-enabled":"default","ast-page-background-meta":{"desktop":{"background-color":"var(--ast-global-color-4)","background-image":"","background-repeat":"repeat","background-position":"center center","background-size":"auto","background-attachment":"scroll","background-type":"","background-media":"","overlay-type":"","overlay-color":"","overlay-opacity":"","overlay-gradient":""},"tablet":{"background-color":"","background-image":"","background-repeat":"repeat","background-position":"center center","background-size":"auto","background-attachment":"scroll","background-type":"","background-media":"","overlay-type":"","overlay-color":"","overlay-opacity":"","overlay-gradient":""},"mobile":{"background-color":"","background-image":"","background-repeat":"repeat","background-position":"center center","background-size":"auto","background-attachment":"scroll","background-type":"","background-media":"","overlay-type":"","overlay-color":"","overlay-opacity":"","overlay-gradient":""}},"ast-content-background-meta":{"desktop":{"background-color":"var(--ast-global-color-5)","background-image":"","background-repeat":"repeat","background-position":"center center","background-size":"auto","background-attachment":"scroll","background-type":"","background-media":"","overlay-type":"","overlay-color":"","overlay-opacity":"","overlay-gradient":""},"tablet":{"background-color":"var(--ast-global-color-5)","background-image":"","background-repeat":"repeat","background-position":"center center","background-size":"auto","background-attachment":"scroll","background-type":"","background-media":"","overlay-type":"","overlay-color":"","overlay-opacity":"","overlay-gradient":""},"mobile":{"background-color":"var(--ast-global-color-5)","background-image":"","background-repeat":"repeat","background-position":"center center","background-size":"auto","background-attachment":"scroll","background-type":"","background-media":"","overlay-type":"","overlay-color":"","overlay-opacity":"","overlay-gradient":""}},"footnotes":""},"class_list":["post-64","page","type-page","status-publish","hentry"],"post_mailing_queue_ids":[],"_links":{"self":[{"href":"https:\/\/agora.xtec.cat\/ceipmoradebre\/wp-json\/wp\/v2\/pages\/64","targetHints":{"allow":["GET"]}}],"collection":[{"href":"https:\/\/agora.xtec.cat\/ceipmoradebre\/wp-json\/wp\/v2\/pages"}],"about":[{"href":"https:\/\/agora.xtec.cat\/ceipmoradebre\/wp-json\/wp\/v2\/types\/page"}],"author":[{"embeddable":true,"href":"https:\/\/agora.xtec.cat\/ceipmoradebre\/wp-json\/wp\/v2\/users\/1"}],"replies":[{"embeddable":true,"href":"https:\/\/agora.xtec.cat\/ceipmoradebre\/wp-json\/wp\/v2\/comments?post=64"}],"version-history":[{"count":5,"href":"https:\/\/agora.xtec.cat\/ceipmoradebre\/wp-json\/wp\/v2\/pages\/64\/revisions"}],"predecessor-version":[{"id":6761,"href":"https:\/\/agora.xtec.cat\/ceipmoradebre\/wp-json\/wp\/v2\/pages\/64\/revisions\/6761"}],"wp:attachment":[{"href":"https:\/\/agora.xtec.cat\/ceipmoradebre\/wp-json\/wp\/v2\/media?parent=64"}],"curies":[{"name":"wp","href":"https:\/\/api.w.org\/{rel}","templated":true}]}}