{"id":28,"date":"2014-09-18T12:29:35","date_gmt":"2014-09-18T11:29:35","guid":{"rendered":"http:\/\/agora.xtec.cat\/ceipmoradebre\/?page_id=28"},"modified":"2026-03-24T16:05:58","modified_gmt":"2026-03-24T15:05:58","slug":"consell-escolar","status":"publish","type":"page","link":"https:\/\/agora.xtec.cat\/ceipmoradebre\/lescola\/consell-escolar\/","title":{"rendered":"Consell escolar"},"content":{"rendered":"<p>El Consell Escolar de la nostra escola est\u00e0 format per:<\/p>\n<ul>\n<li>Presidenta: Elisenda Ventura Gabriel.<\/li>\n<li>Secret\u00e0ria: Josep Albiac Vi\u00f1olas.<\/li>\n<li>Cap d\u2019Estudis: Meritxell Masip.<\/li>\n<li>AFA: Judith Alguer\u00f3 Llop<\/li>\n<li>Mestres: Montserrat Baiges Escola, Maria Jos\u00e9 Fern\u00e1ndez Adell, Neus Ana Francisco GarciaM\u00edriam Bosch Gil,\u00a0Imma Mel\u00e9ndez Calero i\u00a0Josep Gonz\u00e1lez Grau<\/li>\n<li>Pares: N\u00faria Cambra Vernet, Andrea Serena Franch, Antonia Maria Rodr\u00edguez Guerrero, Oscar Campos Gonz\u00e1lez i Anna Vall\u00e8s Villoldo<\/li>\n<li>PAS: Maril\u00f3 Juli\u00e0 P\u00e9rez<\/li>\n<li>PAE: Marina Bargall\u00f3 Ferr\u00e9<\/li>\n<li>Ajuntament: Maria Rodr\u00edguez<\/li>\n<\/ul>\n","protected":false},"excerpt":{"rendered":"<p>El Consell Escolar de la nostra escola est\u00e0 format per: Presidenta: Elisenda Ventura Gabriel. Secret\u00e0ria: Josep Albiac Vi\u00f1olas. Cap d\u2019Estudis: Meritxell Masip. AFA: Judith Alguer\u00f3 Llop Mestres: Montserrat Baiges Escola, Maria Jos\u00e9 Fern\u00e1ndez Adell, Neus Ana Francisco GarciaM\u00edriam Bosch Gil,\u00a0Imma Mel\u00e9ndez Calero i\u00a0Josep Gonz\u00e1lez Grau Pares: N\u00faria Cambra Vernet, Andrea Serena Franch, Antonia Maria Rodr\u00edguez [&hellip;]<\/p>\n","protected":false},"author":1,"featured_media":0,"parent":22,"menu_order":30,"comment_status":"closed","ping_status":"closed","template":"","meta":{"_bbp_topic_count":0,"_bbp_reply_count":0,"_bbp_total_topic_count":0,"_bbp_total_reply_count":0,"_bbp_voice_count":0,"_bbp_anonymous_reply_count":0,"_bbp_topic_count_hidden":0,"_bbp_reply_count_hidden":0,"_bbp_forum_subforum_count":0,"site-sidebar-layout":"default","site-content-layout":"","ast-site-content-layout":"default","site-content-style":"default","site-sidebar-style":"default","ast-global-header-display":"","ast-banner-title-visibility":"","ast-main-header-display":"","ast-hfb-above-header-display":"","ast-hfb-below-header-display":"","ast-hfb-mobile-header-display":"","site-post-title":"","ast-breadcrumbs-content":"","ast-featured-img":"","footer-sml-layout":"","theme-transparent-header-meta":"default","adv-header-id-meta":"","stick-header-meta":"","header-above-stick-meta":"","header-main-stick-meta":"","header-below-stick-meta":"","astra-migrate-meta-layouts":"set","ast-page-background-enabled":"default","ast-page-background-meta":{"desktop":{"background-color":"var(--ast-global-color-4)","background-image":"","background-repeat":"repeat","background-position":"center center","background-size":"auto","background-attachment":"scroll","background-type":"","background-media":"","overlay-type":"","overlay-color":"","overlay-opacity":"","overlay-gradient":""},"tablet":{"background-color":"","background-image":"","background-repeat":"repeat","background-position":"center center","background-size":"auto","background-attachment":"scroll","background-type":"","background-media":"","overlay-type":"","overlay-color":"","overlay-opacity":"","overlay-gradient":""},"mobile":{"background-color":"","background-image":"","background-repeat":"repeat","background-position":"center center","background-size":"auto","background-attachment":"scroll","background-type":"","background-media":"","overlay-type":"","overlay-color":"","overlay-opacity":"","overlay-gradient":""}},"ast-content-background-meta":{"desktop":{"background-color":"var(--ast-global-color-5)","background-image":"","background-repeat":"repeat","background-position":"center center","background-size":"auto","background-attachment":"scroll","background-type":"","background-media":"","overlay-type":"","overlay-color":"","overlay-opacity":"","overlay-gradient":""},"tablet":{"background-color":"var(--ast-global-color-5)","background-image":"","background-repeat":"repeat","background-position":"center center","background-size":"auto","background-attachment":"scroll","background-type":"","background-media":"","overlay-type":"","overlay-color":"","overlay-opacity":"","overlay-gradient":""},"mobile":{"background-color":"var(--ast-global-color-5)","background-image":"","background-repeat":"repeat","background-position":"center center","background-size":"auto","background-attachment":"scroll","background-type":"","background-media":"","overlay-type":"","overlay-color":"","overlay-opacity":"","overlay-gradient":""}},"footnotes":""},"class_list":["post-28","page","type-page","status-publish","hentry"],"post_mailing_queue_ids":[],"_links":{"self":[{"href":"https:\/\/agora.xtec.cat\/ceipmoradebre\/wp-json\/wp\/v2\/pages\/28","targetHints":{"allow":["GET"]}}],"collection":[{"href":"https:\/\/agora.xtec.cat\/ceipmoradebre\/wp-json\/wp\/v2\/pages"}],"about":[{"href":"https:\/\/agora.xtec.cat\/ceipmoradebre\/wp-json\/wp\/v2\/types\/page"}],"author":[{"embeddable":true,"href":"https:\/\/agora.xtec.cat\/ceipmoradebre\/wp-json\/wp\/v2\/users\/1"}],"replies":[{"embeddable":true,"href":"https:\/\/agora.xtec.cat\/ceipmoradebre\/wp-json\/wp\/v2\/comments?post=28"}],"version-history":[{"count":4,"href":"https:\/\/agora.xtec.cat\/ceipmoradebre\/wp-json\/wp\/v2\/pages\/28\/revisions"}],"predecessor-version":[{"id":6829,"href":"https:\/\/agora.xtec.cat\/ceipmoradebre\/wp-json\/wp\/v2\/pages\/28\/revisions\/6829"}],"up":[{"embeddable":true,"href":"https:\/\/agora.xtec.cat\/ceipmoradebre\/wp-json\/wp\/v2\/pages\/22"}],"wp:attachment":[{"href":"https:\/\/agora.xtec.cat\/ceipmoradebre\/wp-json\/wp\/v2\/media?parent=28"}],"curies":[{"name":"wp","href":"https:\/\/api.w.org\/{rel}","templated":true}]}}