{"id":2674,"date":"2021-02-12T16:02:29","date_gmt":"2021-02-12T15:02:29","guid":{"rendered":"http:\/\/agora.xtec.cat\/ceipmoradebre\/?page_id=2674"},"modified":"2025-11-25T10:03:35","modified_gmt":"2025-11-25T09:03:35","slug":"projectes-educatius","status":"publish","type":"page","link":"https:\/\/agora.xtec.cat\/ceipmoradebre\/projectes-educatius\/","title":{"rendered":"Projectes Educatius"},"content":{"rendered":"<p>Els documents de centre s\u00f3n aquells documents que apliquen la normativa del Departament en el marc de cadascuna de les escoles i en cadascun dels \u00e0mbits: normatiu, organitzatiu, de gesti\u00f3 de personal o de recursos, pedag\u00f2gics. Molts d\u2019aquests documents neixen del PEC: el projecte educatiu de centre.<\/p>\n<ol>\n<li><a href=\"https:\/\/agora.xtec.cat\/ceipmoradebre\/wp-content\/uploads\/usu1733\/2022\/06\/PEC2022definitiu.pdf\">Projecte Educatiu de Centre.<\/a> PEC.<em>\u00a0<\/em><\/li>\n<li><a href=\"https:\/\/agora.xtec.cat\/ceipmoradebre\/wp-content\/uploads\/usu1733\/2025\/09\/PROGRAMACIO-GENERAL-ANUAL-25-26-web-.SIG_.pdf\">Programaci\u00f3 general anual 2025-2026<\/a>. PGA<\/li>\n<li><a href=\"https:\/\/agora.xtec.cat\/ceipmoradebre\/wp-content\/uploads\/usu1733\/2022\/06\/PROJECTE-LINGUISTIC-2022j.SIG_.pdf\">Projecte Ling\u00fc\u00edstic.<\/a><\/li>\n<li><a href=\"https:\/\/agora.xtec.cat\/ceipmoradebre\/wp-content\/uploads\/usu1733\/2025\/06\/NOFC-ESCOLA-LLUIS-VINAS-2024-25_actualitzat.SIG_.pdf\">NOFC. <\/a><\/li>\n<li><a href=\"https:\/\/agora.xtec.cat\/ceipmoradebre\/wp-content\/uploads\/usu1733\/2022\/06\/PLA-ACOLLIDA-2022.pdf\">Pla d&#8217;Acollida.<\/a><\/li>\n<li><a href=\"https:\/\/sites.google.com\/xtec.cat\/estratgiadigitaldecentreescola\/inicio\">Estrat\u00e8gia digital de Centre. EDC<\/a><a href=\"https:\/\/sites.google.com\/xtec.cat\/estratgiadigitaldecentreescola\/inicio\">.<\/a><\/li>\n<li><a href=\"https:\/\/agora.xtec.cat\/ceipmoradebre\/wp-content\/uploads\/usu1733\/2025\/11\/Pla-de-menjador-2020-signat.pdf\">Pla de menjador. <\/a><\/li>\n<li><a href=\"https:\/\/agora.xtec.cat\/ceipmoradebre\/wp-content\/uploads\/usu1733\/2024\/06\/PdC2024.pdf\">Projecte de conviv\u00e8ncia<\/a>.<\/li>\n<li>Pla<a href=\"https:\/\/agora.xtec.cat\/ceipmoradebre\/wp-content\/uploads\/usu1733\/2025\/06\/PAT_2025.pdf\"> d&#8217;acci\u00f3 tutorial. PAT<\/a><\/li>\n<\/ol>\n<p>&nbsp;<\/p>\n","protected":false},"excerpt":{"rendered":"<p>Els documents de centre s\u00f3n aquells documents que apliquen la normativa del Departament en el marc de cadascuna de les escoles i en cadascun dels \u00e0mbits: normatiu, organitzatiu, de gesti\u00f3 de personal o de recursos, pedag\u00f2gics. Molts d\u2019aquests documents neixen del PEC: el projecte educatiu de centre. Projecte Educatiu de Centre. PEC.\u00a0 Programaci\u00f3 general anual [&hellip;]<\/p>\n","protected":false},"author":1,"featured_media":0,"parent":0,"menu_order":0,"comment_status":"closed","ping_status":"closed","template":"","meta":{"_bbp_topic_count":0,"_bbp_reply_count":0,"_bbp_total_topic_count":0,"_bbp_total_reply_count":0,"_bbp_voice_count":0,"_bbp_anonymous_reply_count":0,"_bbp_topic_count_hidden":0,"_bbp_reply_count_hidden":0,"_bbp_forum_subforum_count":0,"site-sidebar-layout":"default","site-content-layout":"","ast-site-content-layout":"","site-content-style":"default","site-sidebar-style":"default","ast-global-header-display":"","ast-banner-title-visibility":"","ast-main-header-display":"","ast-hfb-above-header-display":"","ast-hfb-below-header-display":"","ast-hfb-mobile-header-display":"","site-post-title":"","ast-breadcrumbs-content":"","ast-featured-img":"","footer-sml-layout":"","theme-transparent-header-meta":"","adv-header-id-meta":"","stick-header-meta":"","header-above-stick-meta":"","header-main-stick-meta":"","header-below-stick-meta":"","astra-migrate-meta-layouts":"default","ast-page-background-enabled":"default","ast-page-background-meta":{"desktop":{"background-color":"var(--ast-global-color-4)","background-image":"","background-repeat":"repeat","background-position":"center center","background-size":"auto","background-attachment":"scroll","background-type":"","background-media":"","overlay-type":"","overlay-color":"","overlay-opacity":"","overlay-gradient":""},"tablet":{"background-color":"","background-image":"","background-repeat":"repeat","background-position":"center center","background-size":"auto","background-attachment":"scroll","background-type":"","background-media":"","overlay-type":"","overlay-color":"","overlay-opacity":"","overlay-gradient":""},"mobile":{"background-color":"","background-image":"","background-repeat":"repeat","background-position":"center center","background-size":"auto","background-attachment":"scroll","background-type":"","background-media":"","overlay-type":"","overlay-color":"","overlay-opacity":"","overlay-gradient":""}},"ast-content-background-meta":{"desktop":{"background-color":"var(--ast-global-color-5)","background-image":"","background-repeat":"repeat","background-position":"center center","background-size":"auto","background-attachment":"scroll","background-type":"","background-media":"","overlay-type":"","overlay-color":"","overlay-opacity":"","overlay-gradient":""},"tablet":{"background-color":"var(--ast-global-color-5)","background-image":"","background-repeat":"repeat","background-position":"center center","background-size":"auto","background-attachment":"scroll","background-type":"","background-media":"","overlay-type":"","overlay-color":"","overlay-opacity":"","overlay-gradient":""},"mobile":{"background-color":"var(--ast-global-color-5)","background-image":"","background-repeat":"repeat","background-position":"center center","background-size":"auto","background-attachment":"scroll","background-type":"","background-media":"","overlay-type":"","overlay-color":"","overlay-opacity":"","overlay-gradient":""}},"footnotes":""},"class_list":["post-2674","page","type-page","status-publish","hentry"],"post_mailing_queue_ids":[],"_links":{"self":[{"href":"https:\/\/agora.xtec.cat\/ceipmoradebre\/wp-json\/wp\/v2\/pages\/2674","targetHints":{"allow":["GET"]}}],"collection":[{"href":"https:\/\/agora.xtec.cat\/ceipmoradebre\/wp-json\/wp\/v2\/pages"}],"about":[{"href":"https:\/\/agora.xtec.cat\/ceipmoradebre\/wp-json\/wp\/v2\/types\/page"}],"author":[{"embeddable":true,"href":"https:\/\/agora.xtec.cat\/ceipmoradebre\/wp-json\/wp\/v2\/users\/1"}],"replies":[{"embeddable":true,"href":"https:\/\/agora.xtec.cat\/ceipmoradebre\/wp-json\/wp\/v2\/comments?post=2674"}],"version-history":[{"count":7,"href":"https:\/\/agora.xtec.cat\/ceipmoradebre\/wp-json\/wp\/v2\/pages\/2674\/revisions"}],"predecessor-version":[{"id":6719,"href":"https:\/\/agora.xtec.cat\/ceipmoradebre\/wp-json\/wp\/v2\/pages\/2674\/revisions\/6719"}],"wp:attachment":[{"href":"https:\/\/agora.xtec.cat\/ceipmoradebre\/wp-json\/wp\/v2\/media?parent=2674"}],"curies":[{"name":"wp","href":"https:\/\/api.w.org\/{rel}","templated":true}]}}