{"id":2234,"date":"2020-11-04T16:09:55","date_gmt":"2020-11-04T15:09:55","guid":{"rendered":"http:\/\/agora.xtec.cat\/ceipmoradebre\/?page_id=2234"},"modified":"2025-12-11T16:19:50","modified_gmt":"2025-12-11T15:19:50","slug":"projectes","status":"publish","type":"page","link":"https:\/\/agora.xtec.cat\/ceipmoradebre\/projectes\/","title":{"rendered":"Projectes d&#8217;innovaci\u00f3"},"content":{"rendered":"<p data-path-to-node=\"1\">Aquesta pestanya mostra l&#8217;esfor\u00e7 continu del nostre centre per <b>millorar i transformar l&#8217;educaci\u00f3<\/b> que oferim.<\/p>\n<p data-path-to-node=\"2\">La innovaci\u00f3 \u00e9s el motor que ens permet adaptar-nos als reptes actuals i preparar els nostres estudiants per al futur.<\/p>\n","protected":false},"excerpt":{"rendered":"<p>Aquesta pestanya mostra l&#8217;esfor\u00e7 continu del nostre centre per millorar i transformar l&#8217;educaci\u00f3 que oferim. La innovaci\u00f3 \u00e9s el motor que ens permet adaptar-nos als reptes actuals i preparar els nostres estudiants per al futur.<\/p>\n","protected":false},"author":1,"featured_media":0,"parent":0,"menu_order":0,"comment_status":"closed","ping_status":"closed","template":"","meta":{"_bbp_topic_count":0,"_bbp_reply_count":0,"_bbp_total_topic_count":0,"_bbp_total_reply_count":0,"_bbp_voice_count":0,"_bbp_anonymous_reply_count":0,"_bbp_topic_count_hidden":0,"_bbp_reply_count_hidden":0,"_bbp_forum_subforum_count":0,"site-sidebar-layout":"default","site-content-layout":"","ast-site-content-layout":"default","site-content-style":"default","site-sidebar-style":"default","ast-global-header-display":"","ast-banner-title-visibility":"","ast-main-header-display":"","ast-hfb-above-header-display":"","ast-hfb-below-header-display":"","ast-hfb-mobile-header-display":"","site-post-title":"","ast-breadcrumbs-content":"","ast-featured-img":"","footer-sml-layout":"","theme-transparent-header-meta":"default","adv-header-id-meta":"","stick-header-meta":"","header-above-stick-meta":"","header-main-stick-meta":"","header-below-stick-meta":"","astra-migrate-meta-layouts":"set","ast-page-background-enabled":"default","ast-page-background-meta":{"desktop":{"background-color":"var(--ast-global-color-4)","background-image":"","background-repeat":"repeat","background-position":"center center","background-size":"auto","background-attachment":"scroll","background-type":"","background-media":"","overlay-type":"","overlay-color":"","overlay-opacity":"","overlay-gradient":""},"tablet":{"background-color":"","background-image":"","background-repeat":"repeat","background-position":"center center","background-size":"auto","background-attachment":"scroll","background-type":"","background-media":"","overlay-type":"","overlay-color":"","overlay-opacity":"","overlay-gradient":""},"mobile":{"background-color":"","background-image":"","background-repeat":"repeat","background-position":"center center","background-size":"auto","background-attachment":"scroll","background-type":"","background-media":"","overlay-type":"","overlay-color":"","overlay-opacity":"","overlay-gradient":""}},"ast-content-background-meta":{"desktop":{"background-color":"var(--ast-global-color-5)","background-image":"","background-repeat":"repeat","background-position":"center center","background-size":"auto","background-attachment":"scroll","background-type":"","background-media":"","overlay-type":"","overlay-color":"","overlay-opacity":"","overlay-gradient":""},"tablet":{"background-color":"var(--ast-global-color-5)","background-image":"","background-repeat":"repeat","background-position":"center center","background-size":"auto","background-attachment":"scroll","background-type":"","background-media":"","overlay-type":"","overlay-color":"","overlay-opacity":"","overlay-gradient":""},"mobile":{"background-color":"var(--ast-global-color-5)","background-image":"","background-repeat":"repeat","background-position":"center center","background-size":"auto","background-attachment":"scroll","background-type":"","background-media":"","overlay-type":"","overlay-color":"","overlay-opacity":"","overlay-gradient":""}},"footnotes":""},"class_list":["post-2234","page","type-page","status-publish","hentry"],"post_mailing_queue_ids":[],"_links":{"self":[{"href":"https:\/\/agora.xtec.cat\/ceipmoradebre\/wp-json\/wp\/v2\/pages\/2234","targetHints":{"allow":["GET"]}}],"collection":[{"href":"https:\/\/agora.xtec.cat\/ceipmoradebre\/wp-json\/wp\/v2\/pages"}],"about":[{"href":"https:\/\/agora.xtec.cat\/ceipmoradebre\/wp-json\/wp\/v2\/types\/page"}],"author":[{"embeddable":true,"href":"https:\/\/agora.xtec.cat\/ceipmoradebre\/wp-json\/wp\/v2\/users\/1"}],"replies":[{"embeddable":true,"href":"https:\/\/agora.xtec.cat\/ceipmoradebre\/wp-json\/wp\/v2\/comments?post=2234"}],"version-history":[{"count":4,"href":"https:\/\/agora.xtec.cat\/ceipmoradebre\/wp-json\/wp\/v2\/pages\/2234\/revisions"}],"predecessor-version":[{"id":6770,"href":"https:\/\/agora.xtec.cat\/ceipmoradebre\/wp-json\/wp\/v2\/pages\/2234\/revisions\/6770"}],"wp:attachment":[{"href":"https:\/\/agora.xtec.cat\/ceipmoradebre\/wp-json\/wp\/v2\/media?parent=2234"}],"curies":[{"name":"wp","href":"https:\/\/api.w.org\/{rel}","templated":true}]}}